{"id":1470,"date":"2022-08-26T15:50:12","date_gmt":"2022-08-26T13:50:12","guid":{"rendered":"https:\/\/www.malmberg.se\/de-new\/vad-vi-gor\/energi\/geoenergi\/"},"modified":"2026-04-07T08:49:51","modified_gmt":"2026-04-07T06:49:51","slug":"geoenergi","status":"publish","type":"page","link":"https:\/\/www.malmberg.se\/de\/was-wir-tun\/energieloesungen\/geoenergi\/","title":{"rendered":"Malmberg EnerGeo"},"content":{"rendered":"\n<div style=\"height:32px\" aria-hidden=\"true\" class=\"wp-block-spacer\"><\/div>\n\n\n\n<section id=\"content-beside-img-section-block_fcff508710c4227ee1ebd5c7622773c9\" class=\"content-beside-img-section max-width-wide max-width-extra-wide alignfull content_beside_img_section center-h paddingside\">\n    <div class=\"img_wrapper\">\n                   <img decoding=\"async\" src=\"https:\/\/www.malmberg.se\/de\/wp-content\/uploads\/sites\/2\/2022\/09\/geoenergi-2.jpg\" alt=\"\" class=\"center-h\">\n            <\/div>\n    <div class=\"content_ bg_white paddingall\">\n        <div class=\"inner\">\n           <h3>Malmberg EnerGeo<\/h3>\n<p>Malmberg EnerGeo ist unsere vorgefertigte, schl\u00fcsselfertige L\u00f6sung f\u00fcr Geothermie, die den Energieverbrauch effektiv um 60-80% reduziert. Unsere innovative Technologie versorgt verschiedene Geb\u00e4udetypen sowohl mit W\u00e4rme als auch mit K\u00e4lte und ist mit hybriden L\u00f6sungen kompatibel. Malmberg EnerGeo wird mit dem integrierten Malmberg FeniX-Kontrollsystem geliefert, das eine einfache Handhabung erm\u00f6glicht.<\/p>\n<p>Mit Malmberg EnerGeo steigt der Wert Ihrer Immobilie, w\u00e4hrend Sie von einer energieeffizienten Heizung und K\u00fchlung aus derselben Quelle profitieren. Energieboreholes werden verwendet, um Energie \u00fcber die Jahreszeiten zu speichern, was eine lokale Energieproduktion erm\u00f6glicht und sowohl CO2-Emissionen als auch den Bedarf an zugekaufter Prim\u00e4renergie reduziert. Unsere L\u00f6sung ist auch resistent gegen\u00fcber zuk\u00fcnftigen Energiepreiserh\u00f6hungen, was langfristige Nachhaltigkeit und wirtschaftliche Vorteile bietet.<\/p>\n        <\/div>\n    <\/div>\n        <style type=\"text\/css\">\n            #content-beside-img-section-block_fcff508710c4227ee1ebd5c7622773c9 {\n\n            }\n        <\/style>\n<\/section><!-- .content_beside_img_section -->\n\n\n<div style=\"height:32px\" aria-hidden=\"true\" class=\"wp-block-spacer\"><\/div>\n\n\n\n<h1 class=\"wp-block-heading has-text-align-center\">Unsere vorgefertigte L\u00f6sung<\/h1>\n\n\n\n<div style=\"height:64px\" aria-hidden=\"true\" class=\"wp-block-spacer\"><\/div>\n\n\n\n<figure class=\"wp-block-image size-large\"><img loading=\"lazy\" decoding=\"async\" width=\"1024\" height=\"712\" src=\"https:\/\/www.malmberg.se\/no\/wp-content\/uploads\/sites\/2\/2024\/06\/energeo-explain-komp-1024x712.png\" alt=\"\" class=\"wp-image-2498\" srcset=\"https:\/\/www.malmberg.se\/de\/wp-content\/uploads\/sites\/2\/2024\/06\/energeo-explain-komp-1024x712.png 1024w, https:\/\/www.malmberg.se\/de\/wp-content\/uploads\/sites\/2\/2024\/06\/energeo-explain-komp-300x209.png 300w, https:\/\/www.malmberg.se\/de\/wp-content\/uploads\/sites\/2\/2024\/06\/energeo-explain-komp-768x534.png 768w, https:\/\/www.malmberg.se\/de\/wp-content\/uploads\/sites\/2\/2024\/06\/energeo-explain-komp.png 1200w\" sizes=\"auto, (max-width: 1024px) 100vw, 1024px\" \/><\/figure>\n\n\n\n<div style=\"height:32px\" aria-hidden=\"true\" class=\"wp-block-spacer\"><\/div>\n\n\n\n<div class=\"wp-block-columns is-layout-flex wp-container-core-columns-is-layout-9d6595d7 wp-block-columns-is-layout-flex\">\n<div class=\"wp-block-column is-layout-flow wp-block-column-is-layout-flow\" style=\"flex-basis:50%\">\n<ul class=\"wp-block-list\">\n<li>Vorgefertigte, schl\u00fcsselfertige L\u00f6sung.<\/li>\n\n\n\n<li>Reduziert den Energieverbrauch um 60-80%.<\/li>\n\n\n\n<li>Heizung und K\u00fchlung aus derselben Quelle.<\/li>\n<\/ul>\n<\/div>\n\n\n\n<div class=\"wp-block-column is-layout-flow wp-block-column-is-layout-flow\" style=\"flex-basis:50%\">\n<ul class=\"wp-block-list\">\n<li>Kompatibel mit hybriden L\u00f6sungen.<\/li>\n\n\n\n<li>Wird mit integriertem Malmberg FeniX-Kontrollsystem geliefert.<\/li>\n<\/ul>\n<\/div>\n<\/div>\n\n\n\n<div style=\"height:32px\" aria-hidden=\"true\" class=\"wp-block-spacer\"><\/div>\n\n\n\n\n\n<div style=\"height:32px\" aria-hidden=\"true\" class=\"wp-block-spacer\"><\/div>\n\n\n\n<figure class=\"wp-block-embed is-type-video is-provider-vimeo wp-block-embed-vimeo wp-embed-aspect-16-9 wp-has-aspect-ratio\"><div class=\"wp-block-embed__wrapper\">\n<iframe loading=\"lazy\" title=\"Malmberg-Mariastugan-1-4 (1)\" data-cookieconsent=\"statistik, Marketing\" data-src=\"https:\/\/player.vimeo.com\/video\/957116649?dnt=1&amp;app_id=122963\" width=\"1024\" height=\"576\" frameborder=\"0\" allow=\"autoplay; fullscreen; picture-in-picture; clipboard-write\"><\/iframe><div class=\"cookieconsent-optout-statistics cookieconsent-optout-marketing\">Bitte akzeptieren Sie <a href=\"javascript:Cookiebot.renew()\">statistik, Marketing<\/a> Cookies, um dieses Video anzusehen.<\/div>\n<\/div><\/figure>\n\n\n\n<blockquote class=\"wp-block-quote is-layout-flow wp-block-quote-is-layout-flow\">\n<h4 class=\"wp-block-heading\"><em>\u201eEs ist wichtig, die Energieversorgung aus mehreren Gr\u00fcnden zu betrachten. Zum einen ist es eine wirtschaftliche Frage, da man die Betriebskosten \u00fcber die gesamte Lebensdauer des Geb\u00e4udes betrachtet. Aber es geht auch darum, eine \u00f6kologisch nachhaltige L\u00f6sung zu finden, die wir auch gestalterisch und architektonisch umsetzen k\u00f6nnen.\u201c<\/em><\/h4>\n<cite>&#8211; Martin Stavenow Svensson, Siegel Group<\/cite><\/blockquote>\n\n\n\n<div style=\"height:48px\" aria-hidden=\"true\" class=\"wp-block-spacer\"><\/div>\n\n\n\n<section id=\"content-beside-img-section-block_18adc99db1946571a413a5c59cc5ed05\" class=\"content-beside-img-section max-width-wide max-width-extra-wide alignfull content_beside_img_section center-h paddingside\">\n    <div class=\"img_wrapper\">\n                   <img decoding=\"async\" src=\"https:\/\/www.malmberg.se\/de\/wp-content\/uploads\/sites\/2\/2024\/06\/Malmbergs_2021_Bildleverans_29-3-1024x683.jpg\" alt=\"\" class=\"center-h\">\n            <\/div>\n    <div class=\"content_ bg_white paddingall\">\n        <div class=\"inner\">\n           <h3>Malmberg FeniX<\/h3>\n<p>Unser ma\u00dfgeschneidertes Steuerungssystem ist darauf ausgelegt, Einblicke in Ihre Anlage zu bieten. Mit der Fernzugriffs-Funktionalit\u00e4t erm\u00f6glicht es Ihnen, den Betrieb von \u00fcberall aus zu \u00fcberwachen. Dieses System versetzt den Kunden in die Lage, die volle Kontrolle \u00fcber ihr Energiesystem zu haben, um eine optimale Verwaltung und Effizienz zu gew\u00e4hrleisten.<\/p>\n        <\/div>\n    <\/div>\n        <style type=\"text\/css\">\n            #content-beside-img-section-block_18adc99db1946571a413a5c59cc5ed05 {\n\n            }\n        <\/style>\n<\/section><!-- .content_beside_img_section -->\n\n\n<div style=\"height:48px\" aria-hidden=\"true\" class=\"wp-block-spacer\"><\/div>\n\n\n\n<section id=\"content-with-background-section-block_2b12ac6ab248e5cf77834b7c0a37caa4\" class=\"content-with-background-section aligncenter content_with_background_section paddingside\">\n    <div class=\"max-width center-h paddingallx2\" style=\"background-color:#0056b8; color: #ffffff\">\n        <div class=\"max-width7 center-h\">\n            <h2>aCurve<\/h2>\n<p>Ein Optimierungswerkzeug, das in Anlagen verwendet wird, um deren Leistung zu \u00fcberwachen und einen \u00dcberblick \u00fcber deren Effizienz zu erhalten.<\/p>\n<p><a class=\"read_more_btn color_white\" href=\"https:\/\/www.malmberg.se\/acurve\/de\/\" target=\"_blank\" rel=\"noopener\">Erfahren sie mehr<\/a><\/p>\n        <\/div>\n    <\/div>\n<\/section><!-- .downlaods_block -->\n\n    <section id=\"large-boxes-section-block_2f6c5082b297b9ce3c0d84cd05f1a1ac\" class=\"large-boxes-section large_boxes_section max-width-extra-wide paddingside center-h\">\n        <div class=\"wrapper center-h\">\n\n                            <a class=\"large_img_box relative bg_black color_white\" href=\"https:\/\/www.malmberg.se\/de\/ref\/genthin-sachsen-anhalt-malmberg-compact-gr-14r\/\">\n                                            <div class=\"img_wrapper\">\n                            <img decoding=\"async\" src=\"https:\/\/www.malmberg.se\/de\/wp-content\/uploads\/sites\/2\/2022\/10\/Genthin_D-1024x571.jpg\" alt=\"\" class=\"image_\">\n                        <\/div>\n                    \n                    <div class=\"overlay darker_\"><\/div>\n                    <p class=\"small_subheading\">Referenz<\/p>\n                    <div class=\"content_ relative paddingall\">\n                        <h2 class=\"regular center-text color_white\">Genthin, Sachsen-Anhalt<\/h2>\n                    <\/div>\n                    <div class=\"arrow_icon_btn color_white\">\n                        <span>Weiterlesen<\/span>\n                        <div class=\"icon_\"><\/div>\n                    <\/div>\n                <\/a>\n                            <a class=\"large_img_box relative bg_black color_white\" href=\"https:\/\/www.malmberg.se\/de\/ref\/helsingborg-schweden-malmberg-compact-gr14\/\">\n                                            <div class=\"img_wrapper\">\n                            <img decoding=\"async\" src=\"https:\/\/www.malmberg.se\/de\/wp-content\/uploads\/sites\/2\/2022\/10\/Helsingborg_D-1024x659.jpg\" alt=\"\" class=\"image_\">\n                        <\/div>\n                    \n                    <div class=\"overlay darker_\"><\/div>\n                    <p class=\"small_subheading\">Referenz<\/p>\n                    <div class=\"content_ relative paddingall\">\n                        <h2 class=\"regular center-text color_white\">Helsingborg, Schweden<\/h2>\n                    <\/div>\n                    <div class=\"arrow_icon_btn color_white\">\n                        <span>Weiterlesen<\/span>\n                        <div class=\"icon_\"><\/div>\n                    <\/div>\n                <\/a>\n            \n        <\/div>\n    <\/section><!-- .large_boxes_section -->\n\n\n\n<div class=\"wp-block-buttons is-content-justification-center is-layout-flex wp-container-core-buttons-is-layout-16018d1d wp-block-buttons-is-layout-flex\">\n<div class=\"wp-block-button\"><a class=\"wp-block-button__link wp-element-button\" href=\"https:\/\/www.malmberg.se\/de-new\/referenzen\/\">Alle referenze<\/a><\/div>\n<\/div>\n\n\n\n<div style=\"height:64px\" aria-hidden=\"true\" id=\"contact_me\" class=\"wp-block-spacer\"><\/div>\n\n\n\n<h4 class=\"wp-block-heading has-text-align-center\">F\u00fcr weitere Informationen oder Fragen, kontaktieren Sie mich bitte.<\/h4>\n\n\n\n<section id=\"contacts-pick-listblock_0f5ad0a6e9459d85065fdf301fed74ef\" class=\"contacts-pick-list alignwide\">\n    <div class=\"content\">\n                   <div class=\"boxes justify-center\">\n           \n                                                        <div class=\"box paddingall bg_white \">\n                            <img decoding=\"async\" src=\"https:\/\/www.malmberg.se\/de\/wp-content\/uploads\/sites\/2\/2025\/06\/Namnloes-design-33.png\" alt=\"\">                                                        <div class=\"details\">\n                                <p class=\"name bold\">Donato Cristaldi<\/p>\n                                <p class=\"title\">Managing Director &#8211; Malmberg Bioerdgastech GmbH<\/p>\n                                                                    <a class=\"mail bold\" href=\"mailto:donato.cristaldi@malmberg.se\">donato.cristaldi@malmberg.se<\/a>\n                                                                                                    <a class=\"phone bold\" href=\"tel:+49 172 7395063\">+49 172 7395063<\/a>\n                                                                                               <\/div>\n                        <\/div>\n                                                            <div class=\"box paddingall bg_white \">\n                            <img decoding=\"async\" src=\"https:\/\/www.malmberg.se\/de\/wp-content\/uploads\/sites\/2\/2023\/11\/230605-SRA-1024x684.jpg\" alt=\"\">                                                        <div class=\"details\">\n                                <p class=\"name bold\">Steffen Ramig<\/p>\n                                <p class=\"title\">Vertrieb<\/p>\n                                                                    <a class=\"mail bold\" href=\"mailto:steffen.ramig@malmberg.se\">steffen.ramig@malmberg.se<\/a>\n                                                                                                                                       <a class=\"phone bold\" href=\"tel:+49 34203 258869\">+49 34203 258869<\/a>\n                                                            <\/div>\n                        <\/div>\n                                <\/div>\n            <\/div>\n<\/section>  \n\n<style type=\"text\/css\">\n    #contacts-pick-listblock_0f5ad0a6e9459d85065fdf301fed74ef {\n\n    }\n    #contacts-pick-listblock_0f5ad0a6e9459d85065fdf301fed74ef .box {\n        width: 100%;\n        display: flex;\n        margin-bottom: 16px;\n    }\n    #contacts-pick-listblock_0f5ad0a6e9459d85065fdf301fed74ef .box .details {\n        padding: 12px 0px 12px 12px;\n        overflow: hidden;\n        overflow-wrap: break-word;\n    }\n    #contacts-pick-listblock_0f5ad0a6e9459d85065fdf301fed74ef .box img {\n        display: block;\n        object-fit: cover;\n        object-position: center;\n        width: 100%;\n        max-height: 350px;\n        max-width: 120px;\n        filter: grayscale(100%);\n    }\n    #contacts-pick-listblock_0f5ad0a6e9459d85065fdf301fed74ef .box p {\n        margin: 0;\n    }\n    #contacts-pick-listblock_0f5ad0a6e9459d85065fdf301fed74ef .box .title {\n        font-size: .8rem;\n        margin-bottom: 1.5em;\n    }\n    #contacts-pick-listblock_0f5ad0a6e9459d85065fdf301fed74ef .box .mail {\n        margin-bottom: .5em;\n    }\n    #contacts-pick-listblock_0f5ad0a6e9459d85065fdf301fed74ef .box a {\n        display: block;\n        font-size: .8rem;\n        text-decoration: none;\n    }\n    #contacts-pick-listblock_0f5ad0a6e9459d85065fdf301fed74ef .box a:hover {\n        color: #0056b8;\n    }\n    \/*--------------------------------------------------------------\n    $mq__tablet: 46.8em;\n    $mq__tablet__2: 48em;\n    $mq__tablet__3: 50em;\n\n    $mq__desktop: 60em;\n    $mq__desktop__2: 64.5em;\n    $mq__desktop__3: 70em;\n\n\n    $mq__largedesk: 75em;\n    $mq__largedesk__2: 80em;\n    $mq__largedesk__3: 90em;\n    --------------------------------------------------------------*\/\n    \/* Tablet *\/\n    @media screen and (min-width: 46.8em) {\n        #contacts-pick-listblock_0f5ad0a6e9459d85065fdf301fed74ef .boxes {\n            display: flex;\n            flex-wrap: wrap;\n            gap: 2%;\n        }\n        #contacts-pick-listblock_0f5ad0a6e9459d85065fdf301fed74ef .box {\n            margin-bottom: 2%;\n            align-items: center;\n            width: auto;\n        }\n        #contacts-pick-listblock_0f5ad0a6e9459d85065fdf301fed74ef .box.block_layout {\n            display: block;\n            width: 32%;\n        }\n        #contacts-pick-listblock_0f5ad0a6e9459d85065fdf301fed74ef .box img {\n            max-width: 150px;\n            min-height: 200px;\n        }\n        #contacts-pick-listblock_0f5ad0a6e9459d85065fdf301fed74ef .box.block_layout img {\n            max-width: none;\n            \/\/min-height: 350px;\n            min-height: 250px;\n            max-height: 250px;\n        }\n        #contacts-pick-listblock_0f5ad0a6e9459d85065fdf301fed74ef .box.block_layout .details {\n            padding: 24px 0 12px;\n        }\n    }\n    \/* Large tablet *\/\n    @media screen and (min-width: 48em) {\n        #contacts-pick-listblock_0f5ad0a6e9459d85065fdf301fed74ef .box.block_layout img {\n            max-height: none;\n            height: 350px;\n        }\n    }\n    \/* Desktop *\/\n    @media screen and (min-width: 60em) {\n        #contacts-pick-listblock_0f5ad0a6e9459d85065fdf301fed74ef .box.block_layout .details {\n            text-align: center;\n        }\n        #contacts-pick-listblock_0f5ad0a6e9459d85065fdf301fed74ef .boxes.justify-center {\n            justify-content: center;\n        }\n        #contacts-pick-listblock_0f5ad0a6e9459d85065fdf301fed74ef .box.block_layout {\n            width: 32%;\n        }\n        #contacts-pick-listblock_0f5ad0a6e9459d85065fdf301fed74ef .box.block_layout img {\n            max-height: none;\n            height: 450px;\n        }\n    }\n    \/* Large desktop *\/\n    @media screen and (min-width: 75em) {\n\n    }\n    @media screen and (min-width: 90em) {\n        #contacts-pick-listblock_0f5ad0a6e9459d85065fdf301fed74ef .box.block_layout {\n            width: 23%;\n        }\n        #contacts-pick-listblock_0f5ad0a6e9459d85065fdf301fed74ef .box.block_layout img {\n            \/\/height: 250px;\n            \/\/min-height: 250px;\n            height: 300px;\n            min-height: 300px;\n        }\n    }\n    \n<\/style>\n\n\n","protected":false},"excerpt":{"rendered":"<p>Unsere vorgefertigte L\u00f6sung \u201eEs ist wichtig, die Energieversorgung aus mehreren Gr\u00fcnden zu betrachten. Zum einen ist es eine wirtschaftliche Frage, da man die Betriebskosten \u00fcber die gesamte Lebensdauer des Geb\u00e4udes betrachtet. Aber es geht auch darum, eine \u00f6kologisch nachhaltige L\u00f6sung zu finden, die wir auch gestalterisch und architektonisch umsetzen k\u00f6nnen.\u201c &#8211; Martin Stavenow Svensson, Siegel [&hellip;]<\/p>\n","protected":false},"author":1,"featured_media":1034,"parent":16,"menu_order":20,"comment_status":"closed","ping_status":"closed","template":"","meta":{"_acf_changed":false,"footnotes":""},"class_list":["post-1470","page","type-page","status-publish","has-post-thumbnail","hentry"],"acf":[],"yoast_head":"<!-- This site is optimized with the Yoast SEO plugin v27.3 - https:\/\/yoast.com\/product\/yoast-seo-wordpress\/ -->\n<title>Malmberg EnerGeo - Malmberg DE<\/title>\n<meta name=\"robots\" content=\"index, follow, max-snippet:-1, max-image-preview:large, max-video-preview:-1\" \/>\n<link rel=\"canonical\" href=\"https:\/\/www.malmberg.se\/de\/was-wir-tun\/energieloesungen\/geoenergi\/\" \/>\n<meta property=\"og:locale\" content=\"de_DE\" \/>\n<meta property=\"og:type\" content=\"article\" \/>\n<meta property=\"og:title\" content=\"Malmberg EnerGeo - Malmberg DE\" \/>\n<meta property=\"og:description\" content=\"Unsere vorgefertigte L\u00f6sung \u201eEs ist wichtig, die Energieversorgung aus mehreren Gr\u00fcnden zu betrachten. Zum einen ist es eine wirtschaftliche Frage, da man die Betriebskosten \u00fcber die gesamte Lebensdauer des Geb\u00e4udes betrachtet. Aber es geht auch darum, eine \u00f6kologisch nachhaltige L\u00f6sung zu finden, die wir auch gestalterisch und architektonisch umsetzen k\u00f6nnen.\u201c &#8211; Martin Stavenow Svensson, Siegel [&hellip;]\" \/>\n<meta property=\"og:url\" content=\"https:\/\/www.malmberg.se\/de\/was-wir-tun\/energieloesungen\/geoenergi\/\" \/>\n<meta property=\"og:site_name\" content=\"Malmberg DE\" \/>\n<meta property=\"article:modified_time\" content=\"2026-04-07T06:49:51+00:00\" \/>\n<meta property=\"og:image\" content=\"https:\/\/www.malmberg.se\/de\/wp-content\/uploads\/sites\/2\/2022\/09\/geoenergi-bild.jpg\" \/>\n\t<meta property=\"og:image:width\" content=\"1920\" \/>\n\t<meta property=\"og:image:height\" content=\"1080\" \/>\n\t<meta property=\"og:image:type\" content=\"image\/jpeg\" \/>\n<meta name=\"twitter:card\" content=\"summary_large_image\" \/>\n<meta name=\"twitter:label1\" content=\"Gesch\u00e4tzte Lesezeit\" \/>\n\t<meta name=\"twitter:data1\" content=\"1\u00a0Minute\" \/>\n<script type=\"application\/ld+json\" class=\"yoast-schema-graph\">{\"@context\":\"https:\\\/\\\/schema.org\",\"@graph\":[{\"@type\":\"WebPage\",\"@id\":\"https:\\\/\\\/www.malmberg.se\\\/de\\\/was-wir-tun\\\/energieloesungen\\\/geoenergi\\\/\",\"url\":\"https:\\\/\\\/www.malmberg.se\\\/de\\\/was-wir-tun\\\/energieloesungen\\\/geoenergi\\\/\",\"name\":\"Malmberg EnerGeo - Malmberg DE\",\"isPartOf\":{\"@id\":\"https:\\\/\\\/www.malmberg.se\\\/de\\\/#website\"},\"primaryImageOfPage\":{\"@id\":\"https:\\\/\\\/www.malmberg.se\\\/de\\\/was-wir-tun\\\/energieloesungen\\\/geoenergi\\\/#primaryimage\"},\"image\":{\"@id\":\"https:\\\/\\\/www.malmberg.se\\\/de\\\/was-wir-tun\\\/energieloesungen\\\/geoenergi\\\/#primaryimage\"},\"thumbnailUrl\":\"https:\\\/\\\/www.malmberg.se\\\/de\\\/wp-content\\\/uploads\\\/sites\\\/2\\\/2022\\\/09\\\/geoenergi-bild.jpg\",\"datePublished\":\"2022-08-26T13:50:12+00:00\",\"dateModified\":\"2026-04-07T06:49:51+00:00\",\"breadcrumb\":{\"@id\":\"https:\\\/\\\/www.malmberg.se\\\/de\\\/was-wir-tun\\\/energieloesungen\\\/geoenergi\\\/#breadcrumb\"},\"inLanguage\":\"de\",\"potentialAction\":[{\"@type\":\"ReadAction\",\"target\":[\"https:\\\/\\\/www.malmberg.se\\\/de\\\/was-wir-tun\\\/energieloesungen\\\/geoenergi\\\/\"]}]},{\"@type\":\"ImageObject\",\"inLanguage\":\"de\",\"@id\":\"https:\\\/\\\/www.malmberg.se\\\/de\\\/was-wir-tun\\\/energieloesungen\\\/geoenergi\\\/#primaryimage\",\"url\":\"https:\\\/\\\/www.malmberg.se\\\/de\\\/wp-content\\\/uploads\\\/sites\\\/2\\\/2022\\\/09\\\/geoenergi-bild.jpg\",\"contentUrl\":\"https:\\\/\\\/www.malmberg.se\\\/de\\\/wp-content\\\/uploads\\\/sites\\\/2\\\/2022\\\/09\\\/geoenergi-bild.jpg\",\"width\":1920,\"height\":1080},{\"@type\":\"BreadcrumbList\",\"@id\":\"https:\\\/\\\/www.malmberg.se\\\/de\\\/was-wir-tun\\\/energieloesungen\\\/geoenergi\\\/#breadcrumb\",\"itemListElement\":[{\"@type\":\"ListItem\",\"position\":1,\"name\":\"Hem\",\"item\":\"https:\\\/\\\/www.malmberg.se\\\/de\\\/\"},{\"@type\":\"ListItem\",\"position\":2,\"name\":\"Was wir tun\",\"item\":\"https:\\\/\\\/www.malmberg.se\\\/de\\\/was-wir-tun\\\/\"},{\"@type\":\"ListItem\",\"position\":3,\"name\":\"Energiel\u00f6sungen\",\"item\":\"https:\\\/\\\/www.malmberg.se\\\/de\\\/was-wir-tun\\\/energieloesungen\\\/\"},{\"@type\":\"ListItem\",\"position\":4,\"name\":\"Malmberg EnerGeo\"}]},{\"@type\":\"WebSite\",\"@id\":\"https:\\\/\\\/www.malmberg.se\\\/de\\\/#website\",\"url\":\"https:\\\/\\\/www.malmberg.se\\\/de\\\/\",\"name\":\"Malmberg DE\",\"description\":\"\",\"potentialAction\":[{\"@type\":\"SearchAction\",\"target\":{\"@type\":\"EntryPoint\",\"urlTemplate\":\"https:\\\/\\\/www.malmberg.se\\\/de\\\/?s={search_term_string}\"},\"query-input\":{\"@type\":\"PropertyValueSpecification\",\"valueRequired\":true,\"valueName\":\"search_term_string\"}}],\"inLanguage\":\"de\"}]}<\/script>\n<!-- \/ Yoast SEO plugin. -->","yoast_head_json":{"title":"Malmberg EnerGeo - Malmberg DE","robots":{"index":"index","follow":"follow","max-snippet":"max-snippet:-1","max-image-preview":"max-image-preview:large","max-video-preview":"max-video-preview:-1"},"canonical":"https:\/\/www.malmberg.se\/de\/was-wir-tun\/energieloesungen\/geoenergi\/","og_locale":"de_DE","og_type":"article","og_title":"Malmberg EnerGeo - Malmberg DE","og_description":"Unsere vorgefertigte L\u00f6sung \u201eEs ist wichtig, die Energieversorgung aus mehreren Gr\u00fcnden zu betrachten. Zum einen ist es eine wirtschaftliche Frage, da man die Betriebskosten \u00fcber die gesamte Lebensdauer des Geb\u00e4udes betrachtet. Aber es geht auch darum, eine \u00f6kologisch nachhaltige L\u00f6sung zu finden, die wir auch gestalterisch und architektonisch umsetzen k\u00f6nnen.\u201c &#8211; Martin Stavenow Svensson, Siegel [&hellip;]","og_url":"https:\/\/www.malmberg.se\/de\/was-wir-tun\/energieloesungen\/geoenergi\/","og_site_name":"Malmberg DE","article_modified_time":"2026-04-07T06:49:51+00:00","og_image":[{"width":1920,"height":1080,"url":"https:\/\/www.malmberg.se\/de\/wp-content\/uploads\/sites\/2\/2022\/09\/geoenergi-bild.jpg","type":"image\/jpeg"}],"twitter_card":"summary_large_image","twitter_misc":{"Gesch\u00e4tzte Lesezeit":"1\u00a0Minute"},"schema":{"@context":"https:\/\/schema.org","@graph":[{"@type":"WebPage","@id":"https:\/\/www.malmberg.se\/de\/was-wir-tun\/energieloesungen\/geoenergi\/","url":"https:\/\/www.malmberg.se\/de\/was-wir-tun\/energieloesungen\/geoenergi\/","name":"Malmberg EnerGeo - Malmberg DE","isPartOf":{"@id":"https:\/\/www.malmberg.se\/de\/#website"},"primaryImageOfPage":{"@id":"https:\/\/www.malmberg.se\/de\/was-wir-tun\/energieloesungen\/geoenergi\/#primaryimage"},"image":{"@id":"https:\/\/www.malmberg.se\/de\/was-wir-tun\/energieloesungen\/geoenergi\/#primaryimage"},"thumbnailUrl":"https:\/\/www.malmberg.se\/de\/wp-content\/uploads\/sites\/2\/2022\/09\/geoenergi-bild.jpg","datePublished":"2022-08-26T13:50:12+00:00","dateModified":"2026-04-07T06:49:51+00:00","breadcrumb":{"@id":"https:\/\/www.malmberg.se\/de\/was-wir-tun\/energieloesungen\/geoenergi\/#breadcrumb"},"inLanguage":"de","potentialAction":[{"@type":"ReadAction","target":["https:\/\/www.malmberg.se\/de\/was-wir-tun\/energieloesungen\/geoenergi\/"]}]},{"@type":"ImageObject","inLanguage":"de","@id":"https:\/\/www.malmberg.se\/de\/was-wir-tun\/energieloesungen\/geoenergi\/#primaryimage","url":"https:\/\/www.malmberg.se\/de\/wp-content\/uploads\/sites\/2\/2022\/09\/geoenergi-bild.jpg","contentUrl":"https:\/\/www.malmberg.se\/de\/wp-content\/uploads\/sites\/2\/2022\/09\/geoenergi-bild.jpg","width":1920,"height":1080},{"@type":"BreadcrumbList","@id":"https:\/\/www.malmberg.se\/de\/was-wir-tun\/energieloesungen\/geoenergi\/#breadcrumb","itemListElement":[{"@type":"ListItem","position":1,"name":"Hem","item":"https:\/\/www.malmberg.se\/de\/"},{"@type":"ListItem","position":2,"name":"Was wir tun","item":"https:\/\/www.malmberg.se\/de\/was-wir-tun\/"},{"@type":"ListItem","position":3,"name":"Energiel\u00f6sungen","item":"https:\/\/www.malmberg.se\/de\/was-wir-tun\/energieloesungen\/"},{"@type":"ListItem","position":4,"name":"Malmberg EnerGeo"}]},{"@type":"WebSite","@id":"https:\/\/www.malmberg.se\/de\/#website","url":"https:\/\/www.malmberg.se\/de\/","name":"Malmberg DE","description":"","potentialAction":[{"@type":"SearchAction","target":{"@type":"EntryPoint","urlTemplate":"https:\/\/www.malmberg.se\/de\/?s={search_term_string}"},"query-input":{"@type":"PropertyValueSpecification","valueRequired":true,"valueName":"search_term_string"}}],"inLanguage":"de"}]}},"_links":{"self":[{"href":"https:\/\/www.malmberg.se\/de\/wp-json\/wp\/v2\/pages\/1470","targetHints":{"allow":["GET"]}}],"collection":[{"href":"https:\/\/www.malmberg.se\/de\/wp-json\/wp\/v2\/pages"}],"about":[{"href":"https:\/\/www.malmberg.se\/de\/wp-json\/wp\/v2\/types\/page"}],"author":[{"embeddable":true,"href":"https:\/\/www.malmberg.se\/de\/wp-json\/wp\/v2\/users\/1"}],"replies":[{"embeddable":true,"href":"https:\/\/www.malmberg.se\/de\/wp-json\/wp\/v2\/comments?post=1470"}],"version-history":[{"count":21,"href":"https:\/\/www.malmberg.se\/de\/wp-json\/wp\/v2\/pages\/1470\/revisions"}],"predecessor-version":[{"id":1630,"href":"https:\/\/www.malmberg.se\/de\/wp-json\/wp\/v2\/pages\/1470\/revisions\/1630"}],"up":[{"embeddable":true,"href":"https:\/\/www.malmberg.se\/de\/wp-json\/wp\/v2\/pages\/16"}],"wp:featuredmedia":[{"embeddable":true,"href":"https:\/\/www.malmberg.se\/de\/wp-json\/wp\/v2\/media\/1034"}],"wp:attachment":[{"href":"https:\/\/www.malmberg.se\/de\/wp-json\/wp\/v2\/media?parent=1470"}],"curies":[{"name":"wp","href":"https:\/\/api.w.org\/{rel}","templated":true}]}}