{"id":1547,"date":"2024-08-19T15:21:39","date_gmt":"2024-08-19T13:21:39","guid":{"rendered":"https:\/\/www.malmberg.se\/de-new\/?page_id=1547"},"modified":"2025-12-08T11:43:33","modified_gmt":"2025-12-08T10:43:33","slug":"malmberg-recovery","status":"publish","type":"page","link":"https:\/\/www.malmberg.se\/de\/was-wir-tun\/energieloesungen\/malmberg-recovery\/","title":{"rendered":"Malmberg Recovery"},"content":{"rendered":"\n<section id=\"content-beside-img-section-block_f2679cdf63a0a4edc1cb6f9940bd5610\" class=\"content-beside-img-section max-width-wide max-width-extra-wide alignfull content_beside_img_section center-h paddingside\">\n    <div class=\"img_wrapper\">\n                   <img decoding=\"async\" src=\"https:\/\/www.malmberg.se\/de\/wp-content\/uploads\/sites\/2\/2024\/06\/DJI_0681-1024x767.jpg\" alt=\"\" class=\"center-h\">\n            <\/div>\n    <div class=\"content_ bg_white paddingall\">\n        <div class=\"inner\">\n           <h3>Malmberg Recovery<\/h3>\n<p>Malmberg Recovery ist die ideale L\u00f6sung f\u00fcr Geb\u00e4ude mit hohem K\u00fchlbedarf und viel \u00fcbersch\u00fcssiger W\u00e4rme. Unsere L\u00f6sung integriert sich nahtlos in K\u00fchlprozesse und nutzt \u00fcbersch\u00fcssige W\u00e4rme f\u00fcr Heiz- und Warmwasserbedarf, w\u00e4hrend sie gleichzeitig die M\u00f6glichkeit bietet, mit denselben Maschinen K\u00e4lte zu erzeugen. Mit hoher Effizienz und einfacher Handhabung bietet Malmberg Recovery eine signifikante Reduzierung des Energieverbrauchs und des CO2-Fu\u00dfabdrucks, w\u00e4hrend Ihre bestehende Energiel\u00f6sung als Backup erhalten bleibt. Die L\u00f6sung ist vorgefertigt und wird als fertiges Modul geliefert, was nicht nur eine schnelle Installation und minimale St\u00f6rungen des laufenden Betriebs gew\u00e4hrleistet, sondern auch eine einfache Skalierbarkeit und Anpassung an spezifische Bed\u00fcrfnisse erm\u00f6glicht.<\/p>\n        <\/div>\n    <\/div>\n        <style type=\"text\/css\">\n            #content-beside-img-section-block_f2679cdf63a0a4edc1cb6f9940bd5610 {\n\n            }\n        <\/style>\n<\/section><!-- .content_beside_img_section -->\n\n\n<div style=\"height:34px\" aria-hidden=\"true\" class=\"wp-block-spacer\"><\/div>\n\n\n\n<h2 class=\"wp-block-heading has-text-align-center\">Malmberg Recovery-Funktion<\/h2>\n\n\n\n<section id=\"image-comparison-block_f00dacf2e93e41608cb7cb6c17d41cab\" class=\"baSlider image-comparison aligncenter\">\n    <div class=\"frame\">\n        <div baSlider-handler><img decoding=\"async\" src=\"https:\/\/www.malmberg.se\/de\/wp-content\/themes\/malmberg\/compare-images\/images\/drag.svg\" alt=\"\"><\/div>\n        <div class=\"before\">\n            <img decoding=\"async\" src=\"https:\/\/www.malmberg.se\/de\/wp-content\/uploads\/sites\/2\/2024\/06\/Malmberg-Recovery-Supermarket-1-1024x660.jpg\" alt=\"\" baSlider-image>\n        <\/div>\n        <div class=\"after\">\n            <div>\n                <img src='https:\/\/www.malmberg.se\/de\/wp-content\/uploads\/sites\/2\/2024\/06\/Malmberg-Recovery-Supermarket-2-1-1024x660.jpg' alt=\"\" baSlider-image>\n            <\/div>\n        <\/div>\n    <\/div>\n<\/section>\n\n<script>\n    jQuery(document).ready(function($) {\n    if ($.fn.baSlider) {\n    $('.baSlider').baSlider({\n        handler: {\n            position: \"auto\",\n            offsetX: 0,\n            offsetY: 0\n        },\n        \/\/reverse: true,\n        \n        \/**\n        * align of scroll\n        *\/\n        align: \"horizontal\",\n        \/**\n        * place of dividing the photo horizontally & vertically\n        *\/\n        start: {\n            horizontal: \"10%\",\n            vertical: \"50%\"\n        },\n        height: \"50vmin\",\n        imgHeight: \"50vmin\"\n    });\n    } else {\n        console.error(\"baSlider plugin is not loaded.\");\n    }\n    });\n<\/script>\n\n<style>\n    .image-comparison .before img, .image-comparison .after img {\n        object-fit: cover;\n        object-position: center;\n        \/\/position: relative;\n    }\n    .image-comparison.baSlider > .frame > .after {\n        border-right: 2px solid rgb(41,41,41);\n    }\n<\/style>\n\n\n\n\n\n\n\n\n<section id=\"content-with-background-section-block_72d2e8b531c651f40607634b7c80f645\" class=\"content-with-background-section aligncenter content_with_background_section paddingside\">\n    <div class=\"max-width center-h paddingallx2\" style=\"background-color:#0056b8; color: #ffffff\">\n        <div class=\"max-width7 center-h\">\n            <p>Mit einer Malmberg Recovery-Anlage werden Sie zirkul\u00e4r in Ihrer Energieversorgung. Viele Industriegeb\u00e4ude, Lebensmittelgesch\u00e4fte und andere Geb\u00e4ude mit hohem K\u00fchlbedarf nutzen derzeit Systeme mit Dachventilatoren, die Abw\u00e4rme abgeben. Durch die Implementierung von Malmberg Recovery wird die Notwendigkeit dieser Ventilatoren eliminiert, w\u00e4hrend wir gleichzeitig die Abw\u00e4rme wiederverwenden, um das Geb\u00e4ude effizient zu beheizen. Durch die Integration von Malmberg Recovery in Ihren Betrieb k\u00f6nnen Sie Ihren Energieverbrauch erheblich senken, mit einem hohen COP-Wert, der einer Reduzierung des Energieverbrauchs um bis zu 75% entspricht.<\/p>\n        <\/div>\n    <\/div>\n<\/section><!-- .downlaods_block -->","protected":false},"excerpt":{"rendered":"<p>Malmberg Recovery-Funktion<\/p>\n","protected":false},"author":1,"featured_media":2517,"parent":16,"menu_order":40,"comment_status":"closed","ping_status":"closed","template":"","meta":{"_acf_changed":false,"footnotes":""},"class_list":["post-1547","page","type-page","status-publish","has-post-thumbnail","hentry"],"acf":[],"yoast_head":"<!-- This site is optimized with the Yoast SEO plugin v27.3 - https:\/\/yoast.com\/product\/yoast-seo-wordpress\/ -->\n<title>Malmberg Recovery - Malmberg DE<\/title>\n<meta name=\"robots\" content=\"index, follow, max-snippet:-1, max-image-preview:large, max-video-preview:-1\" \/>\n<link rel=\"canonical\" href=\"https:\/\/www.malmberg.se\/de\/was-wir-tun\/energieloesungen\/malmberg-recovery\/\" \/>\n<meta property=\"og:locale\" content=\"de_DE\" \/>\n<meta property=\"og:type\" content=\"article\" \/>\n<meta property=\"og:title\" content=\"Malmberg Recovery - Malmberg DE\" \/>\n<meta property=\"og:description\" content=\"Malmberg Recovery-Funktion\" \/>\n<meta property=\"og:url\" content=\"https:\/\/www.malmberg.se\/de\/was-wir-tun\/energieloesungen\/malmberg-recovery\/\" \/>\n<meta property=\"og:site_name\" content=\"Malmberg DE\" \/>\n<meta property=\"article:modified_time\" content=\"2025-12-08T10:43:33+00:00\" \/>\n<meta name=\"twitter:card\" content=\"summary_large_image\" \/>\n<meta name=\"twitter:label1\" content=\"Gesch\u00e4tzte Lesezeit\" \/>\n\t<meta name=\"twitter:data1\" content=\"2\u00a0Minuten\" \/>\n<script type=\"application\/ld+json\" class=\"yoast-schema-graph\">{\"@context\":\"https:\\\/\\\/schema.org\",\"@graph\":[{\"@type\":\"WebPage\",\"@id\":\"https:\\\/\\\/www.malmberg.se\\\/de\\\/was-wir-tun\\\/energieloesungen\\\/malmberg-recovery\\\/\",\"url\":\"https:\\\/\\\/www.malmberg.se\\\/de\\\/was-wir-tun\\\/energieloesungen\\\/malmberg-recovery\\\/\",\"name\":\"Malmberg Recovery - Malmberg DE\",\"isPartOf\":{\"@id\":\"https:\\\/\\\/www.malmberg.se\\\/de\\\/#website\"},\"primaryImageOfPage\":{\"@id\":\"https:\\\/\\\/www.malmberg.se\\\/de\\\/was-wir-tun\\\/energieloesungen\\\/malmberg-recovery\\\/#primaryimage\"},\"image\":{\"@id\":\"https:\\\/\\\/www.malmberg.se\\\/de\\\/was-wir-tun\\\/energieloesungen\\\/malmberg-recovery\\\/#primaryimage\"},\"thumbnailUrl\":\"https:\\\/\\\/www.malmberg.se\\\/de\\\/wp-content\\\/uploads\\\/sites\\\/2\\\/2024\\\/06\\\/4K-3D-Render-image-1-4-3-scaled.jpg\",\"datePublished\":\"2024-08-19T13:21:39+00:00\",\"dateModified\":\"2025-12-08T10:43:33+00:00\",\"breadcrumb\":{\"@id\":\"https:\\\/\\\/www.malmberg.se\\\/de\\\/was-wir-tun\\\/energieloesungen\\\/malmberg-recovery\\\/#breadcrumb\"},\"inLanguage\":\"de\",\"potentialAction\":[{\"@type\":\"ReadAction\",\"target\":[\"https:\\\/\\\/www.malmberg.se\\\/de\\\/was-wir-tun\\\/energieloesungen\\\/malmberg-recovery\\\/\"]}]},{\"@type\":\"ImageObject\",\"inLanguage\":\"de\",\"@id\":\"https:\\\/\\\/www.malmberg.se\\\/de\\\/was-wir-tun\\\/energieloesungen\\\/malmberg-recovery\\\/#primaryimage\",\"url\":\"https:\\\/\\\/www.malmberg.se\\\/de\\\/wp-content\\\/uploads\\\/sites\\\/2\\\/2024\\\/06\\\/4K-3D-Render-image-1-4-3-scaled.jpg\",\"contentUrl\":\"https:\\\/\\\/www.malmberg.se\\\/de\\\/wp-content\\\/uploads\\\/sites\\\/2\\\/2024\\\/06\\\/4K-3D-Render-image-1-4-3-scaled.jpg\"},{\"@type\":\"BreadcrumbList\",\"@id\":\"https:\\\/\\\/www.malmberg.se\\\/de\\\/was-wir-tun\\\/energieloesungen\\\/malmberg-recovery\\\/#breadcrumb\",\"itemListElement\":[{\"@type\":\"ListItem\",\"position\":1,\"name\":\"Hem\",\"item\":\"https:\\\/\\\/www.malmberg.se\\\/de\\\/\"},{\"@type\":\"ListItem\",\"position\":2,\"name\":\"Was wir tun\",\"item\":\"https:\\\/\\\/www.malmberg.se\\\/de\\\/was-wir-tun\\\/\"},{\"@type\":\"ListItem\",\"position\":3,\"name\":\"Energiel\u00f6sungen\",\"item\":\"https:\\\/\\\/www.malmberg.se\\\/de\\\/was-wir-tun\\\/energieloesungen\\\/\"},{\"@type\":\"ListItem\",\"position\":4,\"name\":\"Malmberg Recovery\"}]},{\"@type\":\"WebSite\",\"@id\":\"https:\\\/\\\/www.malmberg.se\\\/de\\\/#website\",\"url\":\"https:\\\/\\\/www.malmberg.se\\\/de\\\/\",\"name\":\"Malmberg DE\",\"description\":\"\",\"potentialAction\":[{\"@type\":\"SearchAction\",\"target\":{\"@type\":\"EntryPoint\",\"urlTemplate\":\"https:\\\/\\\/www.malmberg.se\\\/de\\\/?s={search_term_string}\"},\"query-input\":{\"@type\":\"PropertyValueSpecification\",\"valueRequired\":true,\"valueName\":\"search_term_string\"}}],\"inLanguage\":\"de\"}]}<\/script>\n<!-- \/ Yoast SEO plugin. -->","yoast_head_json":{"title":"Malmberg Recovery - Malmberg DE","robots":{"index":"index","follow":"follow","max-snippet":"max-snippet:-1","max-image-preview":"max-image-preview:large","max-video-preview":"max-video-preview:-1"},"canonical":"https:\/\/www.malmberg.se\/de\/was-wir-tun\/energieloesungen\/malmberg-recovery\/","og_locale":"de_DE","og_type":"article","og_title":"Malmberg Recovery - Malmberg DE","og_description":"Malmberg Recovery-Funktion","og_url":"https:\/\/www.malmberg.se\/de\/was-wir-tun\/energieloesungen\/malmberg-recovery\/","og_site_name":"Malmberg DE","article_modified_time":"2025-12-08T10:43:33+00:00","twitter_card":"summary_large_image","twitter_misc":{"Gesch\u00e4tzte Lesezeit":"2\u00a0Minuten"},"schema":{"@context":"https:\/\/schema.org","@graph":[{"@type":"WebPage","@id":"https:\/\/www.malmberg.se\/de\/was-wir-tun\/energieloesungen\/malmberg-recovery\/","url":"https:\/\/www.malmberg.se\/de\/was-wir-tun\/energieloesungen\/malmberg-recovery\/","name":"Malmberg Recovery - Malmberg DE","isPartOf":{"@id":"https:\/\/www.malmberg.se\/de\/#website"},"primaryImageOfPage":{"@id":"https:\/\/www.malmberg.se\/de\/was-wir-tun\/energieloesungen\/malmberg-recovery\/#primaryimage"},"image":{"@id":"https:\/\/www.malmberg.se\/de\/was-wir-tun\/energieloesungen\/malmberg-recovery\/#primaryimage"},"thumbnailUrl":"https:\/\/www.malmberg.se\/de\/wp-content\/uploads\/sites\/2\/2024\/06\/4K-3D-Render-image-1-4-3-scaled.jpg","datePublished":"2024-08-19T13:21:39+00:00","dateModified":"2025-12-08T10:43:33+00:00","breadcrumb":{"@id":"https:\/\/www.malmberg.se\/de\/was-wir-tun\/energieloesungen\/malmberg-recovery\/#breadcrumb"},"inLanguage":"de","potentialAction":[{"@type":"ReadAction","target":["https:\/\/www.malmberg.se\/de\/was-wir-tun\/energieloesungen\/malmberg-recovery\/"]}]},{"@type":"ImageObject","inLanguage":"de","@id":"https:\/\/www.malmberg.se\/de\/was-wir-tun\/energieloesungen\/malmberg-recovery\/#primaryimage","url":"https:\/\/www.malmberg.se\/de\/wp-content\/uploads\/sites\/2\/2024\/06\/4K-3D-Render-image-1-4-3-scaled.jpg","contentUrl":"https:\/\/www.malmberg.se\/de\/wp-content\/uploads\/sites\/2\/2024\/06\/4K-3D-Render-image-1-4-3-scaled.jpg"},{"@type":"BreadcrumbList","@id":"https:\/\/www.malmberg.se\/de\/was-wir-tun\/energieloesungen\/malmberg-recovery\/#breadcrumb","itemListElement":[{"@type":"ListItem","position":1,"name":"Hem","item":"https:\/\/www.malmberg.se\/de\/"},{"@type":"ListItem","position":2,"name":"Was wir tun","item":"https:\/\/www.malmberg.se\/de\/was-wir-tun\/"},{"@type":"ListItem","position":3,"name":"Energiel\u00f6sungen","item":"https:\/\/www.malmberg.se\/de\/was-wir-tun\/energieloesungen\/"},{"@type":"ListItem","position":4,"name":"Malmberg Recovery"}]},{"@type":"WebSite","@id":"https:\/\/www.malmberg.se\/de\/#website","url":"https:\/\/www.malmberg.se\/de\/","name":"Malmberg DE","description":"","potentialAction":[{"@type":"SearchAction","target":{"@type":"EntryPoint","urlTemplate":"https:\/\/www.malmberg.se\/de\/?s={search_term_string}"},"query-input":{"@type":"PropertyValueSpecification","valueRequired":true,"valueName":"search_term_string"}}],"inLanguage":"de"}]}},"_links":{"self":[{"href":"https:\/\/www.malmberg.se\/de\/wp-json\/wp\/v2\/pages\/1547","targetHints":{"allow":["GET"]}}],"collection":[{"href":"https:\/\/www.malmberg.se\/de\/wp-json\/wp\/v2\/pages"}],"about":[{"href":"https:\/\/www.malmberg.se\/de\/wp-json\/wp\/v2\/types\/page"}],"author":[{"embeddable":true,"href":"https:\/\/www.malmberg.se\/de\/wp-json\/wp\/v2\/users\/1"}],"replies":[{"embeddable":true,"href":"https:\/\/www.malmberg.se\/de\/wp-json\/wp\/v2\/comments?post=1547"}],"version-history":[{"count":3,"href":"https:\/\/www.malmberg.se\/de\/wp-json\/wp\/v2\/pages\/1547\/revisions"}],"predecessor-version":[{"id":1593,"href":"https:\/\/www.malmberg.se\/de\/wp-json\/wp\/v2\/pages\/1547\/revisions\/1593"}],"up":[{"embeddable":true,"href":"https:\/\/www.malmberg.se\/de\/wp-json\/wp\/v2\/pages\/16"}],"wp:featuredmedia":[{"embeddable":true,"href":"https:\/\/www.malmberg.se\/de\/wp-json\/"}],"wp:attachment":[{"href":"https:\/\/www.malmberg.se\/de\/wp-json\/wp\/v2\/media?parent=1547"}],"curies":[{"name":"wp","href":"https:\/\/api.w.org\/{rel}","templated":true}]}}