{"id":1648,"date":"2025-12-08T10:12:39","date_gmt":"2025-12-08T09:12:39","guid":{"rendered":"https:\/\/www.malmberg.se\/de-new\/?page_id=1648"},"modified":"2025-12-10T11:13:22","modified_gmt":"2025-12-10T10:13:22","slug":"industriedesign","status":"publish","type":"page","link":"https:\/\/www.malmberg.se\/de\/was-wir-tun\/industriedesign\/","title":{"rendered":"Industrie design"},"content":{"rendered":"\n<section id=\"full-width-content-with-bg-section-block_fc860c0e986da60668584ea1fef4d533\" class=\"full-width-content-with-bg-section alignfull content_with_background_section paddingside\" style=\"background-color:#0056b8; color: #ffffff\">\n    <div class=\"max-width center-h px-4 pt-12 pb-8 tablet:px-8 tablet:pb-24 desktop:pb-32\">\n        <div class=\"max-width8 center-h scroll_reveal__ tablet:text-xl\">\n            <h2 style=\"text-align: center\">Qualit\u00e4t, Pr\u00e4zision und Partnerschaft<\/h2>\n<p style=\"text-align: center\">Industriedesign bedeutet, das Komplexe einfach und das Einfache effizient zu machen. Bei Malmberg Industrial Design geht es darum, Visionen und Zeichnungen in funktionale und nachhaltige L\u00f6sungen zu verwandeln. Von vorgefertigten Energiezentralen bis hin zu Tanks und Rohrleitungssystemen f\u00fcr den Industriesektor \u2013 wir entwickeln L\u00f6sungen, die die Zukunft mitgestalten.<\/p>\n                            <div class=\"mt-8 flex items-center justify-center flex-wrap gap-4 tablet:mt-16\">\n                                                                    <a href=\"#our-production-facility\" class=\"icon_btn\" style=\"background-color:#ffffff; color: #0056b8\" target=\"\">\n                                                            <img decoding=\"async\" class=\"icon_\" src=\"https:\/\/www.malmberg.se\/de\/wp-content\/uploads\/sites\/2\/2025\/04\/maskinpark-btn-icon.svg\" alt=\"\">\n                                                        <span>Unsere Produktionsanlage<\/span>\n                            <svg xmlns=\"http:\/\/www.w3.org\/2000\/svg\" width=\"16\" height=\"16\" viewBox=\"0 0 16 16\" fill=\"#0056B8\">\n                                <path d=\"M15.3151 8.70711C15.7057 8.31658 15.7057 7.68342 15.3151 7.29289L8.95119 0.928932C8.56066 0.538408 7.9275 0.538408 7.53697 0.928932C7.14645 1.31946 7.14645 1.95262 7.53697 2.34315L13.1938 8L7.53697 13.6569C7.14645 14.0474 7.14645 14.6805 7.53697 15.0711C7.9275 15.4616 8.56066 15.4616 8.95119 15.0711L15.3151 8.70711ZM0.412109 9H14.608V7H0.412109V9Z\" fill=\"#0056B8;\"\/>\n                            <\/svg>\n                        <\/a>\n                                    <\/div>\n                    <\/div>\n    <\/div>\n<\/section><!-- .downlaods_block -->\n\n\n<figure class=\"wp-block-image alignfull size-full\"><img loading=\"lazy\" decoding=\"async\" width=\"2000\" height=\"956\" src=\"https:\/\/www.malmberg.se\/wp-content\/uploads\/sites\/2\/2025\/04\/Malmberg-id-2-crop-komp.jpg\" alt=\"\" class=\"wp-image-2714\" srcset=\"https:\/\/www.malmberg.se\/de\/wp-content\/uploads\/sites\/2\/2025\/04\/Malmberg-id-2-crop-komp.jpg 2000w, https:\/\/www.malmberg.se\/de\/wp-content\/uploads\/sites\/2\/2025\/04\/Malmberg-id-2-crop-komp-300x143.jpg 300w, https:\/\/www.malmberg.se\/de\/wp-content\/uploads\/sites\/2\/2025\/04\/Malmberg-id-2-crop-komp-1024x489.jpg 1024w, https:\/\/www.malmberg.se\/de\/wp-content\/uploads\/sites\/2\/2025\/04\/Malmberg-id-2-crop-komp-768x367.jpg 768w, https:\/\/www.malmberg.se\/de\/wp-content\/uploads\/sites\/2\/2025\/04\/Malmberg-id-2-crop-komp-1536x734.jpg 1536w\" sizes=\"auto, (max-width: 2000px) 100vw, 2000px\" \/><\/figure>\n\n\n\n<section id=\"info-contactsblock_5a86df1a00cae74eb7b8ff46b8049f04\" class=\"info-contacts alignfull\">\n    <div class=\"inner_content alignwide scroll_reveal__\">\n        <div class=\"text_content max-width6\">\n            <h3>Seit mehr als eineinhalb Jahrhunderten steht Malmberg f\u00fcr Qualit\u00e4t und Innovation.<\/h3>\n<p>Von unseren ersten Filterbrunnen bis hin zu den heutigen Hightech-Energiezentralen und Wasserl\u00f6sungen haben wir die Entwicklung kontinuierlich vorangetrieben. Jetzt gehen wir mit der Einf\u00fchrung von Malmberg Industrial Design den n\u00e4chsten Schritt \u2013 ein Bereich, der nicht nur unser Erbe repr\u00e4sentiert, sondern auch unser Engagement, die Branche in die Zukunft zu f\u00fchren.<\/p>\n                            <div class=\"wp-block-buttons pt-8\">\n                                                                    <div class=\"wp-block-button\">\n                            <a class=\"wp-block-button__link has-text-color has-white-color\" href=\"#request-a-quote\" target=\"\">Request a quote<\/a><\/div>\n                                    <\/div>\n                                            \n        <\/div>\n\n        <div class=\"content\">\n                            <h6 class=\"contact_heading\">F\u00fcr weitere Informationen oder Fragen kontaktieren Sie mich:<\/h6>\n                                    <div class=\"boxes\">\n            \n                                                                    <div class=\"box color_white \">\n                                <img decoding=\"async\" src=\"https:\/\/www.malmberg.se\/de\/wp-content\/uploads\/sites\/2\/2025\/04\/Malmberg-ID-komp-1024x576.jpg\" alt=\"\">                                                                <div class=\"details\">\n                                    <p class=\"name bold\">Industrie design<\/p>\n                                    <p class=\"title\"><\/p>\n                                                                                                                                            <\/div>\n                            <\/div>\n                                        <\/div>\n                    <\/div>\n    <\/div>\n   \n<\/section>  \n\n<style type=\"text\/css\">\n    #info-contactsblock_5a86df1a00cae74eb7b8ff46b8049f04 .box {\n        width: 100%;\n        display: flex;\n        margin-bottom: 16px;\n    }\n    #info-contactsblock_5a86df1a00cae74eb7b8ff46b8049f04 .box .details {\n        padding: 12px 0px 12px 12px;\n        overflow: hidden;\n        overflow-wrap: break-word;\n    }\n    #info-contactsblock_5a86df1a00cae74eb7b8ff46b8049f04 .box img {\n        display: block;\n        object-fit: cover;\n        object-position: center;\n        width: 106px;\n        height: 106px;\n        border-radius: 106px;\n        filter: grayscale(100%);\n    }\n    #info-contactsblock_5a86df1a00cae74eb7b8ff46b8049f04 .box p {\n        margin: 0;\n    }\n    #info-contactsblock_5a86df1a00cae74eb7b8ff46b8049f04 .box .title {\n        font-size: .8rem;\n        margin-bottom: 1.5em;\n    }\n    #info-contactsblock_5a86df1a00cae74eb7b8ff46b8049f04 .box .mail {\n        margin-bottom: .5em;\n    }\n    #info-contactsblock_5a86df1a00cae74eb7b8ff46b8049f04 .box a {\n        display: block;\n        font-size: .8rem;\n        text-decoration: none;\n    }\n    #info-contactsblock_5a86df1a00cae74eb7b8ff46b8049f04 .box a:hover {\n        color: #0056b8;\n    }\n    \/*--------------------------------------------------------------\n    $mq__tablet: 46.8em;\n    $mq__tablet__2: 48em;\n    $mq__tablet__3: 50em;\n\n    $mq__desktop: 60em;\n    $mq__desktop__2: 64.5em;\n    $mq__desktop__3: 70em;\n\n\n    $mq__largedesk: 75em;\n    $mq__largedesk__2: 80em;\n    $mq__largedesk__3: 90em;\n    --------------------------------------------------------------*\/\n    \/* Tablet *\/\n    @media screen and (min-width: 46.8em) {\n        #info-contactsblock_5a86df1a00cae74eb7b8ff46b8049f04 .boxes {\n            display: flex;\n            flex-wrap: wrap;\n            gap: 2%;\n        }\n        #info-contactsblock_5a86df1a00cae74eb7b8ff46b8049f04 .box {\n            margin-bottom: 2%;\n            align-items: center;\n            width: auto;\n        }\n        #info-contactsblock_5a86df1a00cae74eb7b8ff46b8049f04 .box.block_layout {\n            display: block;\n            width: 32%;\n        }\n        #info-contactsblock_5a86df1a00cae74eb7b8ff46b8049f04 .box.block_layout .details {\n            padding: 24px 0 12px;\n        }\n    }\n    \/* Large tablet *\/\n    @media screen and (min-width: 48em) {\n        #info-contactsblock_5a86df1a00cae74eb7b8ff46b8049f04 .box.block_layout img {\n            max-height: none;\n            height: 350px;\n        }\n    }\n    \/* Desktop *\/\n    @media screen and (min-width: 60em) {\n        #info-contactsblock_5a86df1a00cae74eb7b8ff46b8049f04 .box.block_layout .details {\n            text-align: center;\n        }\n        #info-contactsblock_5a86df1a00cae74eb7b8ff46b8049f04 .box.block_layout {\n            width: 32%;\n        }\n        #info-contactsblock_5a86df1a00cae74eb7b8ff46b8049f04 .box.block_layout img {\n            max-height: none;\n            height: 450px;\n        }\n    }\n    \/* Large desktop *\/\n    @media screen and (min-width: 75em) {\n\n    }\n    @media screen and (min-width: 90em) {\n        #info-contactsblock_5a86df1a00cae74eb7b8ff46b8049f04 .box.block_layout {\n            width: 23%;\n        }\n        #info-contactsblock_5a86df1a00cae74eb7b8ff46b8049f04 .box.block_layout img {\n            \/\/height: 250px;\n            \/\/min-height: 250px;\n            height: 300px;\n            min-height: 300px;\n        }\n    }\n    \n<\/style>\n\n\n\n\n\n<div id=\"partners-block_6f0f00e1d936cda54267f28ff9cd654a\" class=\"partners\">\n\n    \n            <div class=\"logo_slides scroll_reveal__\">\n                            <div>\n                                            <span>\n                            <img decoding=\"async\" src=\"https:\/\/www.malmberg.se\/de\/wp-content\/uploads\/sites\/2\/2025\/04\/hitachi-3-logo-black-and-white.png\" alt=\"\" class=\"logo_img\">\n                        <\/span>\n                                    <\/div>\n                            <div>\n                                            <span>\n                            <img decoding=\"async\" src=\"https:\/\/www.malmberg.se\/de\/wp-content\/uploads\/sites\/2\/2025\/04\/st-logo-stacked-grey.png\" alt=\"\" class=\"logo_img\">\n                        <\/span>\n                                    <\/div>\n                            <div>\n                                            <span>\n                            <img decoding=\"async\" src=\"https:\/\/www.malmberg.se\/de\/wp-content\/uploads\/sites\/2\/2025\/04\/logo-aal.svg\" alt=\"\" class=\"logo_img\">\n                        <\/span>\n                                    <\/div>\n                            <div>\n                                            <span>\n                            <img decoding=\"async\" src=\"https:\/\/www.malmberg.se\/de\/wp-content\/uploads\/sites\/2\/2025\/04\/larsson-logo.svg\" alt=\"\" class=\"logo_img\">\n                        <\/span>\n                                    <\/div>\n                            <div>\n                                            <span>\n                            <img decoding=\"async\" src=\"https:\/\/www.malmberg.se\/de\/wp-content\/uploads\/sites\/2\/2025\/04\/a2a-logo.svg\" alt=\"\" class=\"logo_img\">\n                        <\/span>\n                                    <\/div>\n                    <\/div>\n    \n<\/div>\n\n\n<div style=\"height:1px\" aria-hidden=\"true\" id=\"our-production-facility\" class=\"wp-block-spacer\"><\/div>\n\n\n\n<section id=\"image-and-content-section-block_7923bde19f9b823150524927428a524b\" class=\"image-and-content-section wide center-h paddingside desktop:flex desktop:items-center\">\n    <div class=\"reveal w-full desktop:h-full desktop:w-5\/12\">\n                   <div class=\"image-wrap\">\n                <img decoding=\"async\" src=\"https:\/\/www.malmberg.se\/de\/wp-content\/uploads\/sites\/2\/2025\/04\/Malmberg-202270-2-komp-683x1024.jpg\" alt=\"\" class=\"center-h desktop:aspect-[5\/7] desktop:object-cover desktop:object-center desktop:h-[700px]\">\n            <\/div>\n            <\/div>\n    <div class=\"w-full py-8 laptop:py-16 laptop:px-16 desktop:w-3\/5 desktop:px-32\">\n        <div class=\"scroll_reveal__ animation-delay\">\n                          <h2 class=\"multi_color_heading pb-4\">Produktionsanlage<\/h2>\n                      <h4>Zentrale Maschinen und F\u00e4higkeiten<\/h4>\n<ul>\n<li>Wasserstrahlschneider \u2013 Hochpr\u00e4zises Schneiden, geeignet f\u00fcr dickere Materialien<\/li>\n<li>Pulverschwei\u00dfen \u2013 Effiziente, hochwertige Herstellung geschwei\u00dfter Komponenten<\/li>\n<li>Rundbiegemaschinen \u2013 Zum Formen von Blech und Rohren<\/li>\n<li>Druckpr\u00fcfausr\u00fcstung \u2013 Sicherheits- und Qualit\u00e4tskontrolle f\u00fcr Druckbeh\u00e4lter<\/li>\n<li>Deckenkrane \u2013 Hebekapazit\u00e4t bis zu 5 Tonnen<\/li>\n<\/ul>\n                   <\/div>\n    <\/div>\n<\/section><!-- .content_beside_img_section -->\n\n\n\n<section id=\"image-and-content-section-block_46de92530c79193c34c695986fbde70c\" class=\"image-and-content-section wide center-h paddingside desktop:flex desktop:items-center desktop:flex-row-reverse\">\n    <div class=\"reveal w-full desktop:h-full desktop:w-5\/12\">\n                   <div class=\"image-wrap\">\n                <img decoding=\"async\" src=\"https:\/\/www.malmberg.se\/de\/wp-content\/uploads\/sites\/2\/2025\/04\/Malmberg-ID-komp-1024x576.jpg\" alt=\"\" class=\"center-h desktop:aspect-[5\/7] desktop:object-cover desktop:object-center desktop:h-[700px]\">\n            <\/div>\n            <\/div>\n    <div class=\"w-full py-8 laptop:py-16 laptop:px-16 desktop:w-3\/5 desktop:px-32\">\n        <div class=\"scroll_reveal__ animation-delay\">\n                          <h2 class=\"multi_color_heading pb-4\">Was macht uns einzigartig?<\/h2>\n                      <ul>\n<li>Design, Planung, Projektmanagement und Produktion \u2013 alles innerhalb derselben Organisation<\/li>\n<li>Hohe technische Kompetenz und langj\u00e4hrige Erfahrung im lizenzierten Schwei\u00dfen<\/li>\n<li>Eigene Beizanlage<\/li>\n<li>Schwei\u00dfqualit\u00e4t und Sicherheit basierend auf ISO-bezogenen Standards<\/li>\n<li>Prozess- und Automationswissen im selben Unternehmen<\/li>\n<li>160 Jahre Unternehmensgeschichte und Erfahrung<\/li>\n<\/ul>\n                   <\/div>\n    <\/div>\n<\/section><!-- .content_beside_img_section -->\n\n\n\n<div style=\"height:4rem\" aria-hidden=\"true\" id=\"request-a-quote\" class=\"wp-block-spacer\"><\/div>\n","protected":false},"excerpt":{"rendered":"","protected":false},"author":1,"featured_media":2695,"parent":8,"menu_order":40,"comment_status":"closed","ping_status":"closed","template":"page-id.php","meta":{"_acf_changed":false,"footnotes":""},"class_list":["post-1648","page","type-page","status-publish","has-post-thumbnail","hentry"],"acf":[],"yoast_head":"<!-- This site is optimized with the Yoast SEO plugin v26.3 - https:\/\/yoast.com\/wordpress\/plugins\/seo\/ -->\n<title>Industrie design - Malmberg DE<\/title>\n<meta name=\"robots\" content=\"index, follow, max-snippet:-1, max-image-preview:large, max-video-preview:-1\" \/>\n<link rel=\"canonical\" href=\"https:\/\/www.malmberg.se\/de\/was-wir-tun\/industriedesign\/\" \/>\n<meta property=\"og:locale\" content=\"de_DE\" \/>\n<meta property=\"og:type\" content=\"article\" \/>\n<meta property=\"og:title\" content=\"Industrie design - Malmberg DE\" \/>\n<meta property=\"og:url\" content=\"https:\/\/www.malmberg.se\/de\/was-wir-tun\/industriedesign\/\" \/>\n<meta property=\"og:site_name\" content=\"Malmberg DE\" \/>\n<meta property=\"article:modified_time\" content=\"2025-12-10T10:13:22+00:00\" \/>\n<meta name=\"twitter:card\" content=\"summary_large_image\" \/>\n<meta name=\"twitter:label1\" content=\"Gesch\u00e4tzte Lesezeit\" \/>\n\t<meta name=\"twitter:data1\" content=\"4\u00a0Minuten\" \/>\n<script type=\"application\/ld+json\" class=\"yoast-schema-graph\">{\"@context\":\"https:\/\/schema.org\",\"@graph\":[{\"@type\":\"WebPage\",\"@id\":\"https:\/\/www.malmberg.se\/de\/was-wir-tun\/industriedesign\/\",\"url\":\"https:\/\/www.malmberg.se\/de\/was-wir-tun\/industriedesign\/\",\"name\":\"Industrie design - Malmberg DE\",\"isPartOf\":{\"@id\":\"https:\/\/www.malmberg.se\/de\/#website\"},\"primaryImageOfPage\":{\"@id\":\"https:\/\/www.malmberg.se\/de\/was-wir-tun\/industriedesign\/#primaryimage\"},\"image\":{\"@id\":\"https:\/\/www.malmberg.se\/de\/was-wir-tun\/industriedesign\/#primaryimage\"},\"thumbnailUrl\":\"https:\/\/www.malmberg.se\/de\/wp-content\/uploads\/sites\/2\/2025\/04\/Malmberg-ID-komp.jpg\",\"datePublished\":\"2025-12-08T09:12:39+00:00\",\"dateModified\":\"2025-12-10T10:13:22+00:00\",\"breadcrumb\":{\"@id\":\"https:\/\/www.malmberg.se\/de\/was-wir-tun\/industriedesign\/#breadcrumb\"},\"inLanguage\":\"de\",\"potentialAction\":[{\"@type\":\"ReadAction\",\"target\":[\"https:\/\/www.malmberg.se\/de\/was-wir-tun\/industriedesign\/\"]}]},{\"@type\":\"ImageObject\",\"inLanguage\":\"de\",\"@id\":\"https:\/\/www.malmberg.se\/de\/was-wir-tun\/industriedesign\/#primaryimage\",\"url\":\"https:\/\/www.malmberg.se\/de\/wp-content\/uploads\/sites\/2\/2025\/04\/Malmberg-ID-komp.jpg\",\"contentUrl\":\"https:\/\/www.malmberg.se\/de\/wp-content\/uploads\/sites\/2\/2025\/04\/Malmberg-ID-komp.jpg\"},{\"@type\":\"BreadcrumbList\",\"@id\":\"https:\/\/www.malmberg.se\/de\/was-wir-tun\/industriedesign\/#breadcrumb\",\"itemListElement\":[{\"@type\":\"ListItem\",\"position\":1,\"name\":\"Hem\",\"item\":\"https:\/\/www.malmberg.se\/de\/\"},{\"@type\":\"ListItem\",\"position\":2,\"name\":\"Was wir tun\",\"item\":\"https:\/\/www.malmberg.se\/de\/was-wir-tun\/\"},{\"@type\":\"ListItem\",\"position\":3,\"name\":\"Industrie design\"}]},{\"@type\":\"WebSite\",\"@id\":\"https:\/\/www.malmberg.se\/de\/#website\",\"url\":\"https:\/\/www.malmberg.se\/de\/\",\"name\":\"Malmberg DE\",\"description\":\"\",\"potentialAction\":[{\"@type\":\"SearchAction\",\"target\":{\"@type\":\"EntryPoint\",\"urlTemplate\":\"https:\/\/www.malmberg.se\/de\/?s={search_term_string}\"},\"query-input\":{\"@type\":\"PropertyValueSpecification\",\"valueRequired\":true,\"valueName\":\"search_term_string\"}}],\"inLanguage\":\"de\"}]}<\/script>\n<!-- \/ Yoast SEO plugin. -->","yoast_head_json":{"title":"Industrie design - Malmberg DE","robots":{"index":"index","follow":"follow","max-snippet":"max-snippet:-1","max-image-preview":"max-image-preview:large","max-video-preview":"max-video-preview:-1"},"canonical":"https:\/\/www.malmberg.se\/de\/was-wir-tun\/industriedesign\/","og_locale":"de_DE","og_type":"article","og_title":"Industrie design - Malmberg DE","og_url":"https:\/\/www.malmberg.se\/de\/was-wir-tun\/industriedesign\/","og_site_name":"Malmberg DE","article_modified_time":"2025-12-10T10:13:22+00:00","twitter_card":"summary_large_image","twitter_misc":{"Gesch\u00e4tzte Lesezeit":"4\u00a0Minuten"},"schema":{"@context":"https:\/\/schema.org","@graph":[{"@type":"WebPage","@id":"https:\/\/www.malmberg.se\/de\/was-wir-tun\/industriedesign\/","url":"https:\/\/www.malmberg.se\/de\/was-wir-tun\/industriedesign\/","name":"Industrie design - Malmberg DE","isPartOf":{"@id":"https:\/\/www.malmberg.se\/de\/#website"},"primaryImageOfPage":{"@id":"https:\/\/www.malmberg.se\/de\/was-wir-tun\/industriedesign\/#primaryimage"},"image":{"@id":"https:\/\/www.malmberg.se\/de\/was-wir-tun\/industriedesign\/#primaryimage"},"thumbnailUrl":"https:\/\/www.malmberg.se\/de\/wp-content\/uploads\/sites\/2\/2025\/04\/Malmberg-ID-komp.jpg","datePublished":"2025-12-08T09:12:39+00:00","dateModified":"2025-12-10T10:13:22+00:00","breadcrumb":{"@id":"https:\/\/www.malmberg.se\/de\/was-wir-tun\/industriedesign\/#breadcrumb"},"inLanguage":"de","potentialAction":[{"@type":"ReadAction","target":["https:\/\/www.malmberg.se\/de\/was-wir-tun\/industriedesign\/"]}]},{"@type":"ImageObject","inLanguage":"de","@id":"https:\/\/www.malmberg.se\/de\/was-wir-tun\/industriedesign\/#primaryimage","url":"https:\/\/www.malmberg.se\/de\/wp-content\/uploads\/sites\/2\/2025\/04\/Malmberg-ID-komp.jpg","contentUrl":"https:\/\/www.malmberg.se\/de\/wp-content\/uploads\/sites\/2\/2025\/04\/Malmberg-ID-komp.jpg"},{"@type":"BreadcrumbList","@id":"https:\/\/www.malmberg.se\/de\/was-wir-tun\/industriedesign\/#breadcrumb","itemListElement":[{"@type":"ListItem","position":1,"name":"Hem","item":"https:\/\/www.malmberg.se\/de\/"},{"@type":"ListItem","position":2,"name":"Was wir tun","item":"https:\/\/www.malmberg.se\/de\/was-wir-tun\/"},{"@type":"ListItem","position":3,"name":"Industrie design"}]},{"@type":"WebSite","@id":"https:\/\/www.malmberg.se\/de\/#website","url":"https:\/\/www.malmberg.se\/de\/","name":"Malmberg DE","description":"","potentialAction":[{"@type":"SearchAction","target":{"@type":"EntryPoint","urlTemplate":"https:\/\/www.malmberg.se\/de\/?s={search_term_string}"},"query-input":{"@type":"PropertyValueSpecification","valueRequired":true,"valueName":"search_term_string"}}],"inLanguage":"de"}]}},"_links":{"self":[{"href":"https:\/\/www.malmberg.se\/de\/wp-json\/wp\/v2\/pages\/1648","targetHints":{"allow":["GET"]}}],"collection":[{"href":"https:\/\/www.malmberg.se\/de\/wp-json\/wp\/v2\/pages"}],"about":[{"href":"https:\/\/www.malmberg.se\/de\/wp-json\/wp\/v2\/types\/page"}],"author":[{"embeddable":true,"href":"https:\/\/www.malmberg.se\/de\/wp-json\/wp\/v2\/users\/1"}],"replies":[{"embeddable":true,"href":"https:\/\/www.malmberg.se\/de\/wp-json\/wp\/v2\/comments?post=1648"}],"version-history":[{"count":4,"href":"https:\/\/www.malmberg.se\/de\/wp-json\/wp\/v2\/pages\/1648\/revisions"}],"predecessor-version":[{"id":1841,"href":"https:\/\/www.malmberg.se\/de\/wp-json\/wp\/v2\/pages\/1648\/revisions\/1841"}],"up":[{"embeddable":true,"href":"https:\/\/www.malmberg.se\/de\/wp-json\/wp\/v2\/pages\/8"}],"wp:featuredmedia":[{"embeddable":true,"href":"https:\/\/www.malmberg.se\/de\/wp-json\/"}],"wp:attachment":[{"href":"https:\/\/www.malmberg.se\/de\/wp-json\/wp\/v2\/media?parent=1648"}],"curies":[{"name":"wp","href":"https:\/\/api.w.org\/{rel}","templated":true}]}}