{"id":1762,"date":"2025-12-08T11:31:15","date_gmt":"2025-12-08T10:31:15","guid":{"rendered":"https:\/\/www.malmberg.se\/de-new\/?page_id=1762"},"modified":"2025-12-10T09:43:10","modified_gmt":"2025-12-10T08:43:10","slug":"waermepumpensysteme","status":"publish","type":"page","link":"https:\/\/www.malmberg.se\/de\/was-wir-tun\/energieloesungen\/waermepumpensysteme\/","title":{"rendered":"W\u00e4rmepumpensysteme"},"content":{"rendered":"\n<p>Ein geothermie\u00adbasiertes W\u00e4rmepumpensystem von Malmberg sorgt das ganze Jahr \u00fcber f\u00fcr die richtige Temperatur in Ihrer Immobilie.<\/p>\n\n\n\n<p>Wir nutzen die nat\u00fcrliche Energie, die im Fels, im Erdreich oder im Grundwasser gespeichert ist, und entwickeln Systeme, in denen W\u00e4rmepumpen, Energiebohrungen und intelligente Speicher auf effizienteste Weise zusammenarbeiten. Alles wird auf Ihr Geb\u00e4ude und Ihre spezifischen Anforderungen zugeschnitten.<\/p>\n\n\n\n<p>Mit der richtigen W\u00e4rmepumpenkonfiguration k\u00f6nnen Sie einen COP-Wert von bis zu 6 erreichen \u2013 das bedeutet, dass Sie das Sechsfache an Heiz- oder K\u00fchlleistung erhalten im Vergleich zur eingesetzten elektrischen Energie.<\/p>\n\n\n\n<section id=\"image-and-content-section-block_d1b55197c4d0a737900566d7bbc1b17e\" class=\"image-and-content-section wide center-h paddingside desktop:flex desktop:items-center\">\n    <div class=\"reveal w-full desktop:h-full desktop:w-5\/12\">\n                   <div class=\"image-wrap\">\n                <img decoding=\"async\" src=\"https:\/\/www.malmberg.se\/de\/wp-content\/uploads\/sites\/2\/2025\/05\/Klevland_malmberg_feb25-21-683x1024.jpg\" alt=\"\" class=\"center-h desktop:aspect-[5\/7] desktop:object-cover desktop:object-center desktop:h-[700px]\">\n            <\/div>\n            <\/div>\n    <div class=\"w-full py-8 laptop:py-16 laptop:px-16 desktop:w-3\/5 desktop:px-32\">\n        <div class=\"scroll_reveal__ animation-delay\">\n                          <h2 class=\"multi_color_heading pb-4\">Was bekommen Sie?<\/h2>\n                      <ul>\n<li>Heizen im Winter und K\u00fchlen im Sommer<\/li>\n<li>Reduzierter Bedarf an zugekaufter Energie<\/li>\n<li>Niedrigere Betriebskosten<\/li>\n<li>Ein nachhaltigeres Geb\u00e4ude<\/li>\n<\/ul>\n<p>Sie wollen noch weiter gehen? Wir bieten auch Hybridl\u00f6sungen an, bei denen Geothermie mit Solarmodulen, Batteriespeichern und W\u00e4rmepumpen kombiniert wird \u2013 f\u00fcr ein Energiesystem, das unabh\u00e4ngig l\u00e4uft.<\/p>\n                   <\/div>\n    <\/div>\n<\/section><!-- .content_beside_img_section -->\n\n\n\n<div style=\"height:64px\" aria-hidden=\"true\" class=\"wp-block-spacer\"><\/div>\n\n\n\n<h3 class=\"wp-block-heading\"><\/h3>\n\n\n\n<section id=\"full-bg-content-img-section-block_67ddb6ae3ef6fe4aa0b91b3beee898d7\" class=\"content-with-background-section full_bg_content_img_section bg_a color_white\">\n    <div class=\"img_wrapper max-width-extra-wide center-h paddingall\">\n        <div class=\"relative max-width8 center-h\">\n            <div class=\"overlay_gradient blue_\"><\/div>\n                            <img decoding=\"async\" src=\"https:\/\/www.malmberg.se\/de\/wp-content\/uploads\/sites\/2\/2025\/05\/Klevland_malmberg_feb25-23-komp-1024x683.jpg\" alt=\"\">\n                    <\/div>\n                   <div class=\"heading_ relative max-width9\">\n                <h2 class=\"super_large_heading_size\">Unsere Energiezentralen<\/h2>\n            <\/div>\n            <\/div>\n        \n                <div class=\"boxes_ max-width-extra-wide center-h paddingall\">\n                             <div class=\"box\">\n                    <h3>Vor Ort errichtete Systeme<\/h3>\n<p>Geplant, gebaut und direkt am Standort optimiert. Vollst\u00e4ndig auf Ihre Immobilie und Ihre Gegebenheiten zugeschnitten.<\/p>\n<ul>\n<li>Ma\u00dfgeschneidertes Design<\/li>\n<li>Hohe Leistung<\/li>\n<li>Einfach in bestehende Systeme integrierbar<\/li>\n<\/ul>\n                                   <\/div>\n                                  <div class=\"box\">\n                    <h3>Vorgefertigte Energiezentralen<\/h3>\n<p>In unserer eigenen Produktionsanlage gebaut und getestet, anschlie\u00dfend installationsbereit geliefert.<\/p>\n<ul>\n<li>Qualitativ gesichert und vom ersten Tag an betriebsbereit<\/li>\n<li>K\u00fcrzere Projektlaufzeiten<\/li>\n<li>Minimale Beeintr\u00e4chtigung des laufenden Betriebs<\/li>\n<\/ul>\n                                   <\/div>\n                        <\/div>\n        \n<\/section><!-- .downlaods_block -->\n","protected":false},"excerpt":{"rendered":"<p>Ein geothermie\u00adbasiertes W\u00e4rmepumpensystem von Malmberg sorgt das ganze Jahr \u00fcber f\u00fcr die richtige Temperatur in Ihrer Immobilie. Wir nutzen die nat\u00fcrliche Energie, die im Fels, im Erdreich oder im Grundwasser gespeichert ist, und entwickeln Systeme, in denen W\u00e4rmepumpen, Energiebohrungen und intelligente Speicher auf effizienteste Weise zusammenarbeiten. Alles wird auf Ihr Geb\u00e4ude und Ihre spezifischen Anforderungen [&hellip;]<\/p>\n","protected":false},"author":1,"featured_media":2735,"parent":16,"menu_order":0,"comment_status":"closed","ping_status":"closed","template":"","meta":{"_acf_changed":false,"footnotes":""},"class_list":["post-1762","page","type-page","status-publish","has-post-thumbnail","hentry"],"acf":[],"yoast_head":"<!-- This site is optimized with the Yoast SEO plugin v27.3 - https:\/\/yoast.com\/product\/yoast-seo-wordpress\/ -->\n<title>W\u00e4rmepumpensysteme - Malmberg DE<\/title>\n<meta name=\"robots\" content=\"index, follow, max-snippet:-1, max-image-preview:large, max-video-preview:-1\" \/>\n<link rel=\"canonical\" href=\"https:\/\/www.malmberg.se\/de\/was-wir-tun\/energieloesungen\/waermepumpensysteme\/\" \/>\n<meta property=\"og:locale\" content=\"de_DE\" \/>\n<meta property=\"og:type\" content=\"article\" \/>\n<meta property=\"og:title\" content=\"W\u00e4rmepumpensysteme - Malmberg DE\" \/>\n<meta property=\"og:description\" content=\"Ein geothermie\u00adbasiertes W\u00e4rmepumpensystem von Malmberg sorgt das ganze Jahr \u00fcber f\u00fcr die richtige Temperatur in Ihrer Immobilie. Wir nutzen die nat\u00fcrliche Energie, die im Fels, im Erdreich oder im Grundwasser gespeichert ist, und entwickeln Systeme, in denen W\u00e4rmepumpen, Energiebohrungen und intelligente Speicher auf effizienteste Weise zusammenarbeiten. Alles wird auf Ihr Geb\u00e4ude und Ihre spezifischen Anforderungen [&hellip;]\" \/>\n<meta property=\"og:url\" content=\"https:\/\/www.malmberg.se\/de\/was-wir-tun\/energieloesungen\/waermepumpensysteme\/\" \/>\n<meta property=\"og:site_name\" content=\"Malmberg DE\" \/>\n<meta property=\"article:modified_time\" content=\"2025-12-10T08:43:10+00:00\" \/>\n<meta name=\"twitter:card\" content=\"summary_large_image\" \/>\n<meta name=\"twitter:label1\" content=\"Gesch\u00e4tzte Lesezeit\" \/>\n\t<meta name=\"twitter:data1\" content=\"2\u00a0Minuten\" \/>\n<script type=\"application\/ld+json\" class=\"yoast-schema-graph\">{\"@context\":\"https:\\\/\\\/schema.org\",\"@graph\":[{\"@type\":\"WebPage\",\"@id\":\"https:\\\/\\\/www.malmberg.se\\\/de\\\/was-wir-tun\\\/energieloesungen\\\/waermepumpensysteme\\\/\",\"url\":\"https:\\\/\\\/www.malmberg.se\\\/de\\\/was-wir-tun\\\/energieloesungen\\\/waermepumpensysteme\\\/\",\"name\":\"W\u00e4rmepumpensysteme - Malmberg DE\",\"isPartOf\":{\"@id\":\"https:\\\/\\\/www.malmberg.se\\\/de\\\/#website\"},\"primaryImageOfPage\":{\"@id\":\"https:\\\/\\\/www.malmberg.se\\\/de\\\/was-wir-tun\\\/energieloesungen\\\/waermepumpensysteme\\\/#primaryimage\"},\"image\":{\"@id\":\"https:\\\/\\\/www.malmberg.se\\\/de\\\/was-wir-tun\\\/energieloesungen\\\/waermepumpensysteme\\\/#primaryimage\"},\"thumbnailUrl\":\"https:\\\/\\\/www.malmberg.se\\\/de\\\/wp-content\\\/uploads\\\/sites\\\/2\\\/2025\\\/05\\\/Klevland_malmberg_feb25-23-komp.jpg\",\"datePublished\":\"2025-12-08T10:31:15+00:00\",\"dateModified\":\"2025-12-10T08:43:10+00:00\",\"breadcrumb\":{\"@id\":\"https:\\\/\\\/www.malmberg.se\\\/de\\\/was-wir-tun\\\/energieloesungen\\\/waermepumpensysteme\\\/#breadcrumb\"},\"inLanguage\":\"de\",\"potentialAction\":[{\"@type\":\"ReadAction\",\"target\":[\"https:\\\/\\\/www.malmberg.se\\\/de\\\/was-wir-tun\\\/energieloesungen\\\/waermepumpensysteme\\\/\"]}]},{\"@type\":\"ImageObject\",\"inLanguage\":\"de\",\"@id\":\"https:\\\/\\\/www.malmberg.se\\\/de\\\/was-wir-tun\\\/energieloesungen\\\/waermepumpensysteme\\\/#primaryimage\",\"url\":\"https:\\\/\\\/www.malmberg.se\\\/de\\\/wp-content\\\/uploads\\\/sites\\\/2\\\/2025\\\/05\\\/Klevland_malmberg_feb25-23-komp.jpg\",\"contentUrl\":\"https:\\\/\\\/www.malmberg.se\\\/de\\\/wp-content\\\/uploads\\\/sites\\\/2\\\/2025\\\/05\\\/Klevland_malmberg_feb25-23-komp.jpg\"},{\"@type\":\"BreadcrumbList\",\"@id\":\"https:\\\/\\\/www.malmberg.se\\\/de\\\/was-wir-tun\\\/energieloesungen\\\/waermepumpensysteme\\\/#breadcrumb\",\"itemListElement\":[{\"@type\":\"ListItem\",\"position\":1,\"name\":\"Hem\",\"item\":\"https:\\\/\\\/www.malmberg.se\\\/de\\\/\"},{\"@type\":\"ListItem\",\"position\":2,\"name\":\"Was wir tun\",\"item\":\"https:\\\/\\\/www.malmberg.se\\\/de\\\/was-wir-tun\\\/\"},{\"@type\":\"ListItem\",\"position\":3,\"name\":\"Energiel\u00f6sungen\",\"item\":\"https:\\\/\\\/www.malmberg.se\\\/de\\\/was-wir-tun\\\/energieloesungen\\\/\"},{\"@type\":\"ListItem\",\"position\":4,\"name\":\"W\u00e4rmepumpensysteme\"}]},{\"@type\":\"WebSite\",\"@id\":\"https:\\\/\\\/www.malmberg.se\\\/de\\\/#website\",\"url\":\"https:\\\/\\\/www.malmberg.se\\\/de\\\/\",\"name\":\"Malmberg DE\",\"description\":\"\",\"potentialAction\":[{\"@type\":\"SearchAction\",\"target\":{\"@type\":\"EntryPoint\",\"urlTemplate\":\"https:\\\/\\\/www.malmberg.se\\\/de\\\/?s={search_term_string}\"},\"query-input\":{\"@type\":\"PropertyValueSpecification\",\"valueRequired\":true,\"valueName\":\"search_term_string\"}}],\"inLanguage\":\"de\"}]}<\/script>\n<!-- \/ Yoast SEO plugin. -->","yoast_head_json":{"title":"W\u00e4rmepumpensysteme - Malmberg DE","robots":{"index":"index","follow":"follow","max-snippet":"max-snippet:-1","max-image-preview":"max-image-preview:large","max-video-preview":"max-video-preview:-1"},"canonical":"https:\/\/www.malmberg.se\/de\/was-wir-tun\/energieloesungen\/waermepumpensysteme\/","og_locale":"de_DE","og_type":"article","og_title":"W\u00e4rmepumpensysteme - Malmberg DE","og_description":"Ein geothermie\u00adbasiertes W\u00e4rmepumpensystem von Malmberg sorgt das ganze Jahr \u00fcber f\u00fcr die richtige Temperatur in Ihrer Immobilie. Wir nutzen die nat\u00fcrliche Energie, die im Fels, im Erdreich oder im Grundwasser gespeichert ist, und entwickeln Systeme, in denen W\u00e4rmepumpen, Energiebohrungen und intelligente Speicher auf effizienteste Weise zusammenarbeiten. Alles wird auf Ihr Geb\u00e4ude und Ihre spezifischen Anforderungen [&hellip;]","og_url":"https:\/\/www.malmberg.se\/de\/was-wir-tun\/energieloesungen\/waermepumpensysteme\/","og_site_name":"Malmberg DE","article_modified_time":"2025-12-10T08:43:10+00:00","twitter_card":"summary_large_image","twitter_misc":{"Gesch\u00e4tzte Lesezeit":"2\u00a0Minuten"},"schema":{"@context":"https:\/\/schema.org","@graph":[{"@type":"WebPage","@id":"https:\/\/www.malmberg.se\/de\/was-wir-tun\/energieloesungen\/waermepumpensysteme\/","url":"https:\/\/www.malmberg.se\/de\/was-wir-tun\/energieloesungen\/waermepumpensysteme\/","name":"W\u00e4rmepumpensysteme - Malmberg DE","isPartOf":{"@id":"https:\/\/www.malmberg.se\/de\/#website"},"primaryImageOfPage":{"@id":"https:\/\/www.malmberg.se\/de\/was-wir-tun\/energieloesungen\/waermepumpensysteme\/#primaryimage"},"image":{"@id":"https:\/\/www.malmberg.se\/de\/was-wir-tun\/energieloesungen\/waermepumpensysteme\/#primaryimage"},"thumbnailUrl":"https:\/\/www.malmberg.se\/de\/wp-content\/uploads\/sites\/2\/2025\/05\/Klevland_malmberg_feb25-23-komp.jpg","datePublished":"2025-12-08T10:31:15+00:00","dateModified":"2025-12-10T08:43:10+00:00","breadcrumb":{"@id":"https:\/\/www.malmberg.se\/de\/was-wir-tun\/energieloesungen\/waermepumpensysteme\/#breadcrumb"},"inLanguage":"de","potentialAction":[{"@type":"ReadAction","target":["https:\/\/www.malmberg.se\/de\/was-wir-tun\/energieloesungen\/waermepumpensysteme\/"]}]},{"@type":"ImageObject","inLanguage":"de","@id":"https:\/\/www.malmberg.se\/de\/was-wir-tun\/energieloesungen\/waermepumpensysteme\/#primaryimage","url":"https:\/\/www.malmberg.se\/de\/wp-content\/uploads\/sites\/2\/2025\/05\/Klevland_malmberg_feb25-23-komp.jpg","contentUrl":"https:\/\/www.malmberg.se\/de\/wp-content\/uploads\/sites\/2\/2025\/05\/Klevland_malmberg_feb25-23-komp.jpg"},{"@type":"BreadcrumbList","@id":"https:\/\/www.malmberg.se\/de\/was-wir-tun\/energieloesungen\/waermepumpensysteme\/#breadcrumb","itemListElement":[{"@type":"ListItem","position":1,"name":"Hem","item":"https:\/\/www.malmberg.se\/de\/"},{"@type":"ListItem","position":2,"name":"Was wir tun","item":"https:\/\/www.malmberg.se\/de\/was-wir-tun\/"},{"@type":"ListItem","position":3,"name":"Energiel\u00f6sungen","item":"https:\/\/www.malmberg.se\/de\/was-wir-tun\/energieloesungen\/"},{"@type":"ListItem","position":4,"name":"W\u00e4rmepumpensysteme"}]},{"@type":"WebSite","@id":"https:\/\/www.malmberg.se\/de\/#website","url":"https:\/\/www.malmberg.se\/de\/","name":"Malmberg DE","description":"","potentialAction":[{"@type":"SearchAction","target":{"@type":"EntryPoint","urlTemplate":"https:\/\/www.malmberg.se\/de\/?s={search_term_string}"},"query-input":{"@type":"PropertyValueSpecification","valueRequired":true,"valueName":"search_term_string"}}],"inLanguage":"de"}]}},"_links":{"self":[{"href":"https:\/\/www.malmberg.se\/de\/wp-json\/wp\/v2\/pages\/1762","targetHints":{"allow":["GET"]}}],"collection":[{"href":"https:\/\/www.malmberg.se\/de\/wp-json\/wp\/v2\/pages"}],"about":[{"href":"https:\/\/www.malmberg.se\/de\/wp-json\/wp\/v2\/types\/page"}],"author":[{"embeddable":true,"href":"https:\/\/www.malmberg.se\/de\/wp-json\/wp\/v2\/users\/1"}],"replies":[{"embeddable":true,"href":"https:\/\/www.malmberg.se\/de\/wp-json\/wp\/v2\/comments?post=1762"}],"version-history":[{"count":2,"href":"https:\/\/www.malmberg.se\/de\/wp-json\/wp\/v2\/pages\/1762\/revisions"}],"predecessor-version":[{"id":1817,"href":"https:\/\/www.malmberg.se\/de\/wp-json\/wp\/v2\/pages\/1762\/revisions\/1817"}],"up":[{"embeddable":true,"href":"https:\/\/www.malmberg.se\/de\/wp-json\/wp\/v2\/pages\/16"}],"wp:featuredmedia":[{"embeddable":true,"href":"https:\/\/www.malmberg.se\/de\/wp-json\/"}],"wp:attachment":[{"href":"https:\/\/www.malmberg.se\/de\/wp-json\/wp\/v2\/media?parent=1762"}],"curies":[{"name":"wp","href":"https:\/\/api.w.org\/{rel}","templated":true}]}}