{"id":1766,"date":"2025-12-08T11:40:46","date_gmt":"2025-12-08T10:40:46","guid":{"rendered":"https:\/\/www.malmberg.se\/de-new\/?page_id=1766"},"modified":"2025-12-10T09:30:49","modified_gmt":"2025-12-10T08:30:49","slug":"hybrid-solutions","status":"publish","type":"page","link":"https:\/\/www.malmberg.se\/de\/was-wir-tun\/energieloesungen\/hybrid-solutions\/","title":{"rendered":"Hybridl\u00f6sungen"},"content":{"rendered":"\n<p>Unser Malmberg-Hybridkonzept vereint mehrere Energiequellen in einem integrierten System, in dem jedes Kilowatt genutzt wird.<\/p>\n\n\n\n<p>Wir entwickeln und bauen ma\u00dfgeschneiderte Energiesysteme, die W\u00e4rmepumpen, Solarmodule, Batteriespeicher und Geothermie kombinieren. Durch die Verbindung dieser Technologien k\u00f6nnen Sie \u00fcbersch\u00fcssige W\u00e4rme zur\u00fcckgewinnen, Lastspitzen ausgleichen und sicherstellen, dass die verf\u00fcgbare Energie dort eingesetzt wird, wo sie den gr\u00f6\u00dften Nutzen bringt.<\/p>\n\n\n\n<p>Das Ergebnis? Ein unabh\u00e4ngiges Hybridsystem, das den Bedarf an zugekaufter Energie reduziert, die Belastung des Stromnetzes ausgleicht und erhebliche \u00f6kologische Vorteile bietet.<\/p>\n\n\n\n<section id=\"image-and-content-section-block_946d5e028b571f20d4308a58e86b95e1\" class=\"image-and-content-section wide center-h paddingside desktop:flex desktop:items-center\">\n    <div class=\"reveal w-full desktop:h-full desktop:w-5\/12\">\n                   <div class=\"image-wrap\">\n                <img decoding=\"async\" src=\"https:\/\/www.malmberg.se\/de\/wp-content\/uploads\/sites\/2\/2025\/05\/Klevland_malmberg_feb25-21-1-683x1024.jpg\" alt=\"\" class=\"center-h desktop:aspect-[5\/7] desktop:object-cover desktop:object-center desktop:h-[700px]\">\n            <\/div>\n            <\/div>\n    <div class=\"w-full py-8 laptop:py-16 laptop:px-16 desktop:w-3\/5 desktop:px-32\">\n        <div class=\"scroll_reveal__ animation-delay\">\n                          <h2 class=\"multi_color_heading pb-4\">Was kann ein <em>Malmberg-Hybridsystem umfassen?<\/em><\/h2>\n                      <ul>\n<li>W\u00e4rmepumpen<\/li>\n<li>Solarmodule<\/li>\n<li>Batteriespeicher<\/li>\n<li>Geothermie<\/li>\n<li>Intelligente Steuerungssysteme<\/li>\n<\/ul>\n<article class=\"text-token-text-primary w-full focus:outline-none [--shadow-height:45px] has-data-writing-block:pointer-events-none has-data-writing-block:-mt-(--shadow-height) has-data-writing-block:pt-(--shadow-height) [&amp;:has([data-writing-block])&gt;*]:pointer-events-auto scroll-mt-[calc(var(--header-height)+min(200px,max(70px,20svh)))]\" dir=\"auto\" data-turn-id=\"request-WEB:ddfcd5ac-eef2-4657-92e8-c729d7a4d1db-75\" data-testid=\"conversation-turn-90\" data-scroll-anchor=\"true\" data-turn=\"assistant\">\n<div class=\"text-base my-auto mx-auto pb-10 [--thread-content-margin:--spacing(4)] @w-sm\/main:[--thread-content-margin:--spacing(6)] @w-lg\/main:[--thread-content-margin:--spacing(16)] px-(--thread-content-margin)\">\n<div class=\"[--thread-content-max-width:40rem] @w-lg\/main:[--thread-content-max-width:48rem] mx-auto max-w-(--thread-content-max-width) flex-1 group\/turn-messages focus-visible:outline-hidden relative flex w-full min-w-0 flex-col agent-turn\"><\/div>\n<\/div>\n<\/article>\n<div class=\"pointer-events-none h-px w-px\" aria-hidden=\"true\" data-edge=\"true\"><\/div>\n                   <\/div>\n    <\/div>\n<\/section><!-- .content_beside_img_section -->\n\n\n\n<section id=\"content-with-background-section-block_4d2bdc7e3d52f18d8147a4dced5fa8c9\" class=\"content-with-background-section aligncenter content_with_background_section paddingside\">\n    <div class=\"max-width center-h paddingallx2\" style=\"background-color:#0056b8; color: #ffffff\">\n        <div class=\"max-width7 center-h\">\n            <h3>Intelligente Steuerung macht alles m\u00f6glich<\/h3>\n<p>Ein smartes Steuerungssystem ist entscheidend, um alle Komponenten miteinander zu verbinden. Unsere Steuerungs- und Optimierungsl\u00f6sungen sorgen daf\u00fcr, dass Ihr Energiesystem reibungslos, effizient und st\u00f6rungsfrei l\u00e4uft.<\/p>\n        <\/div>\n    <\/div>\n<\/section><!-- .downlaods_block -->\n\n\n<figure class=\"wp-block-image alignwide size-large\"><img loading=\"lazy\" decoding=\"async\" width=\"1024\" height=\"576\" src=\"https:\/\/www.malmberg.se\/wp-content\/uploads\/sites\/2\/2025\/05\/malmberg-hybrid-1024x576.png\" alt=\"\" class=\"wp-image-2737\" srcset=\"https:\/\/www.malmberg.se\/de\/wp-content\/uploads\/sites\/2\/2025\/05\/malmberg-hybrid-1024x576.png 1024w, https:\/\/www.malmberg.se\/de\/wp-content\/uploads\/sites\/2\/2025\/05\/malmberg-hybrid-300x169.png 300w, https:\/\/www.malmberg.se\/de\/wp-content\/uploads\/sites\/2\/2025\/05\/malmberg-hybrid-768x432.png 768w, https:\/\/www.malmberg.se\/de\/wp-content\/uploads\/sites\/2\/2025\/05\/malmberg-hybrid.png 1281w\" sizes=\"auto, (max-width: 1024px) 100vw, 1024px\" \/><\/figure>\n\n\n\n<div style=\"height:64px\" aria-hidden=\"true\" class=\"wp-block-spacer\"><\/div>\n\n\n\n<p><strong>So k\u00f6nnen mehrere Energiequellen zusammenarbeiten<\/strong><\/p>\n\n\n\n<ul class=\"wp-block-list\">\n<li>Solarmodule erzeugen sowohl Strom als auch W\u00e4rme<\/li>\n\n\n\n<li>Batterien speichern die Solarenergie f\u00fcr den sp\u00e4teren Einsatz<\/li>\n\n\n\n<li>W\u00e4rmepumpen gewinnen Energie aus dem Erdreich, der Luft oder dem Wasser<\/li>\n\n\n\n<li>\u00dcbersch\u00fcssige W\u00e4rme wird in Bohrl\u00f6chern oder Pufferspeichern gespeichert<\/li>\n\n\n\n<li>Intelligente Steuerungssysteme halten alles im Gleichgewicht<\/li>\n<\/ul>\n\n\n\n<p>Die Energiesysteme der Zukunft basieren nicht auf einer einzigen Quelle. Sie bestehen aus mehreren Komponenten, die zusammenarbeiten \u2013 aus Technologien, die auf den Ort, das Geb\u00e4ude und die Menschen, die dort leben und arbeiten, abgestimmt sind.<\/p>\n\n\n\n<div style=\"height:64px\" aria-hidden=\"true\" class=\"wp-block-spacer\"><\/div>\n","protected":false},"excerpt":{"rendered":"<p>Unser Malmberg-Hybridkonzept vereint mehrere Energiequellen in einem integrierten System, in dem jedes Kilowatt genutzt wird. Wir entwickeln und bauen ma\u00dfgeschneiderte Energiesysteme, die W\u00e4rmepumpen, Solarmodule, Batteriespeicher und Geothermie kombinieren. Durch die Verbindung dieser Technologien k\u00f6nnen Sie \u00fcbersch\u00fcssige W\u00e4rme zur\u00fcckgewinnen, Lastspitzen ausgleichen und sicherstellen, dass die verf\u00fcgbare Energie dort eingesetzt wird, wo sie den gr\u00f6\u00dften Nutzen bringt. [&hellip;]<\/p>\n","protected":false},"author":1,"featured_media":2738,"parent":16,"menu_order":20,"comment_status":"closed","ping_status":"closed","template":"","meta":{"_acf_changed":false,"footnotes":""},"class_list":["post-1766","page","type-page","status-publish","has-post-thumbnail","hentry"],"acf":[],"yoast_head":"<!-- This site is optimized with the Yoast SEO plugin v27.3 - https:\/\/yoast.com\/product\/yoast-seo-wordpress\/ -->\n<title>Hybridl\u00f6sungen - Malmberg DE<\/title>\n<meta name=\"robots\" content=\"index, follow, max-snippet:-1, max-image-preview:large, max-video-preview:-1\" \/>\n<link rel=\"canonical\" href=\"https:\/\/www.malmberg.se\/de\/was-wir-tun\/energieloesungen\/hybrid-solutions\/\" \/>\n<meta property=\"og:locale\" content=\"de_DE\" \/>\n<meta property=\"og:type\" content=\"article\" \/>\n<meta property=\"og:title\" content=\"Hybridl\u00f6sungen - Malmberg DE\" \/>\n<meta property=\"og:description\" content=\"Unser Malmberg-Hybridkonzept vereint mehrere Energiequellen in einem integrierten System, in dem jedes Kilowatt genutzt wird. Wir entwickeln und bauen ma\u00dfgeschneiderte Energiesysteme, die W\u00e4rmepumpen, Solarmodule, Batteriespeicher und Geothermie kombinieren. Durch die Verbindung dieser Technologien k\u00f6nnen Sie \u00fcbersch\u00fcssige W\u00e4rme zur\u00fcckgewinnen, Lastspitzen ausgleichen und sicherstellen, dass die verf\u00fcgbare Energie dort eingesetzt wird, wo sie den gr\u00f6\u00dften Nutzen bringt. [&hellip;]\" \/>\n<meta property=\"og:url\" content=\"https:\/\/www.malmberg.se\/de\/was-wir-tun\/energieloesungen\/hybrid-solutions\/\" \/>\n<meta property=\"og:site_name\" content=\"Malmberg DE\" \/>\n<meta property=\"article:modified_time\" content=\"2025-12-10T08:30:49+00:00\" \/>\n<meta name=\"twitter:card\" content=\"summary_large_image\" \/>\n<meta name=\"twitter:label1\" content=\"Gesch\u00e4tzte Lesezeit\" \/>\n\t<meta name=\"twitter:data1\" content=\"2\u00a0Minuten\" \/>\n<script type=\"application\/ld+json\" class=\"yoast-schema-graph\">{\"@context\":\"https:\\\/\\\/schema.org\",\"@graph\":[{\"@type\":\"WebPage\",\"@id\":\"https:\\\/\\\/www.malmberg.se\\\/de\\\/was-wir-tun\\\/energieloesungen\\\/hybrid-solutions\\\/\",\"url\":\"https:\\\/\\\/www.malmberg.se\\\/de\\\/was-wir-tun\\\/energieloesungen\\\/hybrid-solutions\\\/\",\"name\":\"Hybridl\u00f6sungen - Malmberg DE\",\"isPartOf\":{\"@id\":\"https:\\\/\\\/www.malmberg.se\\\/de\\\/#website\"},\"primaryImageOfPage\":{\"@id\":\"https:\\\/\\\/www.malmberg.se\\\/de\\\/was-wir-tun\\\/energieloesungen\\\/hybrid-solutions\\\/#primaryimage\"},\"image\":{\"@id\":\"https:\\\/\\\/www.malmberg.se\\\/de\\\/was-wir-tun\\\/energieloesungen\\\/hybrid-solutions\\\/#primaryimage\"},\"thumbnailUrl\":\"https:\\\/\\\/www.malmberg.se\\\/de\\\/wp-content\\\/uploads\\\/sites\\\/2\\\/2025\\\/05\\\/Klevland_malmberg_feb25-35.jpg\",\"datePublished\":\"2025-12-08T10:40:46+00:00\",\"dateModified\":\"2025-12-10T08:30:49+00:00\",\"breadcrumb\":{\"@id\":\"https:\\\/\\\/www.malmberg.se\\\/de\\\/was-wir-tun\\\/energieloesungen\\\/hybrid-solutions\\\/#breadcrumb\"},\"inLanguage\":\"de\",\"potentialAction\":[{\"@type\":\"ReadAction\",\"target\":[\"https:\\\/\\\/www.malmberg.se\\\/de\\\/was-wir-tun\\\/energieloesungen\\\/hybrid-solutions\\\/\"]}]},{\"@type\":\"ImageObject\",\"inLanguage\":\"de\",\"@id\":\"https:\\\/\\\/www.malmberg.se\\\/de\\\/was-wir-tun\\\/energieloesungen\\\/hybrid-solutions\\\/#primaryimage\",\"url\":\"https:\\\/\\\/www.malmberg.se\\\/de\\\/wp-content\\\/uploads\\\/sites\\\/2\\\/2025\\\/05\\\/Klevland_malmberg_feb25-35.jpg\",\"contentUrl\":\"https:\\\/\\\/www.malmberg.se\\\/de\\\/wp-content\\\/uploads\\\/sites\\\/2\\\/2025\\\/05\\\/Klevland_malmberg_feb25-35.jpg\"},{\"@type\":\"BreadcrumbList\",\"@id\":\"https:\\\/\\\/www.malmberg.se\\\/de\\\/was-wir-tun\\\/energieloesungen\\\/hybrid-solutions\\\/#breadcrumb\",\"itemListElement\":[{\"@type\":\"ListItem\",\"position\":1,\"name\":\"Hem\",\"item\":\"https:\\\/\\\/www.malmberg.se\\\/de\\\/\"},{\"@type\":\"ListItem\",\"position\":2,\"name\":\"Was wir tun\",\"item\":\"https:\\\/\\\/www.malmberg.se\\\/de\\\/was-wir-tun\\\/\"},{\"@type\":\"ListItem\",\"position\":3,\"name\":\"Energiel\u00f6sungen\",\"item\":\"https:\\\/\\\/www.malmberg.se\\\/de\\\/was-wir-tun\\\/energieloesungen\\\/\"},{\"@type\":\"ListItem\",\"position\":4,\"name\":\"Hybridl\u00f6sungen\"}]},{\"@type\":\"WebSite\",\"@id\":\"https:\\\/\\\/www.malmberg.se\\\/de\\\/#website\",\"url\":\"https:\\\/\\\/www.malmberg.se\\\/de\\\/\",\"name\":\"Malmberg DE\",\"description\":\"\",\"potentialAction\":[{\"@type\":\"SearchAction\",\"target\":{\"@type\":\"EntryPoint\",\"urlTemplate\":\"https:\\\/\\\/www.malmberg.se\\\/de\\\/?s={search_term_string}\"},\"query-input\":{\"@type\":\"PropertyValueSpecification\",\"valueRequired\":true,\"valueName\":\"search_term_string\"}}],\"inLanguage\":\"de\"}]}<\/script>\n<!-- \/ Yoast SEO plugin. -->","yoast_head_json":{"title":"Hybridl\u00f6sungen - Malmberg DE","robots":{"index":"index","follow":"follow","max-snippet":"max-snippet:-1","max-image-preview":"max-image-preview:large","max-video-preview":"max-video-preview:-1"},"canonical":"https:\/\/www.malmberg.se\/de\/was-wir-tun\/energieloesungen\/hybrid-solutions\/","og_locale":"de_DE","og_type":"article","og_title":"Hybridl\u00f6sungen - Malmberg DE","og_description":"Unser Malmberg-Hybridkonzept vereint mehrere Energiequellen in einem integrierten System, in dem jedes Kilowatt genutzt wird. Wir entwickeln und bauen ma\u00dfgeschneiderte Energiesysteme, die W\u00e4rmepumpen, Solarmodule, Batteriespeicher und Geothermie kombinieren. Durch die Verbindung dieser Technologien k\u00f6nnen Sie \u00fcbersch\u00fcssige W\u00e4rme zur\u00fcckgewinnen, Lastspitzen ausgleichen und sicherstellen, dass die verf\u00fcgbare Energie dort eingesetzt wird, wo sie den gr\u00f6\u00dften Nutzen bringt. [&hellip;]","og_url":"https:\/\/www.malmberg.se\/de\/was-wir-tun\/energieloesungen\/hybrid-solutions\/","og_site_name":"Malmberg DE","article_modified_time":"2025-12-10T08:30:49+00:00","twitter_card":"summary_large_image","twitter_misc":{"Gesch\u00e4tzte Lesezeit":"2\u00a0Minuten"},"schema":{"@context":"https:\/\/schema.org","@graph":[{"@type":"WebPage","@id":"https:\/\/www.malmberg.se\/de\/was-wir-tun\/energieloesungen\/hybrid-solutions\/","url":"https:\/\/www.malmberg.se\/de\/was-wir-tun\/energieloesungen\/hybrid-solutions\/","name":"Hybridl\u00f6sungen - Malmberg DE","isPartOf":{"@id":"https:\/\/www.malmberg.se\/de\/#website"},"primaryImageOfPage":{"@id":"https:\/\/www.malmberg.se\/de\/was-wir-tun\/energieloesungen\/hybrid-solutions\/#primaryimage"},"image":{"@id":"https:\/\/www.malmberg.se\/de\/was-wir-tun\/energieloesungen\/hybrid-solutions\/#primaryimage"},"thumbnailUrl":"https:\/\/www.malmberg.se\/de\/wp-content\/uploads\/sites\/2\/2025\/05\/Klevland_malmberg_feb25-35.jpg","datePublished":"2025-12-08T10:40:46+00:00","dateModified":"2025-12-10T08:30:49+00:00","breadcrumb":{"@id":"https:\/\/www.malmberg.se\/de\/was-wir-tun\/energieloesungen\/hybrid-solutions\/#breadcrumb"},"inLanguage":"de","potentialAction":[{"@type":"ReadAction","target":["https:\/\/www.malmberg.se\/de\/was-wir-tun\/energieloesungen\/hybrid-solutions\/"]}]},{"@type":"ImageObject","inLanguage":"de","@id":"https:\/\/www.malmberg.se\/de\/was-wir-tun\/energieloesungen\/hybrid-solutions\/#primaryimage","url":"https:\/\/www.malmberg.se\/de\/wp-content\/uploads\/sites\/2\/2025\/05\/Klevland_malmberg_feb25-35.jpg","contentUrl":"https:\/\/www.malmberg.se\/de\/wp-content\/uploads\/sites\/2\/2025\/05\/Klevland_malmberg_feb25-35.jpg"},{"@type":"BreadcrumbList","@id":"https:\/\/www.malmberg.se\/de\/was-wir-tun\/energieloesungen\/hybrid-solutions\/#breadcrumb","itemListElement":[{"@type":"ListItem","position":1,"name":"Hem","item":"https:\/\/www.malmberg.se\/de\/"},{"@type":"ListItem","position":2,"name":"Was wir tun","item":"https:\/\/www.malmberg.se\/de\/was-wir-tun\/"},{"@type":"ListItem","position":3,"name":"Energiel\u00f6sungen","item":"https:\/\/www.malmberg.se\/de\/was-wir-tun\/energieloesungen\/"},{"@type":"ListItem","position":4,"name":"Hybridl\u00f6sungen"}]},{"@type":"WebSite","@id":"https:\/\/www.malmberg.se\/de\/#website","url":"https:\/\/www.malmberg.se\/de\/","name":"Malmberg DE","description":"","potentialAction":[{"@type":"SearchAction","target":{"@type":"EntryPoint","urlTemplate":"https:\/\/www.malmberg.se\/de\/?s={search_term_string}"},"query-input":{"@type":"PropertyValueSpecification","valueRequired":true,"valueName":"search_term_string"}}],"inLanguage":"de"}]}},"_links":{"self":[{"href":"https:\/\/www.malmberg.se\/de\/wp-json\/wp\/v2\/pages\/1766","targetHints":{"allow":["GET"]}}],"collection":[{"href":"https:\/\/www.malmberg.se\/de\/wp-json\/wp\/v2\/pages"}],"about":[{"href":"https:\/\/www.malmberg.se\/de\/wp-json\/wp\/v2\/types\/page"}],"author":[{"embeddable":true,"href":"https:\/\/www.malmberg.se\/de\/wp-json\/wp\/v2\/users\/1"}],"replies":[{"embeddable":true,"href":"https:\/\/www.malmberg.se\/de\/wp-json\/wp\/v2\/comments?post=1766"}],"version-history":[{"count":2,"href":"https:\/\/www.malmberg.se\/de\/wp-json\/wp\/v2\/pages\/1766\/revisions"}],"predecessor-version":[{"id":1819,"href":"https:\/\/www.malmberg.se\/de\/wp-json\/wp\/v2\/pages\/1766\/revisions\/1819"}],"up":[{"embeddable":true,"href":"https:\/\/www.malmberg.se\/de\/wp-json\/wp\/v2\/pages\/16"}],"wp:featuredmedia":[{"embeddable":true,"href":"https:\/\/www.malmberg.se\/de\/wp-json\/"}],"wp:attachment":[{"href":"https:\/\/www.malmberg.se\/de\/wp-json\/wp\/v2\/media?parent=1766"}],"curies":[{"name":"wp","href":"https:\/\/api.w.org\/{rel}","templated":true}]}}