{"id":1771,"date":"2025-12-08T11:45:57","date_gmt":"2025-12-08T10:45:57","guid":{"rendered":"https:\/\/www.malmberg.se\/de-new\/?page_id=1771"},"modified":"2025-12-10T09:42:42","modified_gmt":"2025-12-10T08:42:42","slug":"energiespeicherung","status":"publish","type":"page","link":"https:\/\/www.malmberg.se\/de\/was-wir-tun\/energieloesungen\/energiespeicherung\/","title":{"rendered":"Energiespeicherung"},"content":{"rendered":"\n<p>Die W\u00e4rme, die Sie im Februar ben\u00f6tigen, war bereits im Juli vorhanden. Wir sorgen daf\u00fcr, dass sie nicht verloren geht. Mit Energiespeicherung fangen wir \u00fcbersch\u00fcssige W\u00e4rme aus dem Sommer und K\u00e4lte aus dem Winter ein, speichern sie im Boden, im Wasser oder in Tanks und stellen sie dann bereit, wenn die Nachfrage am h\u00f6chsten ist.<\/p>\n\n\n\n<p>Mit der richtigen Speicherl\u00f6sung k\u00f6nnen Sie W\u00e4rme, K\u00e4lte oder Strom dann speichern, wenn das Angebot gro\u00df ist, und nutzen, wenn es am wichtigsten ist. Das bedeutet geringere Energiekosten, weniger Lastspitzen und eine stabilere und zuverl\u00e4ssigere Energieversorgung das ganze Jahr \u00fcber.<\/p>\n\n\n\n<p>Wir passen jedes Speichersystem an Ihre Geologie, Ihren Energiebedarf und Ihre bestehende Infrastruktur an. Ob saisonale Speicherung oder t\u00e4glicher Ausgleich \u2013 wir begleiten Sie von der Analyse und Planung bis hin zur Inbetriebnahme und zum Service.<\/p>\n\n\n\n<section id=\"image-and-content-section-block_fac0a1ce863e4386e2108157a12f3677\" class=\"image-and-content-section wide center-h paddingside desktop:flex desktop:items-center\">\n    <div class=\"reveal w-full desktop:h-full desktop:w-5\/12\">\n                   <div class=\"image-wrap\">\n                <img decoding=\"async\" src=\"https:\/\/www.malmberg.se\/de\/wp-content\/uploads\/sites\/2\/2025\/05\/malmberg-energilagring-683x1024.jpg\" alt=\"\" class=\"center-h desktop:aspect-[5\/7] desktop:object-cover desktop:object-center desktop:h-[700px]\">\n            <\/div>\n            <\/div>\n    <div class=\"w-full py-8 laptop:py-16 laptop:px-16 desktop:w-3\/5 desktop:px-32\">\n        <div class=\"scroll_reveal__ animation-delay\">\n                      <h3>Bohrlochspeicher<\/h3>\n<p>Im Sommer speichern wir \u00fcbersch\u00fcssige W\u00e4rme im Felsgestein, um sie im Winter zu nutzen. Im Winter machen wir das Gegenteil und speichern K\u00e4lte, die im Sommer f\u00fcr Klimatisierung verwendet werden kann. Eine zuverl\u00e4ssige und bew\u00e4hrte Methode zur saisonalen Energiespeicherung \u2013 gest\u00fctzt auf jahrzehntelange Erfahrung sowohl in der Bohrtechnik als auch in Energiesystemen.<\/p>\n<h3>Grundwasserspeicher<\/h3>\n<p>Mit der Speicherung im Grundwasser k\u00f6nnen wir sowohl W\u00e4rme als auch K\u00e4lte \u00fcber die Jahreszeiten hinweg speichern. Sommerw\u00e4rme wird im Aquifer eingelagert und im Winter wiederentnommen, w\u00e4hrend Winterk\u00e4lte f\u00fcr die warmen Monate bereitgehalten wird. Eine leistungsstarke L\u00f6sung mit schneller Energie\u00fcbertragung, besonders effektiv in Gebieten mit geeigneter Geologie. Wir bohren, bauen und passen jedes System an die lokalen Bedingungen an.<\/p>\n                   <\/div>\n    <\/div>\n<\/section><!-- .content_beside_img_section -->\n\n\n\n<h2 class=\"wp-block-heading has-bla-color has-text-color has-link-color wp-elements-f5909efdd55c96197fcc1c9ec56f8ded\">Weitere intelligente M\u00f6glichkeiten zur Energiespeicherung<br><\/h2>\n\n\n\n<div class=\"wp-block-columns is-layout-flex wp-container-core-columns-is-layout-9d6595d7 wp-block-columns-is-layout-flex\">\n<div class=\"wp-block-column is-layout-flow wp-block-column-is-layout-flow\">\n<h4 class=\"wp-block-heading has-bla-color has-text-color has-link-color wp-elements-b6005fe48f436a2995ac76f7e800bd1c\">Pufferspeicher<\/h4>\n\n\n\n<p>Ideal, um t\u00e4gliche Energiefl\u00fcsse auszugleichen. Ein Speicher, der W\u00e4rme oder K\u00e4lte aufnimmt und hilft, Produktion und Bedarf in Einklang zu bringen.<\/p>\n<\/div>\n\n\n\n<div class=\"wp-block-column is-layout-flow wp-block-column-is-layout-flow\">\n<h4 class=\"wp-block-heading has-bla-color has-text-color has-link-color wp-elements-347b47878ab1c2aa9c728a882c260068\">Sandw\u00e4rmespeicher<\/h4>\n\n\n\n<p>Sand dient als nat\u00fcrliches, trockenes W\u00e4rmereservoir. Eine stabile L\u00f6sung f\u00fcr die langfristige thermische Speicherung \u2013 einsatzbereit, wenn sie gebraucht wird.<\/p>\n<\/div>\n\n\n\n<div class=\"wp-block-column is-layout-flow wp-block-column-is-layout-flow\">\n<h4 class=\"wp-block-heading has-bla-color has-text-color has-link-color wp-elements-75cd61c6042a98ca09fd977c5c7f9595\">Batteriesysteme<\/h4>\n\n\n\n<p>Speichern Strom, reduzieren Lastspitzen und bieten zus\u00e4tzliche Sicherheit bei Stromausf\u00e4llen. Sie erm\u00f6glichen eine bessere Kontrolle \u00fcber den Energieverbrauch \u2014 auch dann, wenn das Netz unter Druck steht.<\/p>\n<\/div>\n<\/div>\n","protected":false},"excerpt":{"rendered":"<p>Die W\u00e4rme, die Sie im Februar ben\u00f6tigen, war bereits im Juli vorhanden. Wir sorgen daf\u00fcr, dass sie nicht verloren geht. Mit Energiespeicherung fangen wir \u00fcbersch\u00fcssige W\u00e4rme aus dem Sommer und K\u00e4lte aus dem Winter ein, speichern sie im Boden, im Wasser oder in Tanks und stellen sie dann bereit, wenn die Nachfrage am h\u00f6chsten ist. [&hellip;]<\/p>\n","protected":false},"author":1,"featured_media":2757,"parent":16,"menu_order":50,"comment_status":"closed","ping_status":"closed","template":"","meta":{"_acf_changed":false,"footnotes":""},"class_list":["post-1771","page","type-page","status-publish","has-post-thumbnail","hentry"],"acf":[],"yoast_head":"<!-- This site is optimized with the Yoast SEO plugin v27.3 - https:\/\/yoast.com\/product\/yoast-seo-wordpress\/ -->\n<title>Energiespeicherung - Malmberg DE<\/title>\n<meta name=\"robots\" content=\"index, follow, max-snippet:-1, max-image-preview:large, max-video-preview:-1\" \/>\n<link rel=\"canonical\" href=\"https:\/\/www.malmberg.se\/de\/was-wir-tun\/energieloesungen\/energiespeicherung\/\" \/>\n<meta property=\"og:locale\" content=\"de_DE\" \/>\n<meta property=\"og:type\" content=\"article\" \/>\n<meta property=\"og:title\" content=\"Energiespeicherung - Malmberg DE\" \/>\n<meta property=\"og:description\" content=\"Die W\u00e4rme, die Sie im Februar ben\u00f6tigen, war bereits im Juli vorhanden. Wir sorgen daf\u00fcr, dass sie nicht verloren geht. Mit Energiespeicherung fangen wir \u00fcbersch\u00fcssige W\u00e4rme aus dem Sommer und K\u00e4lte aus dem Winter ein, speichern sie im Boden, im Wasser oder in Tanks und stellen sie dann bereit, wenn die Nachfrage am h\u00f6chsten ist. [&hellip;]\" \/>\n<meta property=\"og:url\" content=\"https:\/\/www.malmberg.se\/de\/was-wir-tun\/energieloesungen\/energiespeicherung\/\" \/>\n<meta property=\"og:site_name\" content=\"Malmberg DE\" \/>\n<meta property=\"article:modified_time\" content=\"2025-12-10T08:42:42+00:00\" \/>\n<meta name=\"twitter:card\" content=\"summary_large_image\" \/>\n<meta name=\"twitter:label1\" content=\"Gesch\u00e4tzte Lesezeit\" \/>\n\t<meta name=\"twitter:data1\" content=\"3\u00a0Minuten\" \/>\n<script type=\"application\/ld+json\" class=\"yoast-schema-graph\">{\"@context\":\"https:\\\/\\\/schema.org\",\"@graph\":[{\"@type\":\"WebPage\",\"@id\":\"https:\\\/\\\/www.malmberg.se\\\/de\\\/was-wir-tun\\\/energieloesungen\\\/energiespeicherung\\\/\",\"url\":\"https:\\\/\\\/www.malmberg.se\\\/de\\\/was-wir-tun\\\/energieloesungen\\\/energiespeicherung\\\/\",\"name\":\"Energiespeicherung - Malmberg DE\",\"isPartOf\":{\"@id\":\"https:\\\/\\\/www.malmberg.se\\\/de\\\/#website\"},\"primaryImageOfPage\":{\"@id\":\"https:\\\/\\\/www.malmberg.se\\\/de\\\/was-wir-tun\\\/energieloesungen\\\/energiespeicherung\\\/#primaryimage\"},\"image\":{\"@id\":\"https:\\\/\\\/www.malmberg.se\\\/de\\\/was-wir-tun\\\/energieloesungen\\\/energiespeicherung\\\/#primaryimage\"},\"thumbnailUrl\":\"https:\\\/\\\/www.malmberg.se\\\/de\\\/wp-content\\\/uploads\\\/sites\\\/2\\\/2025\\\/06\\\/Skarmbild-2025-06-25-153617.png\",\"datePublished\":\"2025-12-08T10:45:57+00:00\",\"dateModified\":\"2025-12-10T08:42:42+00:00\",\"breadcrumb\":{\"@id\":\"https:\\\/\\\/www.malmberg.se\\\/de\\\/was-wir-tun\\\/energieloesungen\\\/energiespeicherung\\\/#breadcrumb\"},\"inLanguage\":\"de\",\"potentialAction\":[{\"@type\":\"ReadAction\",\"target\":[\"https:\\\/\\\/www.malmberg.se\\\/de\\\/was-wir-tun\\\/energieloesungen\\\/energiespeicherung\\\/\"]}]},{\"@type\":\"ImageObject\",\"inLanguage\":\"de\",\"@id\":\"https:\\\/\\\/www.malmberg.se\\\/de\\\/was-wir-tun\\\/energieloesungen\\\/energiespeicherung\\\/#primaryimage\",\"url\":\"https:\\\/\\\/www.malmberg.se\\\/de\\\/wp-content\\\/uploads\\\/sites\\\/2\\\/2025\\\/06\\\/Skarmbild-2025-06-25-153617.png\",\"contentUrl\":\"https:\\\/\\\/www.malmberg.se\\\/de\\\/wp-content\\\/uploads\\\/sites\\\/2\\\/2025\\\/06\\\/Skarmbild-2025-06-25-153617.png\"},{\"@type\":\"BreadcrumbList\",\"@id\":\"https:\\\/\\\/www.malmberg.se\\\/de\\\/was-wir-tun\\\/energieloesungen\\\/energiespeicherung\\\/#breadcrumb\",\"itemListElement\":[{\"@type\":\"ListItem\",\"position\":1,\"name\":\"Hem\",\"item\":\"https:\\\/\\\/www.malmberg.se\\\/de\\\/\"},{\"@type\":\"ListItem\",\"position\":2,\"name\":\"Was wir tun\",\"item\":\"https:\\\/\\\/www.malmberg.se\\\/de\\\/was-wir-tun\\\/\"},{\"@type\":\"ListItem\",\"position\":3,\"name\":\"Energiel\u00f6sungen\",\"item\":\"https:\\\/\\\/www.malmberg.se\\\/de\\\/was-wir-tun\\\/energieloesungen\\\/\"},{\"@type\":\"ListItem\",\"position\":4,\"name\":\"Energiespeicherung\"}]},{\"@type\":\"WebSite\",\"@id\":\"https:\\\/\\\/www.malmberg.se\\\/de\\\/#website\",\"url\":\"https:\\\/\\\/www.malmberg.se\\\/de\\\/\",\"name\":\"Malmberg DE\",\"description\":\"\",\"potentialAction\":[{\"@type\":\"SearchAction\",\"target\":{\"@type\":\"EntryPoint\",\"urlTemplate\":\"https:\\\/\\\/www.malmberg.se\\\/de\\\/?s={search_term_string}\"},\"query-input\":{\"@type\":\"PropertyValueSpecification\",\"valueRequired\":true,\"valueName\":\"search_term_string\"}}],\"inLanguage\":\"de\"}]}<\/script>\n<!-- \/ Yoast SEO plugin. -->","yoast_head_json":{"title":"Energiespeicherung - Malmberg DE","robots":{"index":"index","follow":"follow","max-snippet":"max-snippet:-1","max-image-preview":"max-image-preview:large","max-video-preview":"max-video-preview:-1"},"canonical":"https:\/\/www.malmberg.se\/de\/was-wir-tun\/energieloesungen\/energiespeicherung\/","og_locale":"de_DE","og_type":"article","og_title":"Energiespeicherung - Malmberg DE","og_description":"Die W\u00e4rme, die Sie im Februar ben\u00f6tigen, war bereits im Juli vorhanden. Wir sorgen daf\u00fcr, dass sie nicht verloren geht. Mit Energiespeicherung fangen wir \u00fcbersch\u00fcssige W\u00e4rme aus dem Sommer und K\u00e4lte aus dem Winter ein, speichern sie im Boden, im Wasser oder in Tanks und stellen sie dann bereit, wenn die Nachfrage am h\u00f6chsten ist. [&hellip;]","og_url":"https:\/\/www.malmberg.se\/de\/was-wir-tun\/energieloesungen\/energiespeicherung\/","og_site_name":"Malmberg DE","article_modified_time":"2025-12-10T08:42:42+00:00","twitter_card":"summary_large_image","twitter_misc":{"Gesch\u00e4tzte Lesezeit":"3\u00a0Minuten"},"schema":{"@context":"https:\/\/schema.org","@graph":[{"@type":"WebPage","@id":"https:\/\/www.malmberg.se\/de\/was-wir-tun\/energieloesungen\/energiespeicherung\/","url":"https:\/\/www.malmberg.se\/de\/was-wir-tun\/energieloesungen\/energiespeicherung\/","name":"Energiespeicherung - Malmberg DE","isPartOf":{"@id":"https:\/\/www.malmberg.se\/de\/#website"},"primaryImageOfPage":{"@id":"https:\/\/www.malmberg.se\/de\/was-wir-tun\/energieloesungen\/energiespeicherung\/#primaryimage"},"image":{"@id":"https:\/\/www.malmberg.se\/de\/was-wir-tun\/energieloesungen\/energiespeicherung\/#primaryimage"},"thumbnailUrl":"https:\/\/www.malmberg.se\/de\/wp-content\/uploads\/sites\/2\/2025\/06\/Skarmbild-2025-06-25-153617.png","datePublished":"2025-12-08T10:45:57+00:00","dateModified":"2025-12-10T08:42:42+00:00","breadcrumb":{"@id":"https:\/\/www.malmberg.se\/de\/was-wir-tun\/energieloesungen\/energiespeicherung\/#breadcrumb"},"inLanguage":"de","potentialAction":[{"@type":"ReadAction","target":["https:\/\/www.malmberg.se\/de\/was-wir-tun\/energieloesungen\/energiespeicherung\/"]}]},{"@type":"ImageObject","inLanguage":"de","@id":"https:\/\/www.malmberg.se\/de\/was-wir-tun\/energieloesungen\/energiespeicherung\/#primaryimage","url":"https:\/\/www.malmberg.se\/de\/wp-content\/uploads\/sites\/2\/2025\/06\/Skarmbild-2025-06-25-153617.png","contentUrl":"https:\/\/www.malmberg.se\/de\/wp-content\/uploads\/sites\/2\/2025\/06\/Skarmbild-2025-06-25-153617.png"},{"@type":"BreadcrumbList","@id":"https:\/\/www.malmberg.se\/de\/was-wir-tun\/energieloesungen\/energiespeicherung\/#breadcrumb","itemListElement":[{"@type":"ListItem","position":1,"name":"Hem","item":"https:\/\/www.malmberg.se\/de\/"},{"@type":"ListItem","position":2,"name":"Was wir tun","item":"https:\/\/www.malmberg.se\/de\/was-wir-tun\/"},{"@type":"ListItem","position":3,"name":"Energiel\u00f6sungen","item":"https:\/\/www.malmberg.se\/de\/was-wir-tun\/energieloesungen\/"},{"@type":"ListItem","position":4,"name":"Energiespeicherung"}]},{"@type":"WebSite","@id":"https:\/\/www.malmberg.se\/de\/#website","url":"https:\/\/www.malmberg.se\/de\/","name":"Malmberg DE","description":"","potentialAction":[{"@type":"SearchAction","target":{"@type":"EntryPoint","urlTemplate":"https:\/\/www.malmberg.se\/de\/?s={search_term_string}"},"query-input":{"@type":"PropertyValueSpecification","valueRequired":true,"valueName":"search_term_string"}}],"inLanguage":"de"}]}},"_links":{"self":[{"href":"https:\/\/www.malmberg.se\/de\/wp-json\/wp\/v2\/pages\/1771","targetHints":{"allow":["GET"]}}],"collection":[{"href":"https:\/\/www.malmberg.se\/de\/wp-json\/wp\/v2\/pages"}],"about":[{"href":"https:\/\/www.malmberg.se\/de\/wp-json\/wp\/v2\/types\/page"}],"author":[{"embeddable":true,"href":"https:\/\/www.malmberg.se\/de\/wp-json\/wp\/v2\/users\/1"}],"replies":[{"embeddable":true,"href":"https:\/\/www.malmberg.se\/de\/wp-json\/wp\/v2\/comments?post=1771"}],"version-history":[{"count":2,"href":"https:\/\/www.malmberg.se\/de\/wp-json\/wp\/v2\/pages\/1771\/revisions"}],"predecessor-version":[{"id":1821,"href":"https:\/\/www.malmberg.se\/de\/wp-json\/wp\/v2\/pages\/1771\/revisions\/1821"}],"up":[{"embeddable":true,"href":"https:\/\/www.malmberg.se\/de\/wp-json\/wp\/v2\/pages\/16"}],"wp:featuredmedia":[{"embeddable":true,"href":"https:\/\/www.malmberg.se\/de\/wp-json\/"}],"wp:attachment":[{"href":"https:\/\/www.malmberg.se\/de\/wp-json\/wp\/v2\/media?parent=1771"}],"curies":[{"name":"wp","href":"https:\/\/api.w.org\/{rel}","templated":true}]}}