{"id":1780,"date":"2025-12-08T12:37:03","date_gmt":"2025-12-08T11:37:03","guid":{"rendered":"https:\/\/www.malmberg.se\/de-new\/?page_id=1780"},"modified":"2025-12-10T10:45:31","modified_gmt":"2025-12-10T09:45:31","slug":"malmberg-membrane-plant","status":"publish","type":"page","link":"https:\/\/www.malmberg.se\/de\/was-wir-tun\/biogasaufbereitung\/malmberg-membrane-plant\/","title":{"rendered":"Malmberg Membrane Plant"},"content":{"rendered":"\n<h3 class=\"wp-block-heading has-bla-color has-text-color has-link-color wp-elements-515878085b1328e41a8105327cc7a04e\">Eine flexible Aufbereitungsl\u00f6sung f\u00fcr kleinere Gasstr\u00f6me<\/h3>\n\n\n\n<p><strong>Haben Sie einen Biogasstrom von bis zu 500 Nm\u00b3 pro Stunde?<\/strong><br>Malmbergs Membranl\u00f6sung wurde entwickelt, um effizient und leicht integrierbar zu sein \u2013 besonders f\u00fcr kleinere Anlagen, die in die Biomethanproduktion einsteigen m\u00f6chten. Das System ben\u00f6tigt wenig Platz, hat einen niedrigen Energieverbrauch und liefert ein Produktgas mit \u00fcber 99,8 Prozent Methan.<\/p>\n\n\n\n<div style=\"height:64px\" aria-hidden=\"true\" class=\"wp-block-spacer\"><\/div>\n\n\n\n<section id=\"image-and-content-section-block_999a745444cca64532aa70a0c13685db\" class=\"image-and-content-section wide center-h paddingside desktop:flex desktop:items-center\">\n    <div class=\"reveal w-full desktop:h-full desktop:w-5\/12\">\n                   <div class=\"image-wrap\">\n                <img decoding=\"async\" src=\"https:\/\/www.malmberg.se\/de\/wp-content\/uploads\/sites\/2\/2025\/12\/Namnloes-design-10-1024x576.png\" alt=\"\" class=\"center-h desktop:aspect-[5\/7] desktop:object-cover desktop:object-center desktop:h-[700px]\">\n            <\/div>\n            <\/div>\n    <div class=\"w-full py-8 laptop:py-16 laptop:px-16 desktop:w-3\/5 desktop:px-32\">\n        <div class=\"scroll_reveal__ animation-delay\">\n                          <h2 class=\"multi_color_heading pb-4\">Was ist die <em>Membran-Biogasaufbereitung?<\/em><\/h2>\n                      <div class=\"text-base my-auto mx-auto pb-10 [--thread-content-margin:--spacing(4)] @w-sm\/main:[--thread-content-margin:--spacing(6)] @w-lg\/main:[--thread-content-margin:--spacing(16)] px-(--thread-content-margin)\">\n<div class=\"[--thread-content-max-width:40rem] @w-lg\/main:[--thread-content-max-width:48rem] mx-auto max-w-(--thread-content-max-width) flex-1 group\/turn-messages focus-visible:outline-hidden relative flex w-full min-w-0 flex-col agent-turn\">\n<div class=\"flex max-w-full flex-col grow\">\n<div class=\"min-h-8 text-message relative flex w-full flex-col items-end gap-2 text-start break-words whitespace-normal [.text-message+&amp;]:mt-1\" dir=\"auto\" data-message-author-role=\"assistant\" data-message-id=\"12eee1d9-521d-48ce-b71e-c10527510108\" data-message-model-slug=\"gpt-5-1\">\n<div class=\"flex w-full flex-col gap-1 empty:hidden first:pt-[1px]\">\n<div class=\"markdown prose dark:prose-invert w-full break-words light markdown-new-styling\">\n<p data-start=\"0\" data-end=\"301\" data-is-last-node=\"\" data-is-only-node=\"\">Methan wird in einem mehrstufigen Prozess von Kohlendioxid getrennt, bei dem das Gas durch speziell entwickelte Membranen geleitet wird. Diese Technologie ben\u00f6tigt weder Wasser noch Chemikalien. Das Ergebnis ist sauberes, nutzbares Biomethan \u2013 bereit f\u00fcr das Gasnetz oder als Kraftstoff f\u00fcr Fahrzeuge.<\/p>\n<\/div>\n<\/div>\n<\/div>\n<\/div>\n<\/div>\n<\/div>\n                   <\/div>\n    <\/div>\n<\/section><!-- .content_beside_img_section -->\n\n\n\n<section id=\"image-and-content-section-block_003a0a32211e68260b2464d2f3724fba\" class=\"image-and-content-section wide center-h paddingside desktop:flex desktop:items-center desktop:flex-row-reverse\">\n    <div class=\"reveal w-full desktop:h-full desktop:w-5\/12\">\n                   <div class=\"image-wrap\">\n                <img decoding=\"async\" src=\"https:\/\/www.malmberg.se\/de\/wp-content\/uploads\/sites\/2\/2025\/12\/20251118_104747.jpg\" alt=\"\" class=\"center-h desktop:aspect-[5\/7] desktop:object-cover desktop:object-center desktop:h-[700px]\">\n            <\/div>\n            <\/div>\n    <div class=\"w-full py-8 laptop:py-16 laptop:px-16 desktop:w-3\/5 desktop:px-32\">\n        <div class=\"scroll_reveal__ animation-delay\">\n                          <h2 class=\"multi_color_heading pb-4\">Membranen sind <em>eine intelligente Option, wenn Sie<\/em><\/h2>\n                      <ul>\n<li>einen Gasstrom zwischen 100 und 500 Nm\u00b3 pro Stunde haben<\/li>\n<li>eine kompakte L\u00f6sung mit niedrigen Betriebskosten w\u00fcnschen<\/li>\n<li>Wasser, W\u00e4rme und Chemikalien vermeiden m\u00f6chten<\/li>\n<li>mit begrenztem Platz oder komplexen Bedingungen arbeiten<\/li>\n<\/ul>\n                   <\/div>\n    <\/div>\n<\/section><!-- .content_beside_img_section -->\n\n\n\n<section id=\"image-and-content-section-block_465f7477f41e8f0f514916159f40eaed\" class=\"image-and-content-section wide center-h paddingside desktop:flex desktop:items-center\">\n    <div class=\"reveal w-full desktop:h-full desktop:w-5\/12\">\n                   <div class=\"image-wrap\">\n                <img decoding=\"async\" src=\"https:\/\/www.malmberg.se\/de\/wp-content\/uploads\/sites\/2\/2025\/12\/20251118_104135.jpg\" alt=\"\" class=\"center-h desktop:aspect-[5\/7] desktop:object-cover desktop:object-center desktop:h-[700px]\">\n            <\/div>\n            <\/div>\n    <div class=\"w-full py-8 laptop:py-16 laptop:px-16 desktop:w-3\/5 desktop:px-32\">\n        <div class=\"scroll_reveal__ animation-delay\">\n                          <h2 class=\"multi_color_heading pb-4\">Von landwirtschaftlichen Abf\u00e4llen zu <em>Biomethan in Norditalien<\/em><\/h2>\n                      <div class=\"text-base my-auto mx-auto pb-10 [--thread-content-margin:--spacing(4)] @w-sm\/main:[--thread-content-margin:--spacing(6)] @w-lg\/main:[--thread-content-margin:--spacing(16)] px-(--thread-content-margin)\">\n<div class=\"[--thread-content-max-width:40rem] @w-lg\/main:[--thread-content-max-width:48rem] mx-auto max-w-(--thread-content-max-width) flex-1 group\/turn-messages focus-visible:outline-hidden relative flex w-full min-w-0 flex-col agent-turn\">\n<div class=\"flex max-w-full flex-col grow\">\n<div class=\"min-h-8 text-message relative flex w-full flex-col items-end gap-2 text-start break-words whitespace-normal [.text-message+&amp;]:mt-1\" dir=\"auto\" data-message-author-role=\"assistant\" data-message-id=\"12eee1d9-521d-48ce-b71e-c10527510108\" data-message-model-slug=\"gpt-5-1\">\n<div class=\"flex w-full flex-col gap-1 empty:hidden first:pt-[1px]\">\n<div class=\"markdown prose dark:prose-invert w-full break-words light markdown-new-styling\">\n<p data-start=\"0\" data-end=\"301\" data-is-last-node=\"\" data-is-only-node=\"\"><span style=\"font-size: 16px\">In St. Lorenzen in Norditalien entschied sich eine Biogasgenossenschaft mit 80 Landwirten f\u00fcr Malmbergs GRM50-Einheit, um von der Stromerzeugung auf sauberes Biomethan umzusteigen. Jedes Jahr wird Biogas aus \u00fcber 60.000 Kubikmetern landwirtschaftlicher Abf\u00e4lle zu gr\u00fcner Energie f\u00fcr Haushalte und Unternehmen aufbereitet.<\/span><\/p>\n<\/div>\n<\/div>\n<\/div>\n<\/div>\n<\/div>\n<\/div>\n                   <\/div>\n    <\/div>\n<\/section><!-- .content_beside_img_section -->\n\n\n\n<div style=\"height:64px\" aria-hidden=\"true\" class=\"wp-block-spacer\"><\/div>\n\n\n\n<section id=\"content-with-background-section-block_1631720ac7b9f1e2fc199e0e88f9a0e3\" class=\"content-with-background-section aligncenter content_with_background_section paddingside\">\n    <div class=\"max-width center-h paddingallx2\" style=\"background-color:#0056b8; color: #ffffff\">\n        <div class=\"max-width7 center-h\">\n            <h3 style=\"text-align: center\">Malmbergs Membranl\u00f6sung?<\/h3>\n<p style=\"text-align: center\">Hohe Methanr\u00fcckgewinnung (\u2265 99,8 Prozent)<\/p>\n<p style=\"text-align: center\">Geringer Methanschlupf (\u2264 0,2 Prozent)<\/p>\n<p style=\"text-align: center\">Ca. 0,26 kWh\/Nm\u00b3 Energieverbrauch<\/p>\n<p style=\"text-align: center\">Temperaturbest\u00e4ndige Membranen<\/p>\n<p style=\"text-align: center\">Lange Lebensdauer und geringe Empfindlichkeit gegen\u00fcber Verunreinigungen<\/p>\n        <\/div>\n    <\/div>\n<\/section><!-- .downlaods_block -->\n\n\n<div style=\"height:64px\" aria-hidden=\"true\" class=\"wp-block-spacer\"><\/div>\n\n\n\n<h2 class=\"wp-block-heading has-text-align-center has-bla-color has-text-color has-link-color wp-elements-7455fc4e18082db4c1616eaa729573b5\">Bereit f\u00fcr das Upgrade?<\/h2>\n\n\n\n<p class=\"has-text-align-center\">Wir helfen Ihnen beim Einstieg!<\/p>\n\n\n\n<div style=\"height:32px\" aria-hidden=\"true\" class=\"wp-block-spacer\"><\/div>\n\n\n\n<section id=\"contacts-pick-listblock_7b19cfbfe5f1a7fdb38fb787dc4872c5\" class=\"contacts-pick-list alignwide\">\n    <div class=\"content\">\n                   <div class=\"boxes justify-center\">\n           \n                                                        <div class=\"box paddingall bg_white \">\n                            <img decoding=\"async\" src=\"https:\/\/www.malmberg.se\/de\/wp-content\/uploads\/sites\/2\/2025\/06\/Namnloes-design-33.png\" alt=\"\">                                                        <div class=\"details\">\n                                <p class=\"name bold\">Donato Cristaldi<\/p>\n                                <p class=\"title\">Managing Director &#8211; Malmberg Bioerdgastech GmbH<\/p>\n                                                                    <a class=\"mail bold\" href=\"mailto:donato.cristaldi@malmberg.se\">donato.cristaldi@malmberg.se<\/a>\n                                                                                                    <a class=\"phone bold\" href=\"tel:+49 172 7395063\">+49 172 7395063<\/a>\n                                                                                               <\/div>\n                        <\/div>\n                                <\/div>\n            <\/div>\n<\/section>  \n\n<style type=\"text\/css\">\n    #contacts-pick-listblock_7b19cfbfe5f1a7fdb38fb787dc4872c5 {\n\n    }\n    #contacts-pick-listblock_7b19cfbfe5f1a7fdb38fb787dc4872c5 .box {\n        width: 100%;\n        display: flex;\n        margin-bottom: 16px;\n    }\n    #contacts-pick-listblock_7b19cfbfe5f1a7fdb38fb787dc4872c5 .box .details {\n        padding: 12px 0px 12px 12px;\n        overflow: hidden;\n        overflow-wrap: break-word;\n    }\n    #contacts-pick-listblock_7b19cfbfe5f1a7fdb38fb787dc4872c5 .box img {\n        display: block;\n        object-fit: cover;\n        object-position: center;\n        width: 100%;\n        max-height: 350px;\n        max-width: 120px;\n        filter: grayscale(100%);\n    }\n    #contacts-pick-listblock_7b19cfbfe5f1a7fdb38fb787dc4872c5 .box p {\n        margin: 0;\n    }\n    #contacts-pick-listblock_7b19cfbfe5f1a7fdb38fb787dc4872c5 .box .title {\n        font-size: .8rem;\n        margin-bottom: 1.5em;\n    }\n    #contacts-pick-listblock_7b19cfbfe5f1a7fdb38fb787dc4872c5 .box .mail {\n        margin-bottom: .5em;\n    }\n    #contacts-pick-listblock_7b19cfbfe5f1a7fdb38fb787dc4872c5 .box a {\n        display: block;\n        font-size: .8rem;\n        text-decoration: none;\n    }\n    #contacts-pick-listblock_7b19cfbfe5f1a7fdb38fb787dc4872c5 .box a:hover {\n        color: #0056b8;\n    }\n    \/*--------------------------------------------------------------\n    $mq__tablet: 46.8em;\n    $mq__tablet__2: 48em;\n    $mq__tablet__3: 50em;\n\n    $mq__desktop: 60em;\n    $mq__desktop__2: 64.5em;\n    $mq__desktop__3: 70em;\n\n\n    $mq__largedesk: 75em;\n    $mq__largedesk__2: 80em;\n    $mq__largedesk__3: 90em;\n    --------------------------------------------------------------*\/\n    \/* Tablet *\/\n    @media screen and (min-width: 46.8em) {\n        #contacts-pick-listblock_7b19cfbfe5f1a7fdb38fb787dc4872c5 .boxes {\n            display: flex;\n            flex-wrap: wrap;\n            gap: 2%;\n        }\n        #contacts-pick-listblock_7b19cfbfe5f1a7fdb38fb787dc4872c5 .box {\n            margin-bottom: 2%;\n            align-items: center;\n            width: auto;\n        }\n        #contacts-pick-listblock_7b19cfbfe5f1a7fdb38fb787dc4872c5 .box.block_layout {\n            display: block;\n            width: 32%;\n        }\n        #contacts-pick-listblock_7b19cfbfe5f1a7fdb38fb787dc4872c5 .box img {\n            max-width: 150px;\n            min-height: 200px;\n        }\n        #contacts-pick-listblock_7b19cfbfe5f1a7fdb38fb787dc4872c5 .box.block_layout img {\n            max-width: none;\n            \/\/min-height: 350px;\n            min-height: 250px;\n            max-height: 250px;\n        }\n        #contacts-pick-listblock_7b19cfbfe5f1a7fdb38fb787dc4872c5 .box.block_layout .details {\n            padding: 24px 0 12px;\n        }\n    }\n    \/* Large tablet *\/\n    @media screen and (min-width: 48em) {\n        #contacts-pick-listblock_7b19cfbfe5f1a7fdb38fb787dc4872c5 .box.block_layout img {\n            max-height: none;\n            height: 350px;\n        }\n    }\n    \/* Desktop *\/\n    @media screen and (min-width: 60em) {\n        #contacts-pick-listblock_7b19cfbfe5f1a7fdb38fb787dc4872c5 .box.block_layout .details {\n            text-align: center;\n        }\n        #contacts-pick-listblock_7b19cfbfe5f1a7fdb38fb787dc4872c5 .boxes.justify-center {\n            justify-content: center;\n        }\n        #contacts-pick-listblock_7b19cfbfe5f1a7fdb38fb787dc4872c5 .box.block_layout {\n            width: 32%;\n        }\n        #contacts-pick-listblock_7b19cfbfe5f1a7fdb38fb787dc4872c5 .box.block_layout img {\n            max-height: none;\n            height: 450px;\n        }\n    }\n    \/* Large desktop *\/\n    @media screen and (min-width: 75em) {\n\n    }\n    @media screen and (min-width: 90em) {\n        #contacts-pick-listblock_7b19cfbfe5f1a7fdb38fb787dc4872c5 .box.block_layout {\n            width: 23%;\n        }\n        #contacts-pick-listblock_7b19cfbfe5f1a7fdb38fb787dc4872c5 .box.block_layout img {\n            \/\/height: 250px;\n            \/\/min-height: 250px;\n            height: 300px;\n            min-height: 300px;\n        }\n    }\n    \n<\/style>\n\n\n","protected":false},"excerpt":{"rendered":"<p>Eine flexible Aufbereitungsl\u00f6sung f\u00fcr kleinere Gasstr\u00f6me Haben Sie einen Biogasstrom von bis zu 500 Nm\u00b3 pro Stunde?Malmbergs Membranl\u00f6sung wurde entwickelt, um effizient und leicht integrierbar zu sein \u2013 besonders f\u00fcr kleinere Anlagen, die in die Biomethanproduktion einsteigen m\u00f6chten. Das System ben\u00f6tigt wenig Platz, hat einen niedrigen Energieverbrauch und liefert ein Produktgas mit \u00fcber 99,8 Prozent [&hellip;]<\/p>\n","protected":false},"author":1,"featured_media":2976,"parent":241,"menu_order":10,"comment_status":"closed","ping_status":"closed","template":"","meta":{"_acf_changed":false,"footnotes":""},"class_list":["post-1780","page","type-page","status-publish","has-post-thumbnail","hentry"],"acf":[],"yoast_head":"<!-- This site is optimized with the Yoast SEO plugin v27.3 - https:\/\/yoast.com\/product\/yoast-seo-wordpress\/ -->\n<title>Malmberg Membrane Plant - Malmberg DE<\/title>\n<meta name=\"robots\" content=\"index, follow, max-snippet:-1, max-image-preview:large, max-video-preview:-1\" \/>\n<link rel=\"canonical\" href=\"https:\/\/www.malmberg.se\/de\/was-wir-tun\/biogasaufbereitung\/malmberg-membrane-plant\/\" \/>\n<meta property=\"og:locale\" content=\"de_DE\" \/>\n<meta property=\"og:type\" content=\"article\" \/>\n<meta property=\"og:title\" content=\"Malmberg Membrane Plant - Malmberg DE\" \/>\n<meta property=\"og:description\" content=\"Eine flexible Aufbereitungsl\u00f6sung f\u00fcr kleinere Gasstr\u00f6me Haben Sie einen Biogasstrom von bis zu 500 Nm\u00b3 pro Stunde?Malmbergs Membranl\u00f6sung wurde entwickelt, um effizient und leicht integrierbar zu sein \u2013 besonders f\u00fcr kleinere Anlagen, die in die Biomethanproduktion einsteigen m\u00f6chten. Das System ben\u00f6tigt wenig Platz, hat einen niedrigen Energieverbrauch und liefert ein Produktgas mit \u00fcber 99,8 Prozent [&hellip;]\" \/>\n<meta property=\"og:url\" content=\"https:\/\/www.malmberg.se\/de\/was-wir-tun\/biogasaufbereitung\/malmberg-membrane-plant\/\" \/>\n<meta property=\"og:site_name\" content=\"Malmberg DE\" \/>\n<meta property=\"article:modified_time\" content=\"2025-12-10T09:45:31+00:00\" \/>\n<meta name=\"twitter:card\" content=\"summary_large_image\" \/>\n<meta name=\"twitter:label1\" content=\"Gesch\u00e4tzte Lesezeit\" \/>\n\t<meta name=\"twitter:data1\" content=\"3\u00a0Minuten\" \/>\n<script type=\"application\/ld+json\" class=\"yoast-schema-graph\">{\"@context\":\"https:\\\/\\\/schema.org\",\"@graph\":[{\"@type\":\"WebPage\",\"@id\":\"https:\\\/\\\/www.malmberg.se\\\/de\\\/was-wir-tun\\\/biogasaufbereitung\\\/malmberg-membrane-plant\\\/\",\"url\":\"https:\\\/\\\/www.malmberg.se\\\/de\\\/was-wir-tun\\\/biogasaufbereitung\\\/malmberg-membrane-plant\\\/\",\"name\":\"Malmberg Membrane Plant - Malmberg DE\",\"isPartOf\":{\"@id\":\"https:\\\/\\\/www.malmberg.se\\\/de\\\/#website\"},\"primaryImageOfPage\":{\"@id\":\"https:\\\/\\\/www.malmberg.se\\\/de\\\/was-wir-tun\\\/biogasaufbereitung\\\/malmberg-membrane-plant\\\/#primaryimage\"},\"image\":{\"@id\":\"https:\\\/\\\/www.malmberg.se\\\/de\\\/was-wir-tun\\\/biogasaufbereitung\\\/malmberg-membrane-plant\\\/#primaryimage\"},\"thumbnailUrl\":\"https:\\\/\\\/www.malmberg.se\\\/de\\\/wp-content\\\/uploads\\\/sites\\\/2\\\/2025\\\/12\\\/Namnloes-design-11.png\",\"datePublished\":\"2025-12-08T11:37:03+00:00\",\"dateModified\":\"2025-12-10T09:45:31+00:00\",\"breadcrumb\":{\"@id\":\"https:\\\/\\\/www.malmberg.se\\\/de\\\/was-wir-tun\\\/biogasaufbereitung\\\/malmberg-membrane-plant\\\/#breadcrumb\"},\"inLanguage\":\"de\",\"potentialAction\":[{\"@type\":\"ReadAction\",\"target\":[\"https:\\\/\\\/www.malmberg.se\\\/de\\\/was-wir-tun\\\/biogasaufbereitung\\\/malmberg-membrane-plant\\\/\"]}]},{\"@type\":\"ImageObject\",\"inLanguage\":\"de\",\"@id\":\"https:\\\/\\\/www.malmberg.se\\\/de\\\/was-wir-tun\\\/biogasaufbereitung\\\/malmberg-membrane-plant\\\/#primaryimage\",\"url\":\"https:\\\/\\\/www.malmberg.se\\\/de\\\/wp-content\\\/uploads\\\/sites\\\/2\\\/2025\\\/12\\\/Namnloes-design-11.png\",\"contentUrl\":\"https:\\\/\\\/www.malmberg.se\\\/de\\\/wp-content\\\/uploads\\\/sites\\\/2\\\/2025\\\/12\\\/Namnloes-design-11.png\"},{\"@type\":\"BreadcrumbList\",\"@id\":\"https:\\\/\\\/www.malmberg.se\\\/de\\\/was-wir-tun\\\/biogasaufbereitung\\\/malmberg-membrane-plant\\\/#breadcrumb\",\"itemListElement\":[{\"@type\":\"ListItem\",\"position\":1,\"name\":\"Hem\",\"item\":\"https:\\\/\\\/www.malmberg.se\\\/de\\\/\"},{\"@type\":\"ListItem\",\"position\":2,\"name\":\"Was wir tun\",\"item\":\"https:\\\/\\\/www.malmberg.se\\\/de\\\/was-wir-tun\\\/\"},{\"@type\":\"ListItem\",\"position\":3,\"name\":\"Biogas upgrading\",\"item\":\"https:\\\/\\\/www.malmberg.se\\\/de\\\/was-wir-tun\\\/biogasaufbereitung\\\/\"},{\"@type\":\"ListItem\",\"position\":4,\"name\":\"Malmberg Membrane Plant\"}]},{\"@type\":\"WebSite\",\"@id\":\"https:\\\/\\\/www.malmberg.se\\\/de\\\/#website\",\"url\":\"https:\\\/\\\/www.malmberg.se\\\/de\\\/\",\"name\":\"Malmberg DE\",\"description\":\"\",\"potentialAction\":[{\"@type\":\"SearchAction\",\"target\":{\"@type\":\"EntryPoint\",\"urlTemplate\":\"https:\\\/\\\/www.malmberg.se\\\/de\\\/?s={search_term_string}\"},\"query-input\":{\"@type\":\"PropertyValueSpecification\",\"valueRequired\":true,\"valueName\":\"search_term_string\"}}],\"inLanguage\":\"de\"}]}<\/script>\n<!-- \/ Yoast SEO plugin. -->","yoast_head_json":{"title":"Malmberg Membrane Plant - Malmberg DE","robots":{"index":"index","follow":"follow","max-snippet":"max-snippet:-1","max-image-preview":"max-image-preview:large","max-video-preview":"max-video-preview:-1"},"canonical":"https:\/\/www.malmberg.se\/de\/was-wir-tun\/biogasaufbereitung\/malmberg-membrane-plant\/","og_locale":"de_DE","og_type":"article","og_title":"Malmberg Membrane Plant - Malmberg DE","og_description":"Eine flexible Aufbereitungsl\u00f6sung f\u00fcr kleinere Gasstr\u00f6me Haben Sie einen Biogasstrom von bis zu 500 Nm\u00b3 pro Stunde?Malmbergs Membranl\u00f6sung wurde entwickelt, um effizient und leicht integrierbar zu sein \u2013 besonders f\u00fcr kleinere Anlagen, die in die Biomethanproduktion einsteigen m\u00f6chten. Das System ben\u00f6tigt wenig Platz, hat einen niedrigen Energieverbrauch und liefert ein Produktgas mit \u00fcber 99,8 Prozent [&hellip;]","og_url":"https:\/\/www.malmberg.se\/de\/was-wir-tun\/biogasaufbereitung\/malmberg-membrane-plant\/","og_site_name":"Malmberg DE","article_modified_time":"2025-12-10T09:45:31+00:00","twitter_card":"summary_large_image","twitter_misc":{"Gesch\u00e4tzte Lesezeit":"3\u00a0Minuten"},"schema":{"@context":"https:\/\/schema.org","@graph":[{"@type":"WebPage","@id":"https:\/\/www.malmberg.se\/de\/was-wir-tun\/biogasaufbereitung\/malmberg-membrane-plant\/","url":"https:\/\/www.malmberg.se\/de\/was-wir-tun\/biogasaufbereitung\/malmberg-membrane-plant\/","name":"Malmberg Membrane Plant - Malmberg DE","isPartOf":{"@id":"https:\/\/www.malmberg.se\/de\/#website"},"primaryImageOfPage":{"@id":"https:\/\/www.malmberg.se\/de\/was-wir-tun\/biogasaufbereitung\/malmberg-membrane-plant\/#primaryimage"},"image":{"@id":"https:\/\/www.malmberg.se\/de\/was-wir-tun\/biogasaufbereitung\/malmberg-membrane-plant\/#primaryimage"},"thumbnailUrl":"https:\/\/www.malmberg.se\/de\/wp-content\/uploads\/sites\/2\/2025\/12\/Namnloes-design-11.png","datePublished":"2025-12-08T11:37:03+00:00","dateModified":"2025-12-10T09:45:31+00:00","breadcrumb":{"@id":"https:\/\/www.malmberg.se\/de\/was-wir-tun\/biogasaufbereitung\/malmberg-membrane-plant\/#breadcrumb"},"inLanguage":"de","potentialAction":[{"@type":"ReadAction","target":["https:\/\/www.malmberg.se\/de\/was-wir-tun\/biogasaufbereitung\/malmberg-membrane-plant\/"]}]},{"@type":"ImageObject","inLanguage":"de","@id":"https:\/\/www.malmberg.se\/de\/was-wir-tun\/biogasaufbereitung\/malmberg-membrane-plant\/#primaryimage","url":"https:\/\/www.malmberg.se\/de\/wp-content\/uploads\/sites\/2\/2025\/12\/Namnloes-design-11.png","contentUrl":"https:\/\/www.malmberg.se\/de\/wp-content\/uploads\/sites\/2\/2025\/12\/Namnloes-design-11.png"},{"@type":"BreadcrumbList","@id":"https:\/\/www.malmberg.se\/de\/was-wir-tun\/biogasaufbereitung\/malmberg-membrane-plant\/#breadcrumb","itemListElement":[{"@type":"ListItem","position":1,"name":"Hem","item":"https:\/\/www.malmberg.se\/de\/"},{"@type":"ListItem","position":2,"name":"Was wir tun","item":"https:\/\/www.malmberg.se\/de\/was-wir-tun\/"},{"@type":"ListItem","position":3,"name":"Biogas upgrading","item":"https:\/\/www.malmberg.se\/de\/was-wir-tun\/biogasaufbereitung\/"},{"@type":"ListItem","position":4,"name":"Malmberg Membrane Plant"}]},{"@type":"WebSite","@id":"https:\/\/www.malmberg.se\/de\/#website","url":"https:\/\/www.malmberg.se\/de\/","name":"Malmberg DE","description":"","potentialAction":[{"@type":"SearchAction","target":{"@type":"EntryPoint","urlTemplate":"https:\/\/www.malmberg.se\/de\/?s={search_term_string}"},"query-input":{"@type":"PropertyValueSpecification","valueRequired":true,"valueName":"search_term_string"}}],"inLanguage":"de"}]}},"_links":{"self":[{"href":"https:\/\/www.malmberg.se\/de\/wp-json\/wp\/v2\/pages\/1780","targetHints":{"allow":["GET"]}}],"collection":[{"href":"https:\/\/www.malmberg.se\/de\/wp-json\/wp\/v2\/pages"}],"about":[{"href":"https:\/\/www.malmberg.se\/de\/wp-json\/wp\/v2\/types\/page"}],"author":[{"embeddable":true,"href":"https:\/\/www.malmberg.se\/de\/wp-json\/wp\/v2\/users\/1"}],"replies":[{"embeddable":true,"href":"https:\/\/www.malmberg.se\/de\/wp-json\/wp\/v2\/comments?post=1780"}],"version-history":[{"count":6,"href":"https:\/\/www.malmberg.se\/de\/wp-json\/wp\/v2\/pages\/1780\/revisions"}],"predecessor-version":[{"id":1836,"href":"https:\/\/www.malmberg.se\/de\/wp-json\/wp\/v2\/pages\/1780\/revisions\/1836"}],"up":[{"embeddable":true,"href":"https:\/\/www.malmberg.se\/de\/wp-json\/wp\/v2\/pages\/241"}],"wp:featuredmedia":[{"embeddable":true,"href":"https:\/\/www.malmberg.se\/de\/wp-json\/"}],"wp:attachment":[{"href":"https:\/\/www.malmberg.se\/de\/wp-json\/wp\/v2\/media?parent=1780"}],"curies":[{"name":"wp","href":"https:\/\/api.w.org\/{rel}","templated":true}]}}