{"id":1783,"date":"2025-12-08T12:39:18","date_gmt":"2025-12-08T11:39:18","guid":{"rendered":"https:\/\/www.malmberg.se\/de-new\/?page_id=1783"},"modified":"2025-12-10T10:00:06","modified_gmt":"2025-12-10T09:00:06","slug":"malmberg-co2-harvester","status":"publish","type":"page","link":"https:\/\/www.malmberg.se\/de\/was-wir-tun\/biogasaufbereitung\/malmberg-co2-harvester\/","title":{"rendered":"Malmberg CO\u2082 Harvester"},"content":{"rendered":"\n<h3 class=\"wp-block-heading\">Eine intelligente M\u00f6glichkeit, mehr aus Ihrem Biogas herauszuholen<\/h3>\n\n\n\n<p>Der CO\u2082 Harvester ist eine clevere L\u00f6sung f\u00fcr Betreiber von Biogasanlagen \u2013 egal, ob Sie bereits eine Aufbereitungseinheit haben oder eine neue planen. Durch die R\u00fcckgewinnung von bis zu 75 Prozent des Kohlendioxids im Gasstrom k\u00f6nnen Sie eine neue Einnahmequelle erschlie\u00dfen, den Energiebedarf senken und die Gesamteffizienz des Prozesses verbessern. Die Installation erfolgt reibungslos, ohne gr\u00f6\u00dfere \u00c4nderungen an Ihrer bestehenden Anlage, und er\u00f6ffnet neue Gesch\u00e4ftsm\u00f6glichkeiten.<\/p>\n\n\n\n<div style=\"height:64px\" aria-hidden=\"true\" class=\"wp-block-spacer\"><\/div>\n\n\n\n<section id=\"image-and-content-section-block_637724c9ac02d47cd58538836b38dc6e\" class=\"image-and-content-section wide center-h paddingside desktop:flex desktop:items-center\">\n    <div class=\"reveal w-full desktop:h-full desktop:w-5\/12\">\n                   <div class=\"image-wrap\">\n                <img decoding=\"async\" src=\"https:\/\/www.malmberg.se\/de\/wp-content\/uploads\/sites\/2\/2025\/07\/Co2-harvester2-461x1024.jpg\" alt=\"\" class=\"center-h desktop:aspect-[5\/7] desktop:object-cover desktop:object-center desktop:h-[700px]\">\n            <\/div>\n            <\/div>\n    <div class=\"w-full py-8 laptop:py-16 laptop:px-16 desktop:w-3\/5 desktop:px-32\">\n        <div class=\"scroll_reveal__ animation-delay\">\n                          <h2 class=\"multi_color_heading pb-4\"><em>Ein Zusatzmodul<\/em> oder eine eigenst\u00e4ndige L\u00f6sung<\/h2>\n                      <p>Der CO\u2082 Harvester ist eine modulare Einheit, die an Ihre Aufbereitungsanlage angeschlossen wird und es Ihnen erm\u00f6glicht, sauberes Kohlendioxid direkt aus dem Prozess zur\u00fcckzugewinnen. Die Technologie basiert auf Druckwasserabsorption und ist f\u00fcr den Einsatz mit Malmbergs Wasserw\u00e4sche konzipiert, kann jedoch auch in andere Aufbereitungsanlagen integriert werden.<\/p>\n                   <\/div>\n    <\/div>\n<\/section><!-- .content_beside_img_section -->\n\n\n\n<section id=\"image-and-content-section-block_75e816cf0a6ac12de3f71bb5030c1729\" class=\"image-and-content-section wide center-h paddingside desktop:flex desktop:items-center desktop:flex-row-reverse\">\n    <div class=\"reveal w-full desktop:h-full desktop:w-5\/12\">\n                   <div class=\"image-wrap\">\n                <img decoding=\"async\" src=\"https:\/\/www.malmberg.se\/de\/wp-content\/uploads\/sites\/2\/2025\/07\/Co2-harvester5-scaled-e1753694001648-601x1024.jpg\" alt=\"\" class=\"center-h desktop:aspect-[5\/7] desktop:object-cover desktop:object-center desktop:h-[700px]\">\n            <\/div>\n            <\/div>\n    <div class=\"w-full py-8 laptop:py-16 laptop:px-16 desktop:w-3\/5 desktop:px-32\">\n        <div class=\"scroll_reveal__ animation-delay\">\n                          <h2 class=\"multi_color_heading pb-4\"><em>Zwei verf\u00fcgbare Gr\u00f6\u00dfen<\/em><\/h2>\n                      <p><strong>Harvester 50<\/strong><br \/>\nUp to 300 Nm\u00b3 CO\u2082 per hour<\/p>\n<p><strong>Harvester 75<\/strong><br \/>\nUp to 450 Nm\u00b3 CO\u2082 per hour<\/p>\n                   <\/div>\n    <\/div>\n<\/section><!-- .content_beside_img_section -->\n\n\n\n<div style=\"height:64px\" aria-hidden=\"true\" class=\"wp-block-spacer\"><\/div>\n\n\n\n<section id=\"content-with-background-section-block_ee719795319490f199232392372e5b17\" class=\"content-with-background-section aligncenter content_with_background_section paddingside\">\n    <div class=\"max-width center-h paddingallx2\" style=\"background-color:#0056b8; color: #ffffff\">\n        <div class=\"max-width7 center-h\">\n            <h3 style=\"text-align: center\">Vorteile<\/h3>\n<p style=\"text-align: center\">Gewinnt bis zu 75 Prozent des CO\u2082 aus dem Rohgas zur\u00fcck<\/p>\n<p style=\"text-align: center\">CO\u2082-Reinheit \u00fcber 97 Prozent, direkt verkaufsf\u00e4hig<\/p>\n<p style=\"text-align: center\">Reduziert den Methanschlupf um etwa 10 Prozent<\/p>\n<p style=\"text-align: center\">Senkung des Energieverbrauchs um 7 bis 10 Prozent<\/p>\n<p style=\"text-align: center\">Keine Auswirkungen auf die Biomethanproduktion<\/p>\n<p style=\"text-align: center\">Keine beweglichen Teile. Keine neue Druckbeh\u00e4lterklassifizierung. Keine Komplikationen<\/p>\n        <\/div>\n    <\/div>\n<\/section><!-- .downlaods_block -->\n\n\n<div style=\"height:64px\" aria-hidden=\"true\" class=\"wp-block-spacer\"><\/div>\n\n\n\n<h2 class=\"wp-block-heading has-bla-color has-text-color has-link-color wp-elements-eed3cf0f193cf9f83faafb3882161b10\">So funktioniert es<\/h2>\n\n\n\n<div class=\"wp-block-columns is-layout-flex wp-container-core-columns-is-layout-9d6595d7 wp-block-columns-is-layout-flex\">\n<div class=\"wp-block-column is-layout-flow wp-block-column-is-layout-flow\">\n<p>Der CO\u2082 Harvester wird direkt oben auf der Desorptionskolonne installiert. Er gewinnt Kohlendioxid zur\u00fcck, das sonst verloren ginge \u2013 ohne den Gasstrom zu beeintr\u00e4chtigen.<\/p>\n<\/div>\n\n\n\n<div class=\"wp-block-column is-layout-flow wp-block-column-is-layout-flow\">\n<p>Durch das Umleiten eines Teils des Prozesswassers und die Kombination aus Druckreduzierung und Luft wird das CO\u2082 mit hoher Reinheit freigesetzt, ganz ohne zus\u00e4tzliche Pumpen oder Druckbeh\u00e4lter.<\/p>\n<\/div>\n\n\n\n<div class=\"wp-block-column is-layout-flow wp-block-column-is-layout-flow\">\n<p><strong>Das Ergebnis<\/strong> ist ein stabilerer Prozess, geringerer Energieverbrauch und Kohlendioxid, das verkauft oder weiterverwendet werden kann.<\/p>\n<\/div>\n<\/div>\n\n\n\n<div style=\"height:64px\" aria-hidden=\"true\" class=\"wp-block-spacer\"><\/div>\n\n\n\n<section id=\"image-and-content-section-block_28403d443965db6155d18be3c3d71d4b\" class=\"image-and-content-section wide center-h paddingside desktop:flex desktop:items-center\">\n    <div class=\"reveal w-full desktop:h-full desktop:w-5\/12\">\n                   <div class=\"image-wrap\">\n                <img decoding=\"async\" src=\"https:\/\/www.malmberg.se\/de\/wp-content\/uploads\/sites\/2\/2025\/07\/Co2-harvester6-scaled-e1753694886784-643x1024.jpg\" alt=\"\" class=\"center-h desktop:aspect-[5\/7] desktop:object-cover desktop:object-center desktop:h-[700px]\">\n            <\/div>\n            <\/div>\n    <div class=\"w-full py-8 laptop:py-16 laptop:px-16 desktop:w-3\/5 desktop:px-32\">\n        <div class=\"scroll_reveal__ animation-delay\">\n                          <h2 class=\"multi_color_heading pb-4\">Wie es <em>in der Praxis aussieht<\/em><\/h2>\n                      <p><strong>Genthin, Germany<\/strong><\/p>\n<p>In October 2024, a Harvester 50 was installed directly on top of the desorption column.<\/p>\n<p><strong>Results<\/strong><\/p>\n<ul>\n<li>300 Nm\u00b3 of recovered CO\u2082 per hour<\/li>\n<li>0.024 percent CH\u2084 in exhaust<\/li>\n<li>Reduced energy consumption<\/li>\n<li>More stable plant operation<\/li>\n<li>No negative effects on upgrading performance<\/li>\n<\/ul>\n                          <div class=\"wp-block-buttons pt-8\">\n                                          <div class=\"wp-block-button\">\n                           <a href=\"https:\/\/www.malmberg.se\/de\/ref\/co%e2%82%82-abscheidung-in-genthin\/\" class=\"wp-block-button__link\" target=\"_blank\">Mehr erfahren<\/a>\n                       <\/div>\n                                  <\/div>\n                   <\/div>\n    <\/div>\n<\/section><!-- .content_beside_img_section -->\n\n\n\n<div style=\"height:64px\" aria-hidden=\"true\" class=\"wp-block-spacer\"><\/div>\n\n\n\n<h3 class=\"wp-block-heading has-text-align-center has-bla-color has-text-color has-link-color wp-elements-2f79e9868209a312ccc85f087c4d8e79\">Neugierig, wie viel CO\u2082 Sie in Ihrer Anlage zur\u00fcckgewinnen k\u00f6nnten?<\/h3>\n\n\n\n<p class=\"has-text-align-center\">Wir helfen Ihnen gerne weiter.<\/p>\n\n\n\n<div style=\"height:32px\" aria-hidden=\"true\" class=\"wp-block-spacer\"><\/div>\n\n\n\n<section id=\"contacts-pick-listblock_005e4a543c966f05a0b89ca566130ae9\" class=\"contacts-pick-list alignwide\">\n    <div class=\"content\">\n                   <div class=\"boxes justify-center\">\n           \n                                                        <div class=\"box paddingall bg_white \">\n                            <img decoding=\"async\" src=\"https:\/\/www.malmberg.se\/de\/wp-content\/uploads\/sites\/2\/2025\/06\/Namnloes-design-33.png\" alt=\"\">                                                        <div class=\"details\">\n                                <p class=\"name bold\">Donato Cristaldi<\/p>\n                                <p class=\"title\">Managing Director &#8211; Malmberg Bioerdgastech GmbH<\/p>\n                                                                    <a class=\"mail bold\" href=\"mailto:donato.cristaldi@malmberg.se\">donato.cristaldi@malmberg.se<\/a>\n                                                                                                    <a class=\"phone bold\" href=\"tel:+49 172 7395063\">+49 172 7395063<\/a>\n                                                                                               <\/div>\n                        <\/div>\n                                <\/div>\n            <\/div>\n<\/section>  \n\n<style type=\"text\/css\">\n    #contacts-pick-listblock_005e4a543c966f05a0b89ca566130ae9 {\n\n    }\n    #contacts-pick-listblock_005e4a543c966f05a0b89ca566130ae9 .box {\n        width: 100%;\n        display: flex;\n        margin-bottom: 16px;\n    }\n    #contacts-pick-listblock_005e4a543c966f05a0b89ca566130ae9 .box .details {\n        padding: 12px 0px 12px 12px;\n        overflow: hidden;\n        overflow-wrap: break-word;\n    }\n    #contacts-pick-listblock_005e4a543c966f05a0b89ca566130ae9 .box img {\n        display: block;\n        object-fit: cover;\n        object-position: center;\n        width: 100%;\n        max-height: 350px;\n        max-width: 120px;\n        filter: grayscale(100%);\n    }\n    #contacts-pick-listblock_005e4a543c966f05a0b89ca566130ae9 .box p {\n        margin: 0;\n    }\n    #contacts-pick-listblock_005e4a543c966f05a0b89ca566130ae9 .box .title {\n        font-size: .8rem;\n        margin-bottom: 1.5em;\n    }\n    #contacts-pick-listblock_005e4a543c966f05a0b89ca566130ae9 .box .mail {\n        margin-bottom: .5em;\n    }\n    #contacts-pick-listblock_005e4a543c966f05a0b89ca566130ae9 .box a {\n        display: block;\n        font-size: .8rem;\n        text-decoration: none;\n    }\n    #contacts-pick-listblock_005e4a543c966f05a0b89ca566130ae9 .box a:hover {\n        color: #0056b8;\n    }\n    \/*--------------------------------------------------------------\n    $mq__tablet: 46.8em;\n    $mq__tablet__2: 48em;\n    $mq__tablet__3: 50em;\n\n    $mq__desktop: 60em;\n    $mq__desktop__2: 64.5em;\n    $mq__desktop__3: 70em;\n\n\n    $mq__largedesk: 75em;\n    $mq__largedesk__2: 80em;\n    $mq__largedesk__3: 90em;\n    --------------------------------------------------------------*\/\n    \/* Tablet *\/\n    @media screen and (min-width: 46.8em) {\n        #contacts-pick-listblock_005e4a543c966f05a0b89ca566130ae9 .boxes {\n            display: flex;\n            flex-wrap: wrap;\n            gap: 2%;\n        }\n        #contacts-pick-listblock_005e4a543c966f05a0b89ca566130ae9 .box {\n            margin-bottom: 2%;\n            align-items: center;\n            width: auto;\n        }\n        #contacts-pick-listblock_005e4a543c966f05a0b89ca566130ae9 .box.block_layout {\n            display: block;\n            width: 32%;\n        }\n        #contacts-pick-listblock_005e4a543c966f05a0b89ca566130ae9 .box img {\n            max-width: 150px;\n            min-height: 200px;\n        }\n        #contacts-pick-listblock_005e4a543c966f05a0b89ca566130ae9 .box.block_layout img {\n            max-width: none;\n            \/\/min-height: 350px;\n            min-height: 250px;\n            max-height: 250px;\n        }\n        #contacts-pick-listblock_005e4a543c966f05a0b89ca566130ae9 .box.block_layout .details {\n            padding: 24px 0 12px;\n        }\n    }\n    \/* Large tablet *\/\n    @media screen and (min-width: 48em) {\n        #contacts-pick-listblock_005e4a543c966f05a0b89ca566130ae9 .box.block_layout img {\n            max-height: none;\n            height: 350px;\n        }\n    }\n    \/* Desktop *\/\n    @media screen and (min-width: 60em) {\n        #contacts-pick-listblock_005e4a543c966f05a0b89ca566130ae9 .box.block_layout .details {\n            text-align: center;\n        }\n        #contacts-pick-listblock_005e4a543c966f05a0b89ca566130ae9 .boxes.justify-center {\n            justify-content: center;\n        }\n        #contacts-pick-listblock_005e4a543c966f05a0b89ca566130ae9 .box.block_layout {\n            width: 32%;\n        }\n        #contacts-pick-listblock_005e4a543c966f05a0b89ca566130ae9 .box.block_layout img {\n            max-height: none;\n            height: 450px;\n        }\n    }\n    \/* Large desktop *\/\n    @media screen and (min-width: 75em) {\n\n    }\n    @media screen and (min-width: 90em) {\n        #contacts-pick-listblock_005e4a543c966f05a0b89ca566130ae9 .box.block_layout {\n            width: 23%;\n        }\n        #contacts-pick-listblock_005e4a543c966f05a0b89ca566130ae9 .box.block_layout img {\n            \/\/height: 250px;\n            \/\/min-height: 250px;\n            height: 300px;\n            min-height: 300px;\n        }\n    }\n    \n<\/style>\n\n\n\n\n\n<p><\/p>\n","protected":false},"excerpt":{"rendered":"<p>Eine intelligente M\u00f6glichkeit, mehr aus Ihrem Biogas herauszuholen Der CO\u2082 Harvester ist eine clevere L\u00f6sung f\u00fcr Betreiber von Biogasanlagen \u2013 egal, ob Sie bereits eine Aufbereitungseinheit haben oder eine neue planen. Durch die R\u00fcckgewinnung von bis zu 75 Prozent des Kohlendioxids im Gasstrom k\u00f6nnen Sie eine neue Einnahmequelle erschlie\u00dfen, den Energiebedarf senken und die Gesamteffizienz [&hellip;]<\/p>\n","protected":false},"author":1,"featured_media":2762,"parent":241,"menu_order":20,"comment_status":"closed","ping_status":"closed","template":"","meta":{"_acf_changed":false,"footnotes":""},"class_list":["post-1783","page","type-page","status-publish","has-post-thumbnail","hentry"],"acf":[],"yoast_head":"<!-- This site is optimized with the Yoast SEO plugin v27.3 - https:\/\/yoast.com\/product\/yoast-seo-wordpress\/ -->\n<title>Malmberg CO\u2082 Harvester - Malmberg DE<\/title>\n<meta name=\"robots\" content=\"index, follow, max-snippet:-1, max-image-preview:large, max-video-preview:-1\" \/>\n<link rel=\"canonical\" href=\"https:\/\/www.malmberg.se\/de\/was-wir-tun\/biogasaufbereitung\/malmberg-co2-harvester\/\" \/>\n<meta property=\"og:locale\" content=\"de_DE\" \/>\n<meta property=\"og:type\" content=\"article\" \/>\n<meta property=\"og:title\" content=\"Malmberg CO\u2082 Harvester - Malmberg DE\" \/>\n<meta property=\"og:description\" content=\"Eine intelligente M\u00f6glichkeit, mehr aus Ihrem Biogas herauszuholen Der CO\u2082 Harvester ist eine clevere L\u00f6sung f\u00fcr Betreiber von Biogasanlagen \u2013 egal, ob Sie bereits eine Aufbereitungseinheit haben oder eine neue planen. Durch die R\u00fcckgewinnung von bis zu 75 Prozent des Kohlendioxids im Gasstrom k\u00f6nnen Sie eine neue Einnahmequelle erschlie\u00dfen, den Energiebedarf senken und die Gesamteffizienz [&hellip;]\" \/>\n<meta property=\"og:url\" content=\"https:\/\/www.malmberg.se\/de\/was-wir-tun\/biogasaufbereitung\/malmberg-co2-harvester\/\" \/>\n<meta property=\"og:site_name\" content=\"Malmberg DE\" \/>\n<meta property=\"article:modified_time\" content=\"2025-12-10T09:00:06+00:00\" \/>\n<meta name=\"twitter:card\" content=\"summary_large_image\" \/>\n<meta name=\"twitter:label1\" content=\"Gesch\u00e4tzte Lesezeit\" \/>\n\t<meta name=\"twitter:data1\" content=\"3\u00a0Minuten\" \/>\n<script type=\"application\/ld+json\" class=\"yoast-schema-graph\">{\"@context\":\"https:\\\/\\\/schema.org\",\"@graph\":[{\"@type\":\"WebPage\",\"@id\":\"https:\\\/\\\/www.malmberg.se\\\/de\\\/was-wir-tun\\\/biogasaufbereitung\\\/malmberg-co2-harvester\\\/\",\"url\":\"https:\\\/\\\/www.malmberg.se\\\/de\\\/was-wir-tun\\\/biogasaufbereitung\\\/malmberg-co2-harvester\\\/\",\"name\":\"Malmberg CO\u2082 Harvester - Malmberg DE\",\"isPartOf\":{\"@id\":\"https:\\\/\\\/www.malmberg.se\\\/de\\\/#website\"},\"primaryImageOfPage\":{\"@id\":\"https:\\\/\\\/www.malmberg.se\\\/de\\\/was-wir-tun\\\/biogasaufbereitung\\\/malmberg-co2-harvester\\\/#primaryimage\"},\"image\":{\"@id\":\"https:\\\/\\\/www.malmberg.se\\\/de\\\/was-wir-tun\\\/biogasaufbereitung\\\/malmberg-co2-harvester\\\/#primaryimage\"},\"thumbnailUrl\":\"https:\\\/\\\/www.malmberg.se\\\/de\\\/wp-content\\\/uploads\\\/sites\\\/2\\\/2025\\\/07\\\/Co2-harvester4-wide.jpg\",\"datePublished\":\"2025-12-08T11:39:18+00:00\",\"dateModified\":\"2025-12-10T09:00:06+00:00\",\"breadcrumb\":{\"@id\":\"https:\\\/\\\/www.malmberg.se\\\/de\\\/was-wir-tun\\\/biogasaufbereitung\\\/malmberg-co2-harvester\\\/#breadcrumb\"},\"inLanguage\":\"de\",\"potentialAction\":[{\"@type\":\"ReadAction\",\"target\":[\"https:\\\/\\\/www.malmberg.se\\\/de\\\/was-wir-tun\\\/biogasaufbereitung\\\/malmberg-co2-harvester\\\/\"]}]},{\"@type\":\"ImageObject\",\"inLanguage\":\"de\",\"@id\":\"https:\\\/\\\/www.malmberg.se\\\/de\\\/was-wir-tun\\\/biogasaufbereitung\\\/malmberg-co2-harvester\\\/#primaryimage\",\"url\":\"https:\\\/\\\/www.malmberg.se\\\/de\\\/wp-content\\\/uploads\\\/sites\\\/2\\\/2025\\\/07\\\/Co2-harvester4-wide.jpg\",\"contentUrl\":\"https:\\\/\\\/www.malmberg.se\\\/de\\\/wp-content\\\/uploads\\\/sites\\\/2\\\/2025\\\/07\\\/Co2-harvester4-wide.jpg\"},{\"@type\":\"BreadcrumbList\",\"@id\":\"https:\\\/\\\/www.malmberg.se\\\/de\\\/was-wir-tun\\\/biogasaufbereitung\\\/malmberg-co2-harvester\\\/#breadcrumb\",\"itemListElement\":[{\"@type\":\"ListItem\",\"position\":1,\"name\":\"Hem\",\"item\":\"https:\\\/\\\/www.malmberg.se\\\/de\\\/\"},{\"@type\":\"ListItem\",\"position\":2,\"name\":\"Was wir tun\",\"item\":\"https:\\\/\\\/www.malmberg.se\\\/de\\\/was-wir-tun\\\/\"},{\"@type\":\"ListItem\",\"position\":3,\"name\":\"Biogas upgrading\",\"item\":\"https:\\\/\\\/www.malmberg.se\\\/de\\\/was-wir-tun\\\/biogasaufbereitung\\\/\"},{\"@type\":\"ListItem\",\"position\":4,\"name\":\"Malmberg CO\u2082 Harvester\"}]},{\"@type\":\"WebSite\",\"@id\":\"https:\\\/\\\/www.malmberg.se\\\/de\\\/#website\",\"url\":\"https:\\\/\\\/www.malmberg.se\\\/de\\\/\",\"name\":\"Malmberg DE\",\"description\":\"\",\"potentialAction\":[{\"@type\":\"SearchAction\",\"target\":{\"@type\":\"EntryPoint\",\"urlTemplate\":\"https:\\\/\\\/www.malmberg.se\\\/de\\\/?s={search_term_string}\"},\"query-input\":{\"@type\":\"PropertyValueSpecification\",\"valueRequired\":true,\"valueName\":\"search_term_string\"}}],\"inLanguage\":\"de\"}]}<\/script>\n<!-- \/ Yoast SEO plugin. -->","yoast_head_json":{"title":"Malmberg CO\u2082 Harvester - Malmberg DE","robots":{"index":"index","follow":"follow","max-snippet":"max-snippet:-1","max-image-preview":"max-image-preview:large","max-video-preview":"max-video-preview:-1"},"canonical":"https:\/\/www.malmberg.se\/de\/was-wir-tun\/biogasaufbereitung\/malmberg-co2-harvester\/","og_locale":"de_DE","og_type":"article","og_title":"Malmberg CO\u2082 Harvester - Malmberg DE","og_description":"Eine intelligente M\u00f6glichkeit, mehr aus Ihrem Biogas herauszuholen Der CO\u2082 Harvester ist eine clevere L\u00f6sung f\u00fcr Betreiber von Biogasanlagen \u2013 egal, ob Sie bereits eine Aufbereitungseinheit haben oder eine neue planen. Durch die R\u00fcckgewinnung von bis zu 75 Prozent des Kohlendioxids im Gasstrom k\u00f6nnen Sie eine neue Einnahmequelle erschlie\u00dfen, den Energiebedarf senken und die Gesamteffizienz [&hellip;]","og_url":"https:\/\/www.malmberg.se\/de\/was-wir-tun\/biogasaufbereitung\/malmberg-co2-harvester\/","og_site_name":"Malmberg DE","article_modified_time":"2025-12-10T09:00:06+00:00","twitter_card":"summary_large_image","twitter_misc":{"Gesch\u00e4tzte Lesezeit":"3\u00a0Minuten"},"schema":{"@context":"https:\/\/schema.org","@graph":[{"@type":"WebPage","@id":"https:\/\/www.malmberg.se\/de\/was-wir-tun\/biogasaufbereitung\/malmberg-co2-harvester\/","url":"https:\/\/www.malmberg.se\/de\/was-wir-tun\/biogasaufbereitung\/malmberg-co2-harvester\/","name":"Malmberg CO\u2082 Harvester - Malmberg DE","isPartOf":{"@id":"https:\/\/www.malmberg.se\/de\/#website"},"primaryImageOfPage":{"@id":"https:\/\/www.malmberg.se\/de\/was-wir-tun\/biogasaufbereitung\/malmberg-co2-harvester\/#primaryimage"},"image":{"@id":"https:\/\/www.malmberg.se\/de\/was-wir-tun\/biogasaufbereitung\/malmberg-co2-harvester\/#primaryimage"},"thumbnailUrl":"https:\/\/www.malmberg.se\/de\/wp-content\/uploads\/sites\/2\/2025\/07\/Co2-harvester4-wide.jpg","datePublished":"2025-12-08T11:39:18+00:00","dateModified":"2025-12-10T09:00:06+00:00","breadcrumb":{"@id":"https:\/\/www.malmberg.se\/de\/was-wir-tun\/biogasaufbereitung\/malmberg-co2-harvester\/#breadcrumb"},"inLanguage":"de","potentialAction":[{"@type":"ReadAction","target":["https:\/\/www.malmberg.se\/de\/was-wir-tun\/biogasaufbereitung\/malmberg-co2-harvester\/"]}]},{"@type":"ImageObject","inLanguage":"de","@id":"https:\/\/www.malmberg.se\/de\/was-wir-tun\/biogasaufbereitung\/malmberg-co2-harvester\/#primaryimage","url":"https:\/\/www.malmberg.se\/de\/wp-content\/uploads\/sites\/2\/2025\/07\/Co2-harvester4-wide.jpg","contentUrl":"https:\/\/www.malmberg.se\/de\/wp-content\/uploads\/sites\/2\/2025\/07\/Co2-harvester4-wide.jpg"},{"@type":"BreadcrumbList","@id":"https:\/\/www.malmberg.se\/de\/was-wir-tun\/biogasaufbereitung\/malmberg-co2-harvester\/#breadcrumb","itemListElement":[{"@type":"ListItem","position":1,"name":"Hem","item":"https:\/\/www.malmberg.se\/de\/"},{"@type":"ListItem","position":2,"name":"Was wir tun","item":"https:\/\/www.malmberg.se\/de\/was-wir-tun\/"},{"@type":"ListItem","position":3,"name":"Biogas upgrading","item":"https:\/\/www.malmberg.se\/de\/was-wir-tun\/biogasaufbereitung\/"},{"@type":"ListItem","position":4,"name":"Malmberg CO\u2082 Harvester"}]},{"@type":"WebSite","@id":"https:\/\/www.malmberg.se\/de\/#website","url":"https:\/\/www.malmberg.se\/de\/","name":"Malmberg DE","description":"","potentialAction":[{"@type":"SearchAction","target":{"@type":"EntryPoint","urlTemplate":"https:\/\/www.malmberg.se\/de\/?s={search_term_string}"},"query-input":{"@type":"PropertyValueSpecification","valueRequired":true,"valueName":"search_term_string"}}],"inLanguage":"de"}]}},"_links":{"self":[{"href":"https:\/\/www.malmberg.se\/de\/wp-json\/wp\/v2\/pages\/1783","targetHints":{"allow":["GET"]}}],"collection":[{"href":"https:\/\/www.malmberg.se\/de\/wp-json\/wp\/v2\/pages"}],"about":[{"href":"https:\/\/www.malmberg.se\/de\/wp-json\/wp\/v2\/types\/page"}],"author":[{"embeddable":true,"href":"https:\/\/www.malmberg.se\/de\/wp-json\/wp\/v2\/users\/1"}],"replies":[{"embeddable":true,"href":"https:\/\/www.malmberg.se\/de\/wp-json\/wp\/v2\/comments?post=1783"}],"version-history":[{"count":4,"href":"https:\/\/www.malmberg.se\/de\/wp-json\/wp\/v2\/pages\/1783\/revisions"}],"predecessor-version":[{"id":1828,"href":"https:\/\/www.malmberg.se\/de\/wp-json\/wp\/v2\/pages\/1783\/revisions\/1828"}],"up":[{"embeddable":true,"href":"https:\/\/www.malmberg.se\/de\/wp-json\/wp\/v2\/pages\/241"}],"wp:featuredmedia":[{"embeddable":true,"href":"https:\/\/www.malmberg.se\/de\/wp-json\/"}],"wp:attachment":[{"href":"https:\/\/www.malmberg.se\/de\/wp-json\/wp\/v2\/media?parent=1783"}],"curies":[{"name":"wp","href":"https:\/\/api.w.org\/{rel}","templated":true}]}}