{"id":1785,"date":"2025-12-08T12:42:32","date_gmt":"2025-12-08T11:42:32","guid":{"rendered":"https:\/\/www.malmberg.se\/de-new\/?page_id=1785"},"modified":"2025-12-10T11:05:17","modified_gmt":"2025-12-10T10:05:17","slug":"aquaera","status":"publish","type":"page","link":"https:\/\/www.malmberg.se\/de\/was-wir-tun\/biogasaufbereitung\/aquaera\/","title":{"rendered":"AQUAERA"},"content":{"rendered":"\n<section id=\"full-width-content-with-bg-section-block_ac8fb8a3122cb132ef062a2d98b3d28c\" class=\"full-width-content-with-bg-section alignfull content_with_background_section paddingside\" style=\"background-color:#0056b8; color: #ffffff\">\n    <div class=\"max-width center-h px-4 pt-12 pb-8 tablet:px-8 tablet:pb-24 desktop:pb-32\">\n        <div class=\"max-width8 center-h scroll_reveal__ tablet:text-xl\">\n            <h2 style=\"text-align: center\">Unabh\u00e4ngig vom ausgew\u00e4hlten Modell, AQUAERA passt sich Ihnen an.<\/h2>\n<p style=\"text-align: center\">Die AQUAERA-Modelle basieren auf der bew\u00e4hrten Malmberg-Technologie. Inspiriert von der St\u00e4rke und Vision der nordischen Mythologie hat jedes AQUAERA-Modell seinen eigenen Charakter: von FREJA, entwickelt f\u00fcr kleinere Projekte, bis zu ODEN, gebaut f\u00fcr die gr\u00f6\u00dften Kapazit\u00e4tsanspr\u00fcche.<\/p>\n                    <\/div>\n    <\/div>\n<\/section><!-- .downlaods_block -->\n\n\n<div style=\"height:2rem\" aria-hidden=\"true\" class=\"wp-block-spacer\"><\/div>\n\n\n\n<section id=\"detail-list-section-block_57c1c9f451ace1ace15c97cc5c81195c\" class=\"detail-list-section aligncenter alternative_layout detail_list_section max-width paddingside\">\n    <div class=\"\">\n       <div class=\"max-width10 center-h\">\n            <h3><span style=\"text-align: center;width: 100%;display: inline-block\">AQUAERA modelle<\/span><\/h3>\n                                 <ul class=\"list_items\">\n                                                <li class=\"alt_item\">\n                        <h4 class=\"color_white center-text uppercase\">FREJA<\/h4>\n                                                    <p class=\"bg_a color_white paddingall center-text\">500-1000 Nm\u00b3\/h<\/p>\n                                            <\/li>\n                                                                <li class=\"alt_item\">\n                        <h4 class=\"color_white center-text uppercase\">NJORD<\/h4>\n                                                    <p class=\"bg_a color_white paddingall center-text\">1000-2000 Nm\u00b3\/h<\/p>\n                                            <\/li>\n                                                                <li class=\"alt_item\">\n                        <h4 class=\"color_white center-text uppercase\">TOR<\/h4>\n                                                    <p class=\"bg_a color_white paddingall center-text\">2000-3000 Nm\u00b3\/h<\/p>\n                                            <\/li>\n                                                                <li class=\"alt_item\">\n                        <h4 class=\"color_white center-text uppercase\">ODEN<\/h4>\n                                                    <p class=\"bg_a color_white paddingall center-text\">3000-6000 Nm\u00b3\/h<\/p>\n                                            <\/li>\n                                        <\/ul>\n                <\/div>\n    <\/div>\n    <style>\n        #detail-list-section-block_57c1c9f451ace1ace15c97cc5c81195c .list_items {\n            list-style: none;\n            display: flex;\n            justify-content: flex-start;\n            flex-wrap: wrap;\n            padding: 0 !important;\n        }\n        #detail-list-section-block_57c1c9f451ace1ace15c97cc5c81195c:not(.alternative_layout) .list_items li {\n            margin-bottom: 1em;\n            flex: 1 0 100%;\n        }\n        #detail-list-section-block_57c1c9f451ace1ace15c97cc5c81195c:not(.alternative_layout) .list_items li span {\n            display: block;\n        }\n        #detail-list-section-block_57c1c9f451ace1ace15c97cc5c81195c:not(.alternative_layout) .list_items li h4, #detail-list-section-block_57c1c9f451ace1ace15c97cc5c81195c:not(.alternative_layout) .list_items li p, #detail-list-section-block_57c1c9f451ace1ace15c97cc5c81195c:not(.alternative_layout) .list_items li span {\n            margin: 0;\n            font-size: 1rem;\n            line-height: 1.2;\n        }\n        \n        #detail-list-section-block_57c1c9f451ace1ace15c97cc5c81195c.alternative_layout li.alt_item {\n            display: flex;\n            flex-direction: column;\n            flex: 1 0 100%;\n        }\n        #detail-list-section-block_57c1c9f451ace1ace15c97cc5c81195c.alternative_layout li.alt_item:not(:last-child) {\n            margin-bottom: 1rem;\n        }\n         #detail-list-section-block_57c1c9f451ace1ace15c97cc5c81195c.alternative_layout li.alt_item h4 {\n            background-color: #00224b;\n            margin: 0;\n            font-size: clamp(1.5rem, 2vw, 2rem);\n            padding: 1.5rem 1rem 2rem;\n        }\n        #detail-list-section-block_57c1c9f451ace1ace15c97cc5c81195c.alternative_layout li.alt_item p {\n            margin: -.5rem 1rem 0;\n        }\n        \n        @media screen and (min-width: 46.8em) {\n            #detail-list-section-block_57c1c9f451ace1ace15c97cc5c81195c .list_items {\n                gap: .5em;\n            }\n            #detail-list-section-block_57c1c9f451ace1ace15c97cc5c81195c:not(.alternative_layout) .list_items li {\n                display: flex;\n                \/\/align-items: center;\n                flex: 0 1 auto;\n                gap: .5em;\n                margin-bottom: 0;\n            }\n            #detail-list-section-block_57c1c9f451ace1ace15c97cc5c81195c.alternative_layout li.alt_item {\n                flex: 1;\n            }\n        }\n        @media screen and (min-width: 75em) {\n            \n        }\n    <\/style>\n<\/section><!-- .downlaods_block -->\n\n\n<div style=\"height:2rem\" aria-hidden=\"true\" class=\"wp-block-spacer\"><\/div>\n\n\n\n<figure class=\"wp-block-image alignfull size-full\"><img loading=\"lazy\" decoding=\"async\" width=\"2560\" height=\"1522\" src=\"https:\/\/www.malmberg.se\/en\/wp-content\/uploads\/sites\/2\/2025\/10\/Aquaera-3D-2-scaled.jpg\" alt=\"\" class=\"wp-image-2903\" srcset=\"https:\/\/www.malmberg.se\/de\/wp-content\/uploads\/sites\/2\/2025\/10\/Aquaera-3D-2-scaled.jpg 2560w, https:\/\/www.malmberg.se\/de\/wp-content\/uploads\/sites\/2\/2025\/10\/Aquaera-3D-2-300x178.jpg 300w, https:\/\/www.malmberg.se\/de\/wp-content\/uploads\/sites\/2\/2025\/10\/Aquaera-3D-2-1024x609.jpg 1024w, https:\/\/www.malmberg.se\/de\/wp-content\/uploads\/sites\/2\/2025\/10\/Aquaera-3D-2-768x457.jpg 768w, https:\/\/www.malmberg.se\/de\/wp-content\/uploads\/sites\/2\/2025\/10\/Aquaera-3D-2-1536x913.jpg 1536w, https:\/\/www.malmberg.se\/de\/wp-content\/uploads\/sites\/2\/2025\/10\/Aquaera-3D-2-2048x1218.jpg 2048w\" sizes=\"auto, (max-width: 2560px) 100vw, 2560px\" \/><\/figure>\n\n\n\n<section id=\"image-and-content-section-block_abac1cf42a6070af858c8e27c4bb46b2\" class=\"image-and-content-section wide center-h paddingside desktop:flex desktop:items-center\">\n    <div class=\"reveal w-full desktop:h-full desktop:w-5\/12\">\n                   <div class=\"image-wrap\">\n                <img decoding=\"async\" src=\"https:\/\/www.malmberg.se\/de\/wp-content\/uploads\/sites\/2\/2025\/10\/Klevland_malmberg_solrod-3-683x1024.jpg\" alt=\"\" class=\"center-h desktop:aspect-[5\/7] desktop:object-cover desktop:object-center desktop:h-[700px]\">\n            <\/div>\n            <\/div>\n    <div class=\"w-full py-8 laptop:py-16 laptop:px-16 desktop:w-3\/5 desktop:px-32\">\n        <div class=\"scroll_reveal__ animation-delay\">\n                          <h2 class=\"multi_color_heading pb-4\">Drei Jahrzehnte im Einsatz<\/h2>\n                      <h4>C4 energi, Kristianstad, Schweden<\/h4>\n<ul>\n<li>Im Betrieb seit 1998<\/li>\n<li>Aufbereitungskapazit\u00e4t: 10 GWh\/Jahr<\/li>\n<li>Nach drei Jahrzehnten immer noch im Betrieb, mit minimalem Wartungsaufwand<\/li>\n<\/ul>\n                   <\/div>\n    <\/div>\n<\/section><!-- .content_beside_img_section -->\n\n\n\n<section id=\"image-and-content-section-block_aa62e509e51934c485583f41ee686514\" class=\"image-and-content-section wide center-h paddingside desktop:flex desktop:items-center desktop:flex-row-reverse\">\n    <div class=\"reveal w-full desktop:h-full desktop:w-5\/12\">\n                   <div class=\"image-wrap\">\n                <img decoding=\"async\" src=\"https:\/\/www.malmberg.se\/de\/wp-content\/uploads\/sites\/2\/2025\/10\/Aquaera-3D-2_5x7-zoomed-731x1024.jpg\" alt=\"\" class=\"center-h desktop:aspect-[5\/7] desktop:object-cover desktop:object-center desktop:h-[700px]\">\n            <\/div>\n            <\/div>\n    <div class=\"w-full py-8 laptop:py-16 laptop:px-16 desktop:w-3\/5 desktop:px-32\">\n        <div class=\"scroll_reveal__ animation-delay\">\n                          <h2 class=\"multi_color_heading pb-4\">Damit Ihre Anlage jeden Tag l\u00e4uft<\/h2>\n                      <ul>\n<li>24\/7-Support durch unsere Techniker die Ihre Anlage kennen.<\/li>\n<li>Smarte Updates f\u00fcr anhaltende Performance.<\/li>\n<li>Digitale Anbindung und Einblicke \u00fcber aCurve.<\/li>\n<li>Technische Upgrades, welche die Lebensdauer der Anlage verl\u00e4ngern.<\/li>\n<li>Ein Partner, der Sie begleitet, auch wenn sich die Rahmenbedingungen \u00e4ndern.<\/li>\n<\/ul>\n                   <\/div>\n    <\/div>\n<\/section><!-- .content_beside_img_section -->\n\n\n\n<section id=\"info-contactsblock_df6b9f1c584a5b5ec7529cbf4fab2b07\" class=\"info-contacts alignfull\">\n    <div class=\"inner_content alignwide scroll_reveal__\">\n        <div class=\"text_content max-width6\">\n            <h2>Malmberg Energy<\/h2>\n<p>Bei Malmberg Energy liefern wir komplette Biogas-Aufbereitungsl\u00f6sungen \u2013 von der Planung und Projektierung bis hin zu Installation, Service und langfristiger Unterst\u00fctzung. Mit \u00fcber 125 in Betrieb befindlichen Aufbereitungsanlagen und lokaler Pr\u00e4senz in Italien, Deutschland, Gro\u00dfbritannien und Schweden sind wir in jedem Schritt an Ihrer Seite.<\/p>\n<p>Built for the challenge, ready for the future.<\/p>\n                            <div class=\"wp-block-buttons pt-8\">\n                                                                    <div class=\"wp-block-button\">\n                            <a class=\"wp-block-button__link has-text-color has-white-color\" href=\"#request-a-quote\" target=\"\">Request a quote<\/a><\/div>\n                                                                        <div class=\"wp-block-button\">\n                            <a class=\"wp-block-button__link has-text-color has-white-color\" href=\"https:\/\/www.malmberg.se\/de-new\/was-wir-tun\/biogas-upgrading\/\" target=\"\">Biogasaufbereitung<\/a><\/div>\n                                    <\/div>\n                                            \n        <\/div>\n\n        <div class=\"content\">\n                            <h6 class=\"contact_heading\">F\u00fcr weitere Informationen oder Fragen kontaktieren Sie mich:<\/h6>\n                                    <div class=\"boxes\">\n            \n                                                                    <div class=\"box color_white \">\n                                <img decoding=\"async\" src=\"https:\/\/www.malmberg.se\/de\/wp-content\/uploads\/sites\/2\/2025\/06\/Namnloes-design-33.png\" alt=\"\">                                                                <div class=\"details\">\n                                    <p class=\"name bold\">Donato Cristaldi<\/p>\n                                    <p class=\"title\">Managing Director &#8211; Malmberg Bioerdgastech GmbH<\/p>\n                                                                            <a class=\"mail bold\" href=\"mailto:donato.cristaldi@malmberg.se\">donato.cristaldi@malmberg.se<\/a>\n                                                                                                                <a class=\"phone bold\" href=\"tel:+49 172 7395063\">+49 172 7395063<\/a>\n                                                                                                        <\/div>\n                            <\/div>\n                                        <\/div>\n                    <\/div>\n    <\/div>\n   \n<\/section>  \n\n<style type=\"text\/css\">\n    #info-contactsblock_df6b9f1c584a5b5ec7529cbf4fab2b07 .box {\n        width: 100%;\n        display: flex;\n        margin-bottom: 16px;\n    }\n    #info-contactsblock_df6b9f1c584a5b5ec7529cbf4fab2b07 .box .details {\n        padding: 12px 0px 12px 12px;\n        overflow: hidden;\n        overflow-wrap: break-word;\n    }\n    #info-contactsblock_df6b9f1c584a5b5ec7529cbf4fab2b07 .box img {\n        display: block;\n        object-fit: cover;\n        object-position: center;\n        width: 106px;\n        height: 106px;\n        border-radius: 106px;\n        filter: grayscale(100%);\n    }\n    #info-contactsblock_df6b9f1c584a5b5ec7529cbf4fab2b07 .box p {\n        margin: 0;\n    }\n    #info-contactsblock_df6b9f1c584a5b5ec7529cbf4fab2b07 .box .title {\n        font-size: .8rem;\n        margin-bottom: 1.5em;\n    }\n    #info-contactsblock_df6b9f1c584a5b5ec7529cbf4fab2b07 .box .mail {\n        margin-bottom: .5em;\n    }\n    #info-contactsblock_df6b9f1c584a5b5ec7529cbf4fab2b07 .box a {\n        display: block;\n        font-size: .8rem;\n        text-decoration: none;\n    }\n    #info-contactsblock_df6b9f1c584a5b5ec7529cbf4fab2b07 .box a:hover {\n        color: #0056b8;\n    }\n    \/*--------------------------------------------------------------\n    $mq__tablet: 46.8em;\n    $mq__tablet__2: 48em;\n    $mq__tablet__3: 50em;\n\n    $mq__desktop: 60em;\n    $mq__desktop__2: 64.5em;\n    $mq__desktop__3: 70em;\n\n\n    $mq__largedesk: 75em;\n    $mq__largedesk__2: 80em;\n    $mq__largedesk__3: 90em;\n    --------------------------------------------------------------*\/\n    \/* Tablet *\/\n    @media screen and (min-width: 46.8em) {\n        #info-contactsblock_df6b9f1c584a5b5ec7529cbf4fab2b07 .boxes {\n            display: flex;\n            flex-wrap: wrap;\n            gap: 2%;\n        }\n        #info-contactsblock_df6b9f1c584a5b5ec7529cbf4fab2b07 .box {\n            margin-bottom: 2%;\n            align-items: center;\n            width: auto;\n        }\n        #info-contactsblock_df6b9f1c584a5b5ec7529cbf4fab2b07 .box.block_layout {\n            display: block;\n            width: 32%;\n        }\n        #info-contactsblock_df6b9f1c584a5b5ec7529cbf4fab2b07 .box.block_layout .details {\n            padding: 24px 0 12px;\n        }\n    }\n    \/* Large tablet *\/\n    @media screen and (min-width: 48em) {\n        #info-contactsblock_df6b9f1c584a5b5ec7529cbf4fab2b07 .box.block_layout img {\n            max-height: none;\n            height: 350px;\n        }\n    }\n    \/* Desktop *\/\n    @media screen and (min-width: 60em) {\n        #info-contactsblock_df6b9f1c584a5b5ec7529cbf4fab2b07 .box.block_layout .details {\n            text-align: center;\n        }\n        #info-contactsblock_df6b9f1c584a5b5ec7529cbf4fab2b07 .box.block_layout {\n            width: 32%;\n        }\n        #info-contactsblock_df6b9f1c584a5b5ec7529cbf4fab2b07 .box.block_layout img {\n            max-height: none;\n            height: 450px;\n        }\n    }\n    \/* Large desktop *\/\n    @media screen and (min-width: 75em) {\n\n    }\n    @media screen and (min-width: 90em) {\n        #info-contactsblock_df6b9f1c584a5b5ec7529cbf4fab2b07 .box.block_layout {\n            width: 23%;\n        }\n        #info-contactsblock_df6b9f1c584a5b5ec7529cbf4fab2b07 .box.block_layout img {\n            \/\/height: 250px;\n            \/\/min-height: 250px;\n            height: 300px;\n            min-height: 300px;\n        }\n    }\n    \n<\/style>\n\n\n\n\n\n<div style=\"height:4rem\" aria-hidden=\"true\" id=\"request-a-quote\" class=\"wp-block-spacer\"><\/div>\n","protected":false},"excerpt":{"rendered":"","protected":false},"author":1,"featured_media":2695,"parent":241,"menu_order":0,"comment_status":"closed","ping_status":"closed","template":"page-id.php","meta":{"_acf_changed":false,"footnotes":""},"class_list":["post-1785","page","type-page","status-publish","has-post-thumbnail","hentry"],"acf":[],"yoast_head":"<!-- This site is optimized with the Yoast SEO plugin v27.3 - https:\/\/yoast.com\/product\/yoast-seo-wordpress\/ -->\n<title>AQUAERA - Malmberg DE<\/title>\n<meta name=\"robots\" content=\"index, follow, max-snippet:-1, max-image-preview:large, max-video-preview:-1\" \/>\n<link rel=\"canonical\" href=\"https:\/\/www.malmberg.se\/de\/was-wir-tun\/biogasaufbereitung\/aquaera\/\" \/>\n<meta property=\"og:locale\" content=\"de_DE\" \/>\n<meta property=\"og:type\" content=\"article\" \/>\n<meta property=\"og:title\" content=\"AQUAERA - Malmberg DE\" \/>\n<meta property=\"og:url\" content=\"https:\/\/www.malmberg.se\/de\/was-wir-tun\/biogasaufbereitung\/aquaera\/\" \/>\n<meta property=\"og:site_name\" content=\"Malmberg DE\" \/>\n<meta property=\"article:modified_time\" content=\"2025-12-10T10:05:17+00:00\" \/>\n<meta name=\"twitter:card\" content=\"summary_large_image\" \/>\n<meta name=\"twitter:label1\" content=\"Gesch\u00e4tzte Lesezeit\" \/>\n\t<meta name=\"twitter:data1\" content=\"2\u00a0Minuten\" \/>\n<script type=\"application\/ld+json\" class=\"yoast-schema-graph\">{\"@context\":\"https:\\\/\\\/schema.org\",\"@graph\":[{\"@type\":\"WebPage\",\"@id\":\"https:\\\/\\\/www.malmberg.se\\\/de\\\/was-wir-tun\\\/biogasaufbereitung\\\/aquaera\\\/\",\"url\":\"https:\\\/\\\/www.malmberg.se\\\/de\\\/was-wir-tun\\\/biogasaufbereitung\\\/aquaera\\\/\",\"name\":\"AQUAERA - Malmberg DE\",\"isPartOf\":{\"@id\":\"https:\\\/\\\/www.malmberg.se\\\/de\\\/#website\"},\"primaryImageOfPage\":{\"@id\":\"https:\\\/\\\/www.malmberg.se\\\/de\\\/was-wir-tun\\\/biogasaufbereitung\\\/aquaera\\\/#primaryimage\"},\"image\":{\"@id\":\"https:\\\/\\\/www.malmberg.se\\\/de\\\/was-wir-tun\\\/biogasaufbereitung\\\/aquaera\\\/#primaryimage\"},\"thumbnailUrl\":\"https:\\\/\\\/www.malmberg.se\\\/de\\\/wp-content\\\/uploads\\\/sites\\\/2\\\/2025\\\/04\\\/Malmberg-ID-komp.jpg\",\"datePublished\":\"2025-12-08T11:42:32+00:00\",\"dateModified\":\"2025-12-10T10:05:17+00:00\",\"breadcrumb\":{\"@id\":\"https:\\\/\\\/www.malmberg.se\\\/de\\\/was-wir-tun\\\/biogasaufbereitung\\\/aquaera\\\/#breadcrumb\"},\"inLanguage\":\"de\",\"potentialAction\":[{\"@type\":\"ReadAction\",\"target\":[\"https:\\\/\\\/www.malmberg.se\\\/de\\\/was-wir-tun\\\/biogasaufbereitung\\\/aquaera\\\/\"]}]},{\"@type\":\"ImageObject\",\"inLanguage\":\"de\",\"@id\":\"https:\\\/\\\/www.malmberg.se\\\/de\\\/was-wir-tun\\\/biogasaufbereitung\\\/aquaera\\\/#primaryimage\",\"url\":\"https:\\\/\\\/www.malmberg.se\\\/de\\\/wp-content\\\/uploads\\\/sites\\\/2\\\/2025\\\/04\\\/Malmberg-ID-komp.jpg\",\"contentUrl\":\"https:\\\/\\\/www.malmberg.se\\\/de\\\/wp-content\\\/uploads\\\/sites\\\/2\\\/2025\\\/04\\\/Malmberg-ID-komp.jpg\"},{\"@type\":\"BreadcrumbList\",\"@id\":\"https:\\\/\\\/www.malmberg.se\\\/de\\\/was-wir-tun\\\/biogasaufbereitung\\\/aquaera\\\/#breadcrumb\",\"itemListElement\":[{\"@type\":\"ListItem\",\"position\":1,\"name\":\"Hem\",\"item\":\"https:\\\/\\\/www.malmberg.se\\\/de\\\/\"},{\"@type\":\"ListItem\",\"position\":2,\"name\":\"Was wir tun\",\"item\":\"https:\\\/\\\/www.malmberg.se\\\/de\\\/was-wir-tun\\\/\"},{\"@type\":\"ListItem\",\"position\":3,\"name\":\"Biogas upgrading\",\"item\":\"https:\\\/\\\/www.malmberg.se\\\/de\\\/was-wir-tun\\\/biogasaufbereitung\\\/\"},{\"@type\":\"ListItem\",\"position\":4,\"name\":\"AQUAERA\"}]},{\"@type\":\"WebSite\",\"@id\":\"https:\\\/\\\/www.malmberg.se\\\/de\\\/#website\",\"url\":\"https:\\\/\\\/www.malmberg.se\\\/de\\\/\",\"name\":\"Malmberg DE\",\"description\":\"\",\"potentialAction\":[{\"@type\":\"SearchAction\",\"target\":{\"@type\":\"EntryPoint\",\"urlTemplate\":\"https:\\\/\\\/www.malmberg.se\\\/de\\\/?s={search_term_string}\"},\"query-input\":{\"@type\":\"PropertyValueSpecification\",\"valueRequired\":true,\"valueName\":\"search_term_string\"}}],\"inLanguage\":\"de\"}]}<\/script>\n<!-- \/ Yoast SEO plugin. -->","yoast_head_json":{"title":"AQUAERA - Malmberg DE","robots":{"index":"index","follow":"follow","max-snippet":"max-snippet:-1","max-image-preview":"max-image-preview:large","max-video-preview":"max-video-preview:-1"},"canonical":"https:\/\/www.malmberg.se\/de\/was-wir-tun\/biogasaufbereitung\/aquaera\/","og_locale":"de_DE","og_type":"article","og_title":"AQUAERA - Malmberg DE","og_url":"https:\/\/www.malmberg.se\/de\/was-wir-tun\/biogasaufbereitung\/aquaera\/","og_site_name":"Malmberg DE","article_modified_time":"2025-12-10T10:05:17+00:00","twitter_card":"summary_large_image","twitter_misc":{"Gesch\u00e4tzte Lesezeit":"2\u00a0Minuten"},"schema":{"@context":"https:\/\/schema.org","@graph":[{"@type":"WebPage","@id":"https:\/\/www.malmberg.se\/de\/was-wir-tun\/biogasaufbereitung\/aquaera\/","url":"https:\/\/www.malmberg.se\/de\/was-wir-tun\/biogasaufbereitung\/aquaera\/","name":"AQUAERA - Malmberg DE","isPartOf":{"@id":"https:\/\/www.malmberg.se\/de\/#website"},"primaryImageOfPage":{"@id":"https:\/\/www.malmberg.se\/de\/was-wir-tun\/biogasaufbereitung\/aquaera\/#primaryimage"},"image":{"@id":"https:\/\/www.malmberg.se\/de\/was-wir-tun\/biogasaufbereitung\/aquaera\/#primaryimage"},"thumbnailUrl":"https:\/\/www.malmberg.se\/de\/wp-content\/uploads\/sites\/2\/2025\/04\/Malmberg-ID-komp.jpg","datePublished":"2025-12-08T11:42:32+00:00","dateModified":"2025-12-10T10:05:17+00:00","breadcrumb":{"@id":"https:\/\/www.malmberg.se\/de\/was-wir-tun\/biogasaufbereitung\/aquaera\/#breadcrumb"},"inLanguage":"de","potentialAction":[{"@type":"ReadAction","target":["https:\/\/www.malmberg.se\/de\/was-wir-tun\/biogasaufbereitung\/aquaera\/"]}]},{"@type":"ImageObject","inLanguage":"de","@id":"https:\/\/www.malmberg.se\/de\/was-wir-tun\/biogasaufbereitung\/aquaera\/#primaryimage","url":"https:\/\/www.malmberg.se\/de\/wp-content\/uploads\/sites\/2\/2025\/04\/Malmberg-ID-komp.jpg","contentUrl":"https:\/\/www.malmberg.se\/de\/wp-content\/uploads\/sites\/2\/2025\/04\/Malmberg-ID-komp.jpg"},{"@type":"BreadcrumbList","@id":"https:\/\/www.malmberg.se\/de\/was-wir-tun\/biogasaufbereitung\/aquaera\/#breadcrumb","itemListElement":[{"@type":"ListItem","position":1,"name":"Hem","item":"https:\/\/www.malmberg.se\/de\/"},{"@type":"ListItem","position":2,"name":"Was wir tun","item":"https:\/\/www.malmberg.se\/de\/was-wir-tun\/"},{"@type":"ListItem","position":3,"name":"Biogas upgrading","item":"https:\/\/www.malmberg.se\/de\/was-wir-tun\/biogasaufbereitung\/"},{"@type":"ListItem","position":4,"name":"AQUAERA"}]},{"@type":"WebSite","@id":"https:\/\/www.malmberg.se\/de\/#website","url":"https:\/\/www.malmberg.se\/de\/","name":"Malmberg DE","description":"","potentialAction":[{"@type":"SearchAction","target":{"@type":"EntryPoint","urlTemplate":"https:\/\/www.malmberg.se\/de\/?s={search_term_string}"},"query-input":{"@type":"PropertyValueSpecification","valueRequired":true,"valueName":"search_term_string"}}],"inLanguage":"de"}]}},"_links":{"self":[{"href":"https:\/\/www.malmberg.se\/de\/wp-json\/wp\/v2\/pages\/1785","targetHints":{"allow":["GET"]}}],"collection":[{"href":"https:\/\/www.malmberg.se\/de\/wp-json\/wp\/v2\/pages"}],"about":[{"href":"https:\/\/www.malmberg.se\/de\/wp-json\/wp\/v2\/types\/page"}],"author":[{"embeddable":true,"href":"https:\/\/www.malmberg.se\/de\/wp-json\/wp\/v2\/users\/1"}],"replies":[{"embeddable":true,"href":"https:\/\/www.malmberg.se\/de\/wp-json\/wp\/v2\/comments?post=1785"}],"version-history":[{"count":3,"href":"https:\/\/www.malmberg.se\/de\/wp-json\/wp\/v2\/pages\/1785\/revisions"}],"predecessor-version":[{"id":1838,"href":"https:\/\/www.malmberg.se\/de\/wp-json\/wp\/v2\/pages\/1785\/revisions\/1838"}],"up":[{"embeddable":true,"href":"https:\/\/www.malmberg.se\/de\/wp-json\/wp\/v2\/pages\/241"}],"wp:featuredmedia":[{"embeddable":true,"href":"https:\/\/www.malmberg.se\/de\/wp-json\/"}],"wp:attachment":[{"href":"https:\/\/www.malmberg.se\/de\/wp-json\/wp\/v2\/media?parent=1785"}],"curies":[{"name":"wp","href":"https:\/\/api.w.org\/{rel}","templated":true}]}}