{"id":28,"date":"2022-08-23T11:34:41","date_gmt":"2022-08-23T09:34:41","guid":{"rendered":"https:\/\/www.malmberg.se\/de-new\/?page_id=28"},"modified":"2022-11-28T08:26:33","modified_gmt":"2022-11-28T07:26:33","slug":"generation-zero","status":"publish","type":"page","link":"https:\/\/www.malmberg.se\/de\/ueber-uns\/generation-zero\/","title":{"rendered":"Nachhaltigkeit"},"content":{"rendered":"\n<p class=\"has-medium-font-size\"><strong>F\u00fcr uns geht es darum, verantwortungsvoll zu wirtschaften und langfristige L\u00f6sungen zu schaffen, die nachhaltige soziale, \u00f6kologische und \u00f6konomische Faktoren ber\u00fccksichtigen. Malmberg gibt es seit 1866 und als langj\u00e4hriger Akteur und Community Builder ist es f\u00fcr uns selbstverst\u00e4ndlich, zur Entwicklung einer nachhaltigen Gesellschaft auf lokaler und nationaler Ebene beizutragen!<\/strong><\/p>\n\n\n\n<section id=\"text-over-image-gradient-section-block_51308d5c9192280620e8c525874635a9\" class=\"text-over-image-gradient-section aligncenter text_over_image_gradient_section max-width-extra-wide center-h borderside relative\" style=\"background-image: url(https:\/\/www.malmberg.se\/de\/wp-content\/uploads\/sites\/2\/2022\/08\/malmberg-wind-ocean-1024x443.jpg)\">\n    <div class=\"overlay darker_\"><\/div>\n            <img decoding=\"async\" class=\"img_\" src=\"https:\/\/www.malmberg.se\/de\/wp-content\/uploads\/sites\/2\/2022\/08\/malmberg-wind-ocean-1024x443.jpg\" alt=\"\">\n        <div class=\"content_ color_white relative bold max-width9 small_heading_size\">\n        <p>Wir sind davon \u00fcberzeugt, dass unsere Investitionen in Nachhaltigkeit eine h\u00f6here Profitabilit\u00e4t und damit einen Mehrwert f\u00fcr alle unsere Stakeholder schaffen werden. Die Auswirkungen des Klimawandels sind sp\u00fcrbar, und das Problembewusstsein ist hoch. Fortschrittliche L\u00f6sungen in der Umwelttechnologie sind von gro\u00dfem Wert f\u00fcr eine Transformation, die der ganzen Welt bevorsteht.<\/p>\n    <\/div>\n<\/section><!-- .text_over_image_gradient_section -->\n\n\n<div style=\"height:32px\" aria-hidden=\"true\" class=\"wp-block-spacer\"><\/div>\n\n\n\n<h2 class=\"wp-block-heading\">Agenda 2030<\/h2>\n\n\n\n<figure class=\"wp-block-image size-large\"><img loading=\"lazy\" decoding=\"async\" width=\"1024\" height=\"504\" src=\"https:\/\/www.malmberg.se\/de-new\/wp-content\/uploads\/sites\/2\/2022\/10\/the-global-goals-grid-color_ENG-komp-1024x504.png\" alt=\"\" class=\"wp-image-1572\" srcset=\"https:\/\/www.malmberg.se\/de\/wp-content\/uploads\/sites\/2\/2022\/10\/the-global-goals-grid-color_ENG-komp-1024x504.png 1024w, https:\/\/www.malmberg.se\/de\/wp-content\/uploads\/sites\/2\/2022\/10\/the-global-goals-grid-color_ENG-komp-300x148.png 300w, https:\/\/www.malmberg.se\/de\/wp-content\/uploads\/sites\/2\/2022\/10\/the-global-goals-grid-color_ENG-komp-768x378.png 768w, https:\/\/www.malmberg.se\/de\/wp-content\/uploads\/sites\/2\/2022\/10\/the-global-goals-grid-color_ENG-komp-1536x756.png 1536w, https:\/\/www.malmberg.se\/de\/wp-content\/uploads\/sites\/2\/2022\/10\/the-global-goals-grid-color_ENG-komp.png 1920w\" sizes=\"auto, (max-width: 1024px) 100vw, 1024px\" \/><\/figure>\n\n\n\n<p>Die Globalen Ziele sind die ehrgeizigste Agenda f\u00fcr nachhaltige Entwicklung, die jemals von den L\u00e4ndern der Welt verabschiedet wurde, und existieren, um bis 2030 vier gro\u00dfe Dinge zu erreichen: Extreme Armut beenden. Um Ungleichheiten und Ungerechtigkeiten in der Welt zu reduzieren. F\u00f6rderung von Frieden und Gerechtigkeit. L\u00f6sung der Klimakrise. Die 17 verschiedenen Nachhaltigkeitsziele leiten das Engagement aller, einen klaren Plan aufzustellen und bis 2030 die notwendigen Ma\u00dfnahmen zu ergreifen, um eine langfristige nachhaltige Entwicklung zu schaffen, extreme Armut abzuschaffen, die Klimakrise zu l\u00f6sen und Ungleichheiten und Ungerechtigkeiten in der Welt abzubauen.<\/p>\n\n\n\n<p>Um diese Ziele zu erreichen, bedarf es eines hohen Engagements aller \u2013 sowohl auf internationaler als auch auf nationaler Ebene.<\/p>\n\n\n\n<p>Als Unternehmen hat Malmberg die Verantwortung, den Weg zu weisen und den Wandel in eine nachhaltigere Zukunft voranzutreiben. Wir unterst\u00fctzen die 17 globalen Nachhaltigkeitsziele der Vereinten Nationen in der Agenda 2030 in ihrer Gesamtheit, haben uns aber entschieden, uns auf die vier Ziele zu konzentrieren, die mit unseren wesentlichen Umweltaspekten verbunden sind.<\/p>\n\n\n\n<div style=\"height:32px\" aria-hidden=\"true\" class=\"wp-block-spacer\"><\/div>\n\n\n\n<div class=\"wp-block-columns is-layout-flex wp-container-core-columns-is-layout-9d6595d7 wp-block-columns-is-layout-flex\">\n<div class=\"wp-block-column is-layout-flow wp-block-column-is-layout-flow\" style=\"flex-basis:33.33%\">\n<figure class=\"wp-block-image size-large\"><img loading=\"lazy\" decoding=\"async\" width=\"1024\" height=\"1024\" src=\"https:\/\/www.malmberg.se\/de-new\/wp-content\/uploads\/sites\/2\/2022\/10\/TheGlobalGoals_Icons_Color_Goal_3-1024x1024.png\" alt=\"\" class=\"wp-image-1566\" srcset=\"https:\/\/www.malmberg.se\/de\/wp-content\/uploads\/sites\/2\/2022\/10\/TheGlobalGoals_Icons_Color_Goal_3-1024x1024.png 1024w, https:\/\/www.malmberg.se\/de\/wp-content\/uploads\/sites\/2\/2022\/10\/TheGlobalGoals_Icons_Color_Goal_3-300x300.png 300w, https:\/\/www.malmberg.se\/de\/wp-content\/uploads\/sites\/2\/2022\/10\/TheGlobalGoals_Icons_Color_Goal_3-150x150.png 150w, https:\/\/www.malmberg.se\/de\/wp-content\/uploads\/sites\/2\/2022\/10\/TheGlobalGoals_Icons_Color_Goal_3-768x768.png 768w, https:\/\/www.malmberg.se\/de\/wp-content\/uploads\/sites\/2\/2022\/10\/TheGlobalGoals_Icons_Color_Goal_3-1536x1536.png 1536w, https:\/\/www.malmberg.se\/de\/wp-content\/uploads\/sites\/2\/2022\/10\/TheGlobalGoals_Icons_Color_Goal_3.png 2000w\" sizes=\"auto, (max-width: 1024px) 100vw, 1024px\" \/><\/figure>\n<\/div>\n\n\n\n<div class=\"wp-block-column is-layout-flow wp-block-column-is-layout-flow\" style=\"flex-basis:66.66%\">\n<h3 class=\"wp-block-heading\">Ziel 3<\/h3>\n\n\n\n<p>Ein gesundes Leben f\u00fcr alle Menschen jeden Alters gew\u00e4hrleisten und ihr Wohlergehen f\u00f6rdern.<\/p>\n\n\n\n<p><strong>Unser Engagement<\/strong><br>Wir f\u00f6rdern ein sicheres Arbeitsumfeld.<\/p>\n<\/div>\n<\/div>\n\n\n\n<div class=\"wp-block-columns is-layout-flex wp-container-core-columns-is-layout-9d6595d7 wp-block-columns-is-layout-flex\">\n<div class=\"wp-block-column is-layout-flow wp-block-column-is-layout-flow\" style=\"flex-basis:33.33%\">\n<figure class=\"wp-block-image size-large\"><img loading=\"lazy\" decoding=\"async\" width=\"1024\" height=\"1024\" src=\"https:\/\/www.malmberg.se\/de-new\/wp-content\/uploads\/sites\/2\/2022\/10\/TheGlobalGoals_Icons_Color_Goal_6-1024x1024.png\" alt=\"\" class=\"wp-image-1567\" srcset=\"https:\/\/www.malmberg.se\/de\/wp-content\/uploads\/sites\/2\/2022\/10\/TheGlobalGoals_Icons_Color_Goal_6-1024x1024.png 1024w, https:\/\/www.malmberg.se\/de\/wp-content\/uploads\/sites\/2\/2022\/10\/TheGlobalGoals_Icons_Color_Goal_6-300x300.png 300w, https:\/\/www.malmberg.se\/de\/wp-content\/uploads\/sites\/2\/2022\/10\/TheGlobalGoals_Icons_Color_Goal_6-150x150.png 150w, https:\/\/www.malmberg.se\/de\/wp-content\/uploads\/sites\/2\/2022\/10\/TheGlobalGoals_Icons_Color_Goal_6-768x768.png 768w, https:\/\/www.malmberg.se\/de\/wp-content\/uploads\/sites\/2\/2022\/10\/TheGlobalGoals_Icons_Color_Goal_6-1536x1536.png 1536w, https:\/\/www.malmberg.se\/de\/wp-content\/uploads\/sites\/2\/2022\/10\/TheGlobalGoals_Icons_Color_Goal_6.png 2000w\" sizes=\"auto, (max-width: 1024px) 100vw, 1024px\" \/><\/figure>\n<\/div>\n\n\n\n<div class=\"wp-block-column is-layout-flow wp-block-column-is-layout-flow\" style=\"flex-basis:66.66%\">\n<h3 class=\"wp-block-heading\">Ziel 6<\/h3>\n\n\n\n<p>Verf\u00fcgbarkeit und nachhaltige Bewirtschaftung von Wasser und Sanit\u00e4rversorgung f\u00fcr alle gew\u00e4hrleisten.<\/p>\n\n\n\n<p><strong>Unser Engagement<\/strong><br>Zugang zu Wasser und sanit\u00e4ren Einrichtungen f\u00fcr alle sicherstellen. Unser Engagement Wir arbeiten aktiv daran, die Wasserverschmutzung zu minimieren. Wir reduzieren Emissionen und minimieren die Auswirkungen in unseren Projekten.<\/p>\n<\/div>\n<\/div>\n\n\n\n<div class=\"wp-block-columns is-layout-flex wp-container-core-columns-is-layout-9d6595d7 wp-block-columns-is-layout-flex\">\n<div class=\"wp-block-column is-layout-flow wp-block-column-is-layout-flow\" style=\"flex-basis:33.33%\">\n<figure class=\"wp-block-image size-large\"><img loading=\"lazy\" decoding=\"async\" width=\"1024\" height=\"1024\" src=\"https:\/\/www.malmberg.se\/de-new\/wp-content\/uploads\/sites\/2\/2022\/10\/TheGlobalGoals_Icons_Color_Goal_7-1024x1024.png\" alt=\"\" class=\"wp-image-1568\" srcset=\"https:\/\/www.malmberg.se\/de\/wp-content\/uploads\/sites\/2\/2022\/10\/TheGlobalGoals_Icons_Color_Goal_7-1024x1024.png 1024w, https:\/\/www.malmberg.se\/de\/wp-content\/uploads\/sites\/2\/2022\/10\/TheGlobalGoals_Icons_Color_Goal_7-300x300.png 300w, https:\/\/www.malmberg.se\/de\/wp-content\/uploads\/sites\/2\/2022\/10\/TheGlobalGoals_Icons_Color_Goal_7-150x150.png 150w, https:\/\/www.malmberg.se\/de\/wp-content\/uploads\/sites\/2\/2022\/10\/TheGlobalGoals_Icons_Color_Goal_7-768x768.png 768w, https:\/\/www.malmberg.se\/de\/wp-content\/uploads\/sites\/2\/2022\/10\/TheGlobalGoals_Icons_Color_Goal_7-1536x1536.png 1536w, https:\/\/www.malmberg.se\/de\/wp-content\/uploads\/sites\/2\/2022\/10\/TheGlobalGoals_Icons_Color_Goal_7.png 2000w\" sizes=\"auto, (max-width: 1024px) 100vw, 1024px\" \/><\/figure>\n<\/div>\n\n\n\n<div class=\"wp-block-column is-layout-flow wp-block-column-is-layout-flow\" style=\"flex-basis:66.66%\">\n<h3 class=\"wp-block-heading\">Ziel 7<\/h3>\n\n\n\n<p>Zugang zu bezahlbarer, verl\u00e4sslicher, nachhaltiger und moderner Energie f\u00fcr alle sichern.<\/p>\n\n\n\n<p><strong>Unser Engagement<\/strong><br>Wir \u00e4ndern die Art und Weise, wie wir Energie nutzen und produzieren. Wir minimieren fossile Energiequellen.<\/p>\n<\/div>\n<\/div>\n\n\n\n<div class=\"wp-block-columns is-layout-flex wp-container-core-columns-is-layout-9d6595d7 wp-block-columns-is-layout-flex\">\n<div class=\"wp-block-column is-layout-flow wp-block-column-is-layout-flow\" style=\"flex-basis:33.33%\">\n<figure class=\"wp-block-image size-large\"><img loading=\"lazy\" decoding=\"async\" width=\"1024\" height=\"1024\" src=\"https:\/\/www.malmberg.se\/de-new\/wp-content\/uploads\/sites\/2\/2022\/10\/TheGlobalGoals_Icons_Color_Goal_12-1024x1024.png\" alt=\"\" class=\"wp-image-1569\" srcset=\"https:\/\/www.malmberg.se\/de\/wp-content\/uploads\/sites\/2\/2022\/10\/TheGlobalGoals_Icons_Color_Goal_12-1024x1024.png 1024w, https:\/\/www.malmberg.se\/de\/wp-content\/uploads\/sites\/2\/2022\/10\/TheGlobalGoals_Icons_Color_Goal_12-300x300.png 300w, https:\/\/www.malmberg.se\/de\/wp-content\/uploads\/sites\/2\/2022\/10\/TheGlobalGoals_Icons_Color_Goal_12-150x150.png 150w, https:\/\/www.malmberg.se\/de\/wp-content\/uploads\/sites\/2\/2022\/10\/TheGlobalGoals_Icons_Color_Goal_12-768x768.png 768w, https:\/\/www.malmberg.se\/de\/wp-content\/uploads\/sites\/2\/2022\/10\/TheGlobalGoals_Icons_Color_Goal_12-1536x1536.png 1536w, https:\/\/www.malmberg.se\/de\/wp-content\/uploads\/sites\/2\/2022\/10\/TheGlobalGoals_Icons_Color_Goal_12.png 2000w\" sizes=\"auto, (max-width: 1024px) 100vw, 1024px\" \/><\/figure>\n<\/div>\n\n\n\n<div class=\"wp-block-column is-layout-flow wp-block-column-is-layout-flow\" style=\"flex-basis:66.66%\">\n<h3 class=\"wp-block-heading\">Ziel 12<\/h3>\n\n\n\n<p>Gew\u00e4hrleistung nachhaltiger Konsum- und Produktionsmuster.<\/p>\n\n\n\n<p><strong>Unser Engagement<\/strong><br>Wir entwickeln eine nachhaltige Produktion, um die Auswirkungen auf Klima, Umwelt und Menschen zu minimieren.<\/p>\n<\/div>\n<\/div>\n\n\n\n<section id=\"content-with-background-section-block_233f5ccecd56d6eeac44e125e19640cc\" class=\"content-with-background-section aligncenter content_with_background_section paddingside\">\n    <div class=\"max-width center-h paddingallx2\" style=\"background-color:#3f695b; color: #ffffff\">\n        <div class=\"max-width7 center-h\">\n            <h3>Kooperationen vor Ort und f\u00fcr die n\u00e4chste Generation!<\/h3>\n<p>Ein Akteur zu sein, der an vorderster Front der Arbeit f\u00fcr eine bessere Umwelt steht, stellt auch eine Anforderung daran, wie wir als Unternehmen in der Gesellschaft handeln. Ein wichtiger Teil unseres Gesch\u00e4fts ist es, ein nat\u00fcrlicher Kooperationspartner zu sein, bei dem unser Konzept der Generation Zero und unsere Werte immer einen zentralen Platz bei der Auswahl der Zusammenarbeit einnehmen. Wir konzentrieren uns auf Aktivit\u00e4ten, die die Gesundheit von Kindern und Jugendlichen f\u00f6rdern, sicherheitsschaffende Aktivit\u00e4ten und Branding-Aktivit\u00e4ten.<\/p>\n<p style=\"font-weight: 400;\">Wir arbeiten daran, eine nachhaltigere Zukunft zu schaffen. Deshalb ist unser Ziel Nichts. Wir wollen Generation Zero werden und Ihnen helfen, L\u00f6sungen f\u00fcr morgen zu entwickeln. Unsere marktf\u00fchrenden Technologien in Biogas und Geothermie erm\u00f6glichen es Ihnen, erneuerbare und saubere Energie f\u00fcr die n\u00e4chste Generation zu produzieren!<\/p>\n        <\/div>\n    <\/div>\n<\/section><!-- .downlaods_block -->","protected":false},"excerpt":{"rendered":"<p>F\u00fcr uns geht es darum, verantwortungsvoll zu wirtschaften und langfristige L\u00f6sungen zu schaffen, die nachhaltige soziale, \u00f6kologische und \u00f6konomische Faktoren ber\u00fccksichtigen. Malmberg gibt es seit 1866 und als langj\u00e4hriger Akteur und Community Builder ist es f\u00fcr uns selbstverst\u00e4ndlich, zur Entwicklung einer nachhaltigen Gesellschaft auf lokaler und nationaler Ebene beizutragen! Agenda 2030 Die Globalen Ziele sind [&hellip;]<\/p>\n","protected":false},"author":1,"featured_media":1149,"parent":10,"menu_order":10,"comment_status":"closed","ping_status":"closed","template":"","meta":{"_acf_changed":false,"footnotes":""},"class_list":["post-28","page","type-page","status-publish","has-post-thumbnail","hentry"],"acf":[],"yoast_head":"<!-- This site is optimized with the Yoast SEO plugin v26.3 - https:\/\/yoast.com\/wordpress\/plugins\/seo\/ -->\n<title>Nachhaltigkeit - Malmberg DE<\/title>\n<meta name=\"robots\" content=\"index, follow, max-snippet:-1, max-image-preview:large, max-video-preview:-1\" \/>\n<link rel=\"canonical\" href=\"https:\/\/www.malmberg.se\/de\/ueber-uns\/generation-zero\/\" \/>\n<meta property=\"og:locale\" content=\"de_DE\" \/>\n<meta property=\"og:type\" content=\"article\" \/>\n<meta property=\"og:title\" content=\"Nachhaltigkeit - Malmberg DE\" \/>\n<meta property=\"og:description\" content=\"F\u00fcr uns geht es darum, verantwortungsvoll zu wirtschaften und langfristige L\u00f6sungen zu schaffen, die nachhaltige soziale, \u00f6kologische und \u00f6konomische Faktoren ber\u00fccksichtigen. Malmberg gibt es seit 1866 und als langj\u00e4hriger Akteur und Community Builder ist es f\u00fcr uns selbstverst\u00e4ndlich, zur Entwicklung einer nachhaltigen Gesellschaft auf lokaler und nationaler Ebene beizutragen! Agenda 2030 Die Globalen Ziele sind [&hellip;]\" \/>\n<meta property=\"og:url\" content=\"https:\/\/www.malmberg.se\/de\/ueber-uns\/generation-zero\/\" \/>\n<meta property=\"og:site_name\" content=\"Malmberg DE\" \/>\n<meta property=\"article:modified_time\" content=\"2022-11-28T07:26:33+00:00\" \/>\n<meta property=\"og:image\" content=\"https:\/\/www.malmberg.se\/de\/wp-content\/uploads\/sites\/2\/2022\/09\/hallbarhet-utvald.jpg\" \/>\n\t<meta property=\"og:image:width\" content=\"1920\" \/>\n\t<meta property=\"og:image:height\" content=\"1280\" \/>\n\t<meta property=\"og:image:type\" content=\"image\/jpeg\" \/>\n<meta name=\"twitter:card\" content=\"summary_large_image\" \/>\n<meta name=\"twitter:label1\" content=\"Gesch\u00e4tzte Lesezeit\" \/>\n\t<meta name=\"twitter:data1\" content=\"2\u00a0Minuten\" \/>\n<script type=\"application\/ld+json\" class=\"yoast-schema-graph\">{\"@context\":\"https:\/\/schema.org\",\"@graph\":[{\"@type\":\"WebPage\",\"@id\":\"https:\/\/www.malmberg.se\/de\/ueber-uns\/generation-zero\/\",\"url\":\"https:\/\/www.malmberg.se\/de\/ueber-uns\/generation-zero\/\",\"name\":\"Nachhaltigkeit - Malmberg DE\",\"isPartOf\":{\"@id\":\"https:\/\/www.malmberg.se\/de\/#website\"},\"primaryImageOfPage\":{\"@id\":\"https:\/\/www.malmberg.se\/de\/ueber-uns\/generation-zero\/#primaryimage\"},\"image\":{\"@id\":\"https:\/\/www.malmberg.se\/de\/ueber-uns\/generation-zero\/#primaryimage\"},\"thumbnailUrl\":\"https:\/\/www.malmberg.se\/de\/wp-content\/uploads\/sites\/2\/2022\/09\/hallbarhet-utvald.jpg\",\"datePublished\":\"2022-08-23T09:34:41+00:00\",\"dateModified\":\"2022-11-28T07:26:33+00:00\",\"breadcrumb\":{\"@id\":\"https:\/\/www.malmberg.se\/de\/ueber-uns\/generation-zero\/#breadcrumb\"},\"inLanguage\":\"de\",\"potentialAction\":[{\"@type\":\"ReadAction\",\"target\":[\"https:\/\/www.malmberg.se\/de\/ueber-uns\/generation-zero\/\"]}]},{\"@type\":\"ImageObject\",\"inLanguage\":\"de\",\"@id\":\"https:\/\/www.malmberg.se\/de\/ueber-uns\/generation-zero\/#primaryimage\",\"url\":\"https:\/\/www.malmberg.se\/de\/wp-content\/uploads\/sites\/2\/2022\/09\/hallbarhet-utvald.jpg\",\"contentUrl\":\"https:\/\/www.malmberg.se\/de\/wp-content\/uploads\/sites\/2\/2022\/09\/hallbarhet-utvald.jpg\",\"width\":1920,\"height\":1280},{\"@type\":\"BreadcrumbList\",\"@id\":\"https:\/\/www.malmberg.se\/de\/ueber-uns\/generation-zero\/#breadcrumb\",\"itemListElement\":[{\"@type\":\"ListItem\",\"position\":1,\"name\":\"Hem\",\"item\":\"https:\/\/www.malmberg.se\/de\/\"},{\"@type\":\"ListItem\",\"position\":2,\"name\":\"\u00dcber uns\",\"item\":\"https:\/\/www.malmberg.se\/de\/ueber-uns\/\"},{\"@type\":\"ListItem\",\"position\":3,\"name\":\"Nachhaltigkeit\"}]},{\"@type\":\"WebSite\",\"@id\":\"https:\/\/www.malmberg.se\/de\/#website\",\"url\":\"https:\/\/www.malmberg.se\/de\/\",\"name\":\"Malmberg DE\",\"description\":\"\",\"potentialAction\":[{\"@type\":\"SearchAction\",\"target\":{\"@type\":\"EntryPoint\",\"urlTemplate\":\"https:\/\/www.malmberg.se\/de\/?s={search_term_string}\"},\"query-input\":{\"@type\":\"PropertyValueSpecification\",\"valueRequired\":true,\"valueName\":\"search_term_string\"}}],\"inLanguage\":\"de\"}]}<\/script>\n<!-- \/ Yoast SEO plugin. -->","yoast_head_json":{"title":"Nachhaltigkeit - Malmberg DE","robots":{"index":"index","follow":"follow","max-snippet":"max-snippet:-1","max-image-preview":"max-image-preview:large","max-video-preview":"max-video-preview:-1"},"canonical":"https:\/\/www.malmberg.se\/de\/ueber-uns\/generation-zero\/","og_locale":"de_DE","og_type":"article","og_title":"Nachhaltigkeit - Malmberg DE","og_description":"F\u00fcr uns geht es darum, verantwortungsvoll zu wirtschaften und langfristige L\u00f6sungen zu schaffen, die nachhaltige soziale, \u00f6kologische und \u00f6konomische Faktoren ber\u00fccksichtigen. Malmberg gibt es seit 1866 und als langj\u00e4hriger Akteur und Community Builder ist es f\u00fcr uns selbstverst\u00e4ndlich, zur Entwicklung einer nachhaltigen Gesellschaft auf lokaler und nationaler Ebene beizutragen! Agenda 2030 Die Globalen Ziele sind [&hellip;]","og_url":"https:\/\/www.malmberg.se\/de\/ueber-uns\/generation-zero\/","og_site_name":"Malmberg DE","article_modified_time":"2022-11-28T07:26:33+00:00","og_image":[{"width":1920,"height":1280,"url":"https:\/\/www.malmberg.se\/de\/wp-content\/uploads\/sites\/2\/2022\/09\/hallbarhet-utvald.jpg","type":"image\/jpeg"}],"twitter_card":"summary_large_image","twitter_misc":{"Gesch\u00e4tzte Lesezeit":"2\u00a0Minuten"},"schema":{"@context":"https:\/\/schema.org","@graph":[{"@type":"WebPage","@id":"https:\/\/www.malmberg.se\/de\/ueber-uns\/generation-zero\/","url":"https:\/\/www.malmberg.se\/de\/ueber-uns\/generation-zero\/","name":"Nachhaltigkeit - Malmberg DE","isPartOf":{"@id":"https:\/\/www.malmberg.se\/de\/#website"},"primaryImageOfPage":{"@id":"https:\/\/www.malmberg.se\/de\/ueber-uns\/generation-zero\/#primaryimage"},"image":{"@id":"https:\/\/www.malmberg.se\/de\/ueber-uns\/generation-zero\/#primaryimage"},"thumbnailUrl":"https:\/\/www.malmberg.se\/de\/wp-content\/uploads\/sites\/2\/2022\/09\/hallbarhet-utvald.jpg","datePublished":"2022-08-23T09:34:41+00:00","dateModified":"2022-11-28T07:26:33+00:00","breadcrumb":{"@id":"https:\/\/www.malmberg.se\/de\/ueber-uns\/generation-zero\/#breadcrumb"},"inLanguage":"de","potentialAction":[{"@type":"ReadAction","target":["https:\/\/www.malmberg.se\/de\/ueber-uns\/generation-zero\/"]}]},{"@type":"ImageObject","inLanguage":"de","@id":"https:\/\/www.malmberg.se\/de\/ueber-uns\/generation-zero\/#primaryimage","url":"https:\/\/www.malmberg.se\/de\/wp-content\/uploads\/sites\/2\/2022\/09\/hallbarhet-utvald.jpg","contentUrl":"https:\/\/www.malmberg.se\/de\/wp-content\/uploads\/sites\/2\/2022\/09\/hallbarhet-utvald.jpg","width":1920,"height":1280},{"@type":"BreadcrumbList","@id":"https:\/\/www.malmberg.se\/de\/ueber-uns\/generation-zero\/#breadcrumb","itemListElement":[{"@type":"ListItem","position":1,"name":"Hem","item":"https:\/\/www.malmberg.se\/de\/"},{"@type":"ListItem","position":2,"name":"\u00dcber uns","item":"https:\/\/www.malmberg.se\/de\/ueber-uns\/"},{"@type":"ListItem","position":3,"name":"Nachhaltigkeit"}]},{"@type":"WebSite","@id":"https:\/\/www.malmberg.se\/de\/#website","url":"https:\/\/www.malmberg.se\/de\/","name":"Malmberg DE","description":"","potentialAction":[{"@type":"SearchAction","target":{"@type":"EntryPoint","urlTemplate":"https:\/\/www.malmberg.se\/de\/?s={search_term_string}"},"query-input":{"@type":"PropertyValueSpecification","valueRequired":true,"valueName":"search_term_string"}}],"inLanguage":"de"}]}},"_links":{"self":[{"href":"https:\/\/www.malmberg.se\/de\/wp-json\/wp\/v2\/pages\/28","targetHints":{"allow":["GET"]}}],"collection":[{"href":"https:\/\/www.malmberg.se\/de\/wp-json\/wp\/v2\/pages"}],"about":[{"href":"https:\/\/www.malmberg.se\/de\/wp-json\/wp\/v2\/types\/page"}],"author":[{"embeddable":true,"href":"https:\/\/www.malmberg.se\/de\/wp-json\/wp\/v2\/users\/1"}],"replies":[{"embeddable":true,"href":"https:\/\/www.malmberg.se\/de\/wp-json\/wp\/v2\/comments?post=28"}],"version-history":[{"count":43,"href":"https:\/\/www.malmberg.se\/de\/wp-json\/wp\/v2\/pages\/28\/revisions"}],"predecessor-version":[{"id":1446,"href":"https:\/\/www.malmberg.se\/de\/wp-json\/wp\/v2\/pages\/28\/revisions\/1446"}],"up":[{"embeddable":true,"href":"https:\/\/www.malmberg.se\/de\/wp-json\/wp\/v2\/pages\/10"}],"wp:featuredmedia":[{"embeddable":true,"href":"https:\/\/www.malmberg.se\/de\/wp-json\/wp\/v2\/media\/1149"}],"wp:attachment":[{"href":"https:\/\/www.malmberg.se\/de\/wp-json\/wp\/v2\/media?parent=28"}],"curies":[{"name":"wp","href":"https:\/\/api.w.org\/{rel}","templated":true}]}}