{"id":36,"date":"2022-08-23T11:36:10","date_gmt":"2022-08-23T09:36:10","guid":{"rendered":"https:\/\/www.malmberg.se\/de-new\/?page_id=36"},"modified":"2026-04-02T12:54:00","modified_gmt":"2026-04-02T10:54:00","slug":"kontakt","status":"publish","type":"page","link":"https:\/\/www.malmberg.se\/de\/kontakt\/","title":{"rendered":"Kontakt"},"content":{"rendered":"\n<h2 class=\"wp-block-heading\">Unsere b\u00fcros<\/h2>\n\n\n\n<p class=\"has-medium-font-size\">Malmberg arbeitet international mit Hauptsitz in Yngsj\u00f6 bei Kristianstad (Schweden) und lokalen Niederlassungen in Lund, S\u00f6dert\u00e4lje, Zwenkau&nbsp;(Deutschland), Egtved (D\u00e4nemark) und Peschiera (Italien).<\/p>\n\n\n\n<section id=\"offices-section-block_5bfa34d2b2789e78b4aaed0468b33181\" class=\"offices-section aligncenter max-width-wide paddingside\">\n   <div class=\"max-width-wide center-h\">\n             <div class=\"offices\">\n                    <div class=\"item bg_white\">\n                <p class=\"collapsible color_a letterspacingx2 bold uppercase\"><span>Malmberg Hauptb\u00fcro<\/span><img decoding=\"async\" class=\"toggle_\" src=\"https:\/\/www.malmberg.se\/de\/wp-content\/themes\/malmberg\/images\/icons\/arrow-down-dark.svg\" alt=\"Toggle icon\"><\/p>\n                <div>\n                <p>296 85 \u00c5hus<br \/>\nBes\u00f6ksadress:<br \/>\nG:a Byv\u00e4gen 41<br \/>\nYngsj\u00f6<br \/>\nTel:<a href=\"tel:044-780 18 00\"> 044 780 18 00<\/a><br \/>\n<a href=\"https:\/\/www.google.se\/maps\/place\/Gamla+byv%C3%A4gen+41,+296+72+Yngsj%C3%B6\/@55.8795686,14.2297273,16z\/data=!4m2!3m1!1s0x465410d3135fbd8f:0x7d22c6eae06f7d2\" target=\"_blank\" rel=\"noopener\">Anfahrt<\/a><\/p>\n<\/div>\n            <\/div>\n                    <div class=\"item bg_white\">\n                <p class=\"collapsible color_a letterspacingx2 bold uppercase\"><span>Lokale B\u00fcros (Schweden) <\/span><img decoding=\"async\" class=\"toggle_\" src=\"https:\/\/www.malmberg.se\/de\/wp-content\/themes\/malmberg\/images\/icons\/arrow-down-dark.svg\" alt=\"Toggle icon\"><\/p>\n                <div>\n                <p>Scheelev\u00e4gen 27<br \/>\nc\/o Ideon Gateway<br \/>\n223 63 Lund<br \/>\n<a href=\"https:\/\/www.google.com\/maps\/place\/Ideon+Gateway\/@55.71758,13.2116397,17z\/data=!3m1!4b1!4m5!3m4!1s0x465396357314f989:0x86ef57f06feabfef!8m2!3d55.71758!4d13.2138284\" target=\"_blank\" rel=\"noopener\">Anfahrt<\/a><\/p>\n<p style=\"font-weight: 400\">Morabergsv\u00e4gen 39<br \/>\n152 42 S\u00f6dert\u00e4lje<br \/>\n<a href=\"https:\/\/www.google.com\/maps\/place\/Morabergsv%C3%A4gen+39,+152+42+S%C3%B6dert%C3%A4lje\/@59.197428,17.6710483,17z\/data=!3m1!4b1!4m5!3m4!1s0x465f0d54a4c5430d:0xd879dda1cb36e053!8m2!3d59.197428!4d17.673237\" target=\"_blank\" rel=\"noopener\">Anfahrt<\/a><\/p>\n<\/div>\n            <\/div>\n                    <div class=\"item bg_white\">\n                <p class=\"collapsible color_a letterspacingx2 bold uppercase\"><span>Malmberg Bioerdgastech GmbH<\/span><img decoding=\"async\" class=\"toggle_\" src=\"https:\/\/www.malmberg.se\/de\/wp-content\/themes\/malmberg\/images\/icons\/arrow-down-dark.svg\" alt=\"Toggle icon\"><\/p>\n                <div>\n                <p>Baumeisterallee 13-15<br \/>\nD-04442 ZWENKAU<br \/>\nDeutschland<br \/>\nTel: <a href=\"tel:+4934203258860\">+49 (0) 34203 2588-60<\/a><br \/>\n<a href=\"https:\/\/www.google.se\/maps\/place\/Baumeisterallee+15,+04442+Zwenkau,+Tyskland\/@51.20855,12.0524386,10z\/data=!4m2!3m1!1s0x47a6fab6de353747:0x29d119ddc28bbfe0\" target=\"_blank\" rel=\"noopener\">Anfahrt<\/a><\/p>\n<\/div>\n            <\/div>\n                    <div class=\"item bg_white\">\n                <p class=\"collapsible color_a letterspacingx2 bold uppercase\"><span>Malmberg Ltd<\/span><img decoding=\"async\" class=\"toggle_\" src=\"https:\/\/www.malmberg.se\/de\/wp-content\/themes\/malmberg\/images\/icons\/arrow-down-dark.svg\" alt=\"Toggle icon\"><\/p>\n                <div>\n                <p>John Griffiths<br \/>\nManaging Director<br \/>\njohn.griffiths@malmberg.se<br \/>\n+447551288706<\/p>\n<\/div>\n            <\/div>\n                    <div class=\"item bg_white\">\n                <p class=\"collapsible color_a letterspacingx2 bold uppercase\"><span>Malmberg Italien<\/span><img decoding=\"async\" class=\"toggle_\" src=\"https:\/\/www.malmberg.se\/de\/wp-content\/themes\/malmberg\/images\/icons\/arrow-down-dark.svg\" alt=\"Toggle icon\"><\/p>\n                <div>\n                <p>Via Marco Biagi, 27.<br \/>\n37019 Peschiera del Garda VR<br \/>\nItalien<br \/>\nTel: +39 045 6318536<br \/>\ne-mail: <a href=\"mailto:info.it@malmberg.se\">info.it@malmberg.se<\/a><br \/>\n<a href=\"https:\/\/www.google.se\/maps\/search\/via+Marie+Curie+17+39100+Bolzano\/@46.4706445,11.3243469,17z\/data=!3m1!4b1\" target=\"_blank\" rel=\"noreferrer noopener\">Anfahrt<\/a><\/p>\n<\/div>\n            <\/div>\n                <\/div>\n        <\/div>\n    <style>\n        #offices-section-block_5bfa34d2b2789e78b4aaed0468b33181 {\n            margin-top: 32px;\n        }\n        #offices-section-block_5bfa34d2b2789e78b4aaed0468b33181 .offices .item {\n            padding: 32px;\n            margin-bottom: 16px;\n        }\n        #offices-section-block_5bfa34d2b2789e78b4aaed0468b33181 .offices .item a {\n            font-family: 'f37_gingerbold';\n            text-decoration: none;\n            transition: all 300ms ease;\n        }\n        #offices-section-block_5bfa34d2b2789e78b4aaed0468b33181 .offices .item a:hover {\n            color: #0056b8;\n        }\n        #offices-section-block_5bfa34d2b2789e78b4aaed0468b33181 .offices .item p:not(.collapsible) {\n            font-size: .9rem;\n        }\n        #offices-section-block_5bfa34d2b2789e78b4aaed0468b33181 .offices .item > div {\n                overflow: hidden;\n                max-height: 0;\n                transition: max-height 250ms ease-out;\n                transition : all 300ms ease-in-out;\n            }\n        #offices-section-block_5bfa34d2b2789e78b4aaed0468b33181 .offices .item .collapsible {\n            margin: 0;\n            display: flex;\n            align-items: center;\n            justify-content: space-between;\n            cursor: pointer;\n\n        }\n        #offices-section-block_5bfa34d2b2789e78b4aaed0468b33181 .offices .item .collapsible span {\n            padding-right: $contentsidepadding;\n        }\n       #offices-section-block_5bfa34d2b2789e78b4aaed0468b33181 .offices .item  .toggle_ {\n            width: 18px;\n            display: inline-block;\n            transition: all 300ms ease;\n        }\n       #offices-section-block_5bfa34d2b2789e78b4aaed0468b33181 .offices .item .collapsible.active .toggle_ {\n            width: 18px;\n            display: inline-block;\n            transform: rotate(180deg);\n        }\n        \n        \/* Tablet *\/\n        @media screen and (min-width: 46.8em) {\n            #offices-section-block_5bfa34d2b2789e78b4aaed0468b33181 .offices {\n                display: flex;\n                justify-content: flex-start;\n                flex-wrap: wrap;\n                gap: 2%;\n            }\n            #offices-section-block_5bfa34d2b2789e78b4aaed0468b33181 .offices .item {\n                flex: 0 1 49%;\n                margin-bottom: 0;\n            }\n            #offices-section-block_5bfa34d2b2789e78b4aaed0468b33181 .toggle_ {\n                display: none !important;\n            }\n            #offices-section-block_5bfa34d2b2789e78b4aaed0468b33181 .collapsible {\n                cursor: auto;\n            }\n            #offices-section-block_5bfa34d2b2789e78b4aaed0468b33181 .offices .item > div {\n                overflow: hidden;\n                max-height: none;\n            }\n        }\n        \n                \/* Large Desktop *\/\n        @media screen and (min-width: 70em) {\n            #offices-section-block_5bfa34d2b2789e78b4aaed0468b33181 .offices {\n                display: flex;\n                justify-content: flex-start;\n                flex-wrap: wrap;\n                gap: 16px;\n            }\n            #offices-section-block_5bfa34d2b2789e78b4aaed0468b33181 .offices .item {\n                flex: 0 1 32%;\n            }\n        }\n    <\/style>\n<\/section><!-- .downlaods_block -->\n\n\n<div class=\"wp-block-buttons is-content-justification-center is-layout-flex wp-container-core-buttons-is-layout-16018d1d wp-block-buttons-is-layout-flex\">\n<div class=\"wp-block-button\"><a class=\"wp-block-button__link wp-element-button\" href=\"https:\/\/www.malmberg.se\/de\/kontakt\/kontaktpersonen\/\">Kontaktpersonen<\/a><\/div>\n<\/div>\n","protected":false},"excerpt":{"rendered":"<p>Unsere b\u00fcros Malmberg arbeitet international mit Hauptsitz in Yngsj\u00f6 bei Kristianstad (Schweden) und lokalen Niederlassungen in Lund, S\u00f6dert\u00e4lje, Zwenkau&nbsp;(Deutschland), Egtved (D\u00e4nemark) und Peschiera (Italien).<\/p>\n","protected":false},"author":1,"featured_media":91,"parent":0,"menu_order":50,"comment_status":"closed","ping_status":"closed","template":"","meta":{"_acf_changed":false,"footnotes":""},"class_list":["post-36","page","type-page","status-publish","has-post-thumbnail","hentry"],"acf":[],"yoast_head":"<!-- This site is optimized with the Yoast SEO plugin v26.3 - https:\/\/yoast.com\/wordpress\/plugins\/seo\/ -->\n<title>Kontakt - Malmberg DE<\/title>\n<meta name=\"robots\" content=\"index, follow, max-snippet:-1, max-image-preview:large, max-video-preview:-1\" \/>\n<link rel=\"canonical\" href=\"https:\/\/www.malmberg.se\/de\/kontakt\/\" \/>\n<meta property=\"og:locale\" content=\"de_DE\" \/>\n<meta property=\"og:type\" content=\"article\" \/>\n<meta property=\"og:title\" content=\"Kontakt - Malmberg DE\" \/>\n<meta property=\"og:description\" content=\"Unsere b\u00fcros Malmberg arbeitet international mit Hauptsitz in Yngsj\u00f6 bei Kristianstad (Schweden) und lokalen Niederlassungen in Lund, S\u00f6dert\u00e4lje, Zwenkau&nbsp;(Deutschland), Egtved (D\u00e4nemark) und Peschiera (Italien).\" \/>\n<meta property=\"og:url\" content=\"https:\/\/www.malmberg.se\/de\/kontakt\/\" \/>\n<meta property=\"og:site_name\" content=\"Malmberg DE\" \/>\n<meta property=\"article:modified_time\" content=\"2026-04-02T10:54:00+00:00\" \/>\n<meta property=\"og:image\" content=\"https:\/\/www.malmberg.se\/de\/wp-content\/uploads\/sites\/2\/2022\/08\/malmberg-1041972386-2.jpg\" \/>\n\t<meta property=\"og:image:width\" content=\"1920\" \/>\n\t<meta property=\"og:image:height\" content=\"1280\" \/>\n\t<meta property=\"og:image:type\" content=\"image\/jpeg\" \/>\n<meta name=\"twitter:card\" content=\"summary_large_image\" \/>\n<meta name=\"twitter:label1\" content=\"Gesch\u00e4tzte Lesezeit\" \/>\n\t<meta name=\"twitter:data1\" content=\"1\u00a0Minute\" \/>\n<script type=\"application\/ld+json\" class=\"yoast-schema-graph\">{\"@context\":\"https:\/\/schema.org\",\"@graph\":[{\"@type\":\"WebPage\",\"@id\":\"https:\/\/www.malmberg.se\/de\/kontakt\/\",\"url\":\"https:\/\/www.malmberg.se\/de\/kontakt\/\",\"name\":\"Kontakt - Malmberg DE\",\"isPartOf\":{\"@id\":\"https:\/\/www.malmberg.se\/de\/#website\"},\"primaryImageOfPage\":{\"@id\":\"https:\/\/www.malmberg.se\/de\/kontakt\/#primaryimage\"},\"image\":{\"@id\":\"https:\/\/www.malmberg.se\/de\/kontakt\/#primaryimage\"},\"thumbnailUrl\":\"https:\/\/www.malmberg.se\/de\/wp-content\/uploads\/sites\/2\/2022\/08\/malmberg-1041972386-2.jpg\",\"datePublished\":\"2022-08-23T09:36:10+00:00\",\"dateModified\":\"2026-04-02T10:54:00+00:00\",\"breadcrumb\":{\"@id\":\"https:\/\/www.malmberg.se\/de\/kontakt\/#breadcrumb\"},\"inLanguage\":\"de\",\"potentialAction\":[{\"@type\":\"ReadAction\",\"target\":[\"https:\/\/www.malmberg.se\/de\/kontakt\/\"]}]},{\"@type\":\"ImageObject\",\"inLanguage\":\"de\",\"@id\":\"https:\/\/www.malmberg.se\/de\/kontakt\/#primaryimage\",\"url\":\"https:\/\/www.malmberg.se\/de\/wp-content\/uploads\/sites\/2\/2022\/08\/malmberg-1041972386-2.jpg\",\"contentUrl\":\"https:\/\/www.malmberg.se\/de\/wp-content\/uploads\/sites\/2\/2022\/08\/malmberg-1041972386-2.jpg\",\"width\":1920,\"height\":1280},{\"@type\":\"BreadcrumbList\",\"@id\":\"https:\/\/www.malmberg.se\/de\/kontakt\/#breadcrumb\",\"itemListElement\":[{\"@type\":\"ListItem\",\"position\":1,\"name\":\"Hem\",\"item\":\"https:\/\/www.malmberg.se\/de\/\"},{\"@type\":\"ListItem\",\"position\":2,\"name\":\"Kontakt\"}]},{\"@type\":\"WebSite\",\"@id\":\"https:\/\/www.malmberg.se\/de\/#website\",\"url\":\"https:\/\/www.malmberg.se\/de\/\",\"name\":\"Malmberg DE\",\"description\":\"\",\"potentialAction\":[{\"@type\":\"SearchAction\",\"target\":{\"@type\":\"EntryPoint\",\"urlTemplate\":\"https:\/\/www.malmberg.se\/de\/?s={search_term_string}\"},\"query-input\":{\"@type\":\"PropertyValueSpecification\",\"valueRequired\":true,\"valueName\":\"search_term_string\"}}],\"inLanguage\":\"de\"}]}<\/script>\n<!-- \/ Yoast SEO plugin. -->","yoast_head_json":{"title":"Kontakt - Malmberg DE","robots":{"index":"index","follow":"follow","max-snippet":"max-snippet:-1","max-image-preview":"max-image-preview:large","max-video-preview":"max-video-preview:-1"},"canonical":"https:\/\/www.malmberg.se\/de\/kontakt\/","og_locale":"de_DE","og_type":"article","og_title":"Kontakt - Malmberg DE","og_description":"Unsere b\u00fcros Malmberg arbeitet international mit Hauptsitz in Yngsj\u00f6 bei Kristianstad (Schweden) und lokalen Niederlassungen in Lund, S\u00f6dert\u00e4lje, Zwenkau&nbsp;(Deutschland), Egtved (D\u00e4nemark) und Peschiera (Italien).","og_url":"https:\/\/www.malmberg.se\/de\/kontakt\/","og_site_name":"Malmberg DE","article_modified_time":"2026-04-02T10:54:00+00:00","og_image":[{"width":1920,"height":1280,"url":"https:\/\/www.malmberg.se\/de\/wp-content\/uploads\/sites\/2\/2022\/08\/malmberg-1041972386-2.jpg","type":"image\/jpeg"}],"twitter_card":"summary_large_image","twitter_misc":{"Gesch\u00e4tzte Lesezeit":"1\u00a0Minute"},"schema":{"@context":"https:\/\/schema.org","@graph":[{"@type":"WebPage","@id":"https:\/\/www.malmberg.se\/de\/kontakt\/","url":"https:\/\/www.malmberg.se\/de\/kontakt\/","name":"Kontakt - Malmberg DE","isPartOf":{"@id":"https:\/\/www.malmberg.se\/de\/#website"},"primaryImageOfPage":{"@id":"https:\/\/www.malmberg.se\/de\/kontakt\/#primaryimage"},"image":{"@id":"https:\/\/www.malmberg.se\/de\/kontakt\/#primaryimage"},"thumbnailUrl":"https:\/\/www.malmberg.se\/de\/wp-content\/uploads\/sites\/2\/2022\/08\/malmberg-1041972386-2.jpg","datePublished":"2022-08-23T09:36:10+00:00","dateModified":"2026-04-02T10:54:00+00:00","breadcrumb":{"@id":"https:\/\/www.malmberg.se\/de\/kontakt\/#breadcrumb"},"inLanguage":"de","potentialAction":[{"@type":"ReadAction","target":["https:\/\/www.malmberg.se\/de\/kontakt\/"]}]},{"@type":"ImageObject","inLanguage":"de","@id":"https:\/\/www.malmberg.se\/de\/kontakt\/#primaryimage","url":"https:\/\/www.malmberg.se\/de\/wp-content\/uploads\/sites\/2\/2022\/08\/malmberg-1041972386-2.jpg","contentUrl":"https:\/\/www.malmberg.se\/de\/wp-content\/uploads\/sites\/2\/2022\/08\/malmberg-1041972386-2.jpg","width":1920,"height":1280},{"@type":"BreadcrumbList","@id":"https:\/\/www.malmberg.se\/de\/kontakt\/#breadcrumb","itemListElement":[{"@type":"ListItem","position":1,"name":"Hem","item":"https:\/\/www.malmberg.se\/de\/"},{"@type":"ListItem","position":2,"name":"Kontakt"}]},{"@type":"WebSite","@id":"https:\/\/www.malmberg.se\/de\/#website","url":"https:\/\/www.malmberg.se\/de\/","name":"Malmberg DE","description":"","potentialAction":[{"@type":"SearchAction","target":{"@type":"EntryPoint","urlTemplate":"https:\/\/www.malmberg.se\/de\/?s={search_term_string}"},"query-input":{"@type":"PropertyValueSpecification","valueRequired":true,"valueName":"search_term_string"}}],"inLanguage":"de"}]}},"_links":{"self":[{"href":"https:\/\/www.malmberg.se\/de\/wp-json\/wp\/v2\/pages\/36","targetHints":{"allow":["GET"]}}],"collection":[{"href":"https:\/\/www.malmberg.se\/de\/wp-json\/wp\/v2\/pages"}],"about":[{"href":"https:\/\/www.malmberg.se\/de\/wp-json\/wp\/v2\/types\/page"}],"author":[{"embeddable":true,"href":"https:\/\/www.malmberg.se\/de\/wp-json\/wp\/v2\/users\/1"}],"replies":[{"embeddable":true,"href":"https:\/\/www.malmberg.se\/de\/wp-json\/wp\/v2\/comments?post=36"}],"version-history":[{"count":65,"href":"https:\/\/www.malmberg.se\/de\/wp-json\/wp\/v2\/pages\/36\/revisions"}],"predecessor-version":[{"id":1855,"href":"https:\/\/www.malmberg.se\/de\/wp-json\/wp\/v2\/pages\/36\/revisions\/1855"}],"wp:featuredmedia":[{"embeddable":true,"href":"https:\/\/www.malmberg.se\/de\/wp-json\/wp\/v2\/media\/91"}],"wp:attachment":[{"href":"https:\/\/www.malmberg.se\/de\/wp-json\/wp\/v2\/media?parent=36"}],"curies":[{"name":"wp","href":"https:\/\/api.w.org\/{rel}","templated":true}]}}