{"id":512,"date":"2022-09-06T10:00:57","date_gmt":"2022-09-06T08:00:57","guid":{"rendered":"https:\/\/www.malmberg.se\/de-new\/?page_id=512"},"modified":"2026-04-02T12:52:42","modified_gmt":"2026-04-02T10:52:42","slug":"service-und-support","status":"publish","type":"page","link":"https:\/\/www.malmberg.se\/de\/was-wir-tun\/service-und-support\/","title":{"rendered":"Service und support"},"content":{"rendered":"\n<p>Wenn Sie in eine Anlage von Malmberg investieren, bedeutet das ein langfristiges Engagement f\u00fcr Ihr Unternehmen. Deshalb bieten wir einen umfassenden Service- und Aftermarket-Service, der sich \u00fcber den gesamten Lebenszyklus Ihrer Anlage erstreckt.<\/p>\n\n\n\n<p>Unser Serviceteam steht Ihnen zur Verf\u00fcgung, um sicherzustellen, dass Ihre Anlage reibungslos und effizient l\u00e4uft. Deshalb k\u00f6nnen Sie unseren effizienten HelpDesk rund um die Uhr erreichen, um Probleme zu l\u00f6sen und Ausfallzeiten zu minimieren. F\u00fcr uns geht es darum, Vertrauen aufzubauen und echte Ergebnisse zu liefern, die einen Unterschied f\u00fcr Ihr Unternehmen und Ihre Zukunft machen.<\/p>\n\n\n\n<h2 class=\"wp-block-heading\">Malmberg Maintenance Concept<\/h2>\n\n\n\n<div class=\"wp-block-media-text alignwide is-stacked-on-mobile has-vit-background-color has-background\"><figure class=\"wp-block-media-text__media\"><img loading=\"lazy\" decoding=\"async\" width=\"675\" height=\"497\" src=\"https:\/\/www.malmberg.se\/de-new\/wp-content\/uploads\/sites\/2\/2022\/10\/S-S-MMC-2019-biogas_EN-675-pxl.jpg\" alt=\"\" class=\"wp-image-1422 size-full\" srcset=\"https:\/\/www.malmberg.se\/de\/wp-content\/uploads\/sites\/2\/2022\/10\/S-S-MMC-2019-biogas_EN-675-pxl.jpg 675w, https:\/\/www.malmberg.se\/de\/wp-content\/uploads\/sites\/2\/2022\/10\/S-S-MMC-2019-biogas_EN-675-pxl-300x221.jpg 300w\" sizes=\"auto, (max-width: 675px) 100vw, 675px\" \/><\/figure><div class=\"wp-block-media-text__content\">\n<p>Stellen Sie sicher, dass Ihre Biogasaufbereitung maximale Verf\u00fcgbarkeit hat. Ein Produktionsstopp kann kritisch sein, und jede Stunde Ausfallzeit bedeutet erhebliche Einnahmeverluste. Mit einem Malmberg Maintenance Concept-Vertrag sind Sie und Ihre Anlage immer in guten H\u00e4nden und werden mit h\u00f6chster Priorit\u00e4t behandelt.<\/p>\n<\/div><\/div>\n\n\n\n<div style=\"height:32px\" aria-hidden=\"true\" class=\"wp-block-spacer\"><\/div>\n\n\n\n<h3 class=\"wp-block-heading\">Erwerben Sie ein Malmberg Maintenance Concept<\/h3>\n\n\n\n<ul class=\"wp-block-list\">\n<li>Geplante Wartungsarbeiten<\/li>\n\n\n\n<li>24\/7 Support HelpDesk<\/li>\n\n\n\n<li>Ein Ansprechpartner<\/li>\n\n\n\n<li>Direkter Support bei mechanischen oder prozessbezogenen Problemen<\/li>\n\n\n\n<li>Online-\u00dcberwachung zur Probleml\u00f6sung<\/li>\n\n\n\n<li>Online-\u00dcberwachung<\/li>\n\n\n\n<li>Kritische Ersatzteile auf Lager<\/li>\n<\/ul>\n\n\n\n<div style=\"height:32px\" aria-hidden=\"true\" class=\"wp-block-spacer\"><\/div>\n\n\n\n<section id=\"content-beside-img-section-block_426919de0f6230fe3825a28888265e46\" class=\"content-beside-img-section max-width-wide max-width-extra-wide alignfull content_beside_img_section center-h paddingside\">\n    <div class=\"img_wrapper\">\n                   <img decoding=\"async\" src=\"https:\/\/www.malmberg.se\/de\/wp-content\/uploads\/sites\/2\/2024\/07\/1-SP1_0298-2-978x1024.jpg\" alt=\"\" class=\"center-h\">\n            <\/div>\n    <div class=\"content_ bg_white paddingall\">\n        <div class=\"inner\">\n           <h3>Inbetriebnahme<\/h3>\n<p>Unser Team aus Mechanikern, Elektrikern und Automatisierungstechnikern \u00fcbernimmt den Start unserer Anlagen. Dieselben Techniker, die die Inbetriebnahme durchf\u00fchren, sind auch f\u00fcr unseren Service und Support zust\u00e4ndig, was bedeutet, dass sie die Erfahrung und das Hintergrundwissen \u00fcber die spezifischen Eigenschaften der Anlagen haben.<\/p>\n        <\/div>\n    <\/div>\n        <style type=\"text\/css\">\n            #content-beside-img-section-block_426919de0f6230fe3825a28888265e46 {\n\n            }\n        <\/style>\n<\/section><!-- .content_beside_img_section -->\n\n\n<div style=\"height:32px\" aria-hidden=\"true\" class=\"wp-block-spacer\"><\/div>\n\n\n\n<section id=\"content-beside-img-section-block_0d810415da3d6000137a112b3ba177a1\" class=\"content-beside-img-section max-width-wide max-width-extra-wide alignfull content_beside_img_section center-h paddingside\">\n    <div class=\"img_wrapper\">\n                   <img decoding=\"async\" src=\"https:\/\/www.malmberg.se\/de\/wp-content\/uploads\/sites\/2\/2024\/07\/25-SP1_0506-1-1-1024x968.jpg\" alt=\"\" class=\"center-h\">\n            <\/div>\n    <div class=\"content_ bg_white paddingall\">\n        <div class=\"inner\">\n           <h3>Wartung<\/h3>\n<p>Alle Anlagen mit einem Malmberg Maintenance Concept-Vertrag (MMC) haben einen regelm\u00e4\u00dfigen Wartungsplan, der von unserem eigenen Team von Malmberg Service Technicians durchgef\u00fchrt wird.<\/p>\n        <\/div>\n    <\/div>\n        <style type=\"text\/css\">\n            #content-beside-img-section-block_0d810415da3d6000137a112b3ba177a1 {\n\n            }\n        <\/style>\n<\/section><!-- .content_beside_img_section -->\n\n\n<div style=\"height:32px\" aria-hidden=\"true\" class=\"wp-block-spacer\"><\/div>\n\n\n\n<section id=\"content-beside-img-section-block_dc54226135e3695210916e92a62715d4\" class=\"content-beside-img-section max-width-wide max-width-extra-wide alignfull content_beside_img_section center-h paddingside\">\n    <div class=\"img_wrapper\">\n                   <img decoding=\"async\" src=\"https:\/\/www.malmberg.se\/de\/wp-content\/uploads\/sites\/2\/2024\/07\/Klevland_malmberg_HHR24-9-1-1024x683.jpg\" alt=\"\" class=\"center-h\">\n            <\/div>\n    <div class=\"content_ bg_white paddingall\">\n        <div class=\"inner\">\n           <h3>HelpDesk<\/h3>\n<p>Unsere Anlagen verf\u00fcgen \u00fcber ein modernes und benutzerfreundliches Automationssystem, das es erm\u00f6glicht, den Prozess sowohl vor Ort als auch aus der Ferne zu \u00fcberwachen. Mit einem Malmberg Maintenance Concept-Vertrag (MMC) erh\u00e4lt der Anlagenbetreiber eine exklusive Helpdesk-Code, den er rund um die Uhr nutzen kann, um direkt von einem Servicetechniker aus der Ferne Unterst\u00fctzung zu erhalten.<\/p>\n<p><a class=\"read_more_btn\" href=\"https:\/\/www.malmberg.se\/de\/was-wir-tun\/energie\/service-och-support\/helpdesk\/\">Erfahren Sie mehr<\/a><\/p>\n        <\/div>\n    <\/div>\n        <style type=\"text\/css\">\n            #content-beside-img-section-block_dc54226135e3695210916e92a62715d4 {\n\n            }\n        <\/style>\n<\/section><!-- .content_beside_img_section -->\n\n\n<div style=\"height:32px\" aria-hidden=\"true\" class=\"wp-block-spacer\"><\/div>\n\n\n\n<section id=\"content-beside-img-section-block_3cea94c6cb94bccaf3fd7c05570440bc\" class=\"content-beside-img-section max-width-wide max-width-extra-wide alignfull content_beside_img_section center-h paddingside\">\n    <div class=\"img_wrapper\">\n                   <img decoding=\"async\" src=\"https:\/\/www.malmberg.se\/de\/wp-content\/uploads\/sites\/2\/2024\/07\/Malmbergs_2021_Bildleverans_29-4-1024x683.jpg\" alt=\"\" class=\"center-h\">\n            <\/div>\n    <div class=\"content_ bg_white paddingall\">\n        <div class=\"inner\">\n           <h3>Monitoring<\/h3>\n<p>Dank unseres Steuerungssystems Malmberg feniX\u2122, das in jeder Anlage installiert wird, k\u00f6nnen wir aus der Ferne die \u00dcberwachung durchf\u00fchren, Probleme im Betrieb identifizieren oder L\u00f6sungen finden sowie die Biomethanproduktion optimieren.<\/p>\n        <\/div>\n    <\/div>\n        <style type=\"text\/css\">\n            #content-beside-img-section-block_3cea94c6cb94bccaf3fd7c05570440bc {\n\n            }\n        <\/style>\n<\/section><!-- .content_beside_img_section -->\n\n\n<div style=\"height:32px\" aria-hidden=\"true\" class=\"wp-block-spacer\"><\/div>\n\n\n\n<section id=\"content-with-background-section-block_417515f4082a4bad6e338010ab0249d0\" class=\"content-with-background-section aligncenter content_with_background_section paddingside\">\n    <div class=\"max-width center-h paddingallx2\" style=\"background-color:#0056b8; color: #ffffff\">\n        <div class=\"max-width7 center-h\">\n            <h2>aCurve<\/h2>\n<p>Ein Optimierungswerkzeug, das in Anlagen verwendet wird, um deren Leistung zu \u00fcberwachen und einen \u00dcberblick \u00fcber deren Effizienz zu erhalten.<\/p>\n<p><a class=\"read_more_btn color_white\" href=\"https:\/\/www.malmberg.se\/acurve\/de\/\" target=\"_blank\" rel=\"noopener\">Erfahren sie mehr<\/a><\/p>\n        <\/div>\n    <\/div>\n<\/section><!-- .downlaods_block -->\n\n\n<section id=\"downloads-section-block_04b5471801d3e02d91299af8d47452ba\" class=\"downloads-section aligncenter downlaods_section\">\n    <div class=\"max-width10 center-h bg_white paddingall\">\n        <div class=\"content\">\n            <h4 class=\"uppercase letterspacing\">Downloads<\/h4>\n                    <\/div>\n        \n        <div class=\"files_\">\n                                     <a href=\"https:\/\/www.malmberg.se\/de\/wp-content\/uploads\/sites\/2\/2022\/10\/Service-support-german-web.pdf\" target=\"_blank\" class=\"bold uppercase letterspacingx2\">Performance Agreement<img decoding=\"async\" class=\"toggle_\" src=\"https:\/\/www.malmberg.se\/de\/wp-content\/themes\/malmberg\/images\/icons\/download-icon.svg\" alt=\"Download icon\"><\/a>\n                            <\/div>\n    <\/div>\n<\/section><!-- .downloads_block -->\n\n\n<style type=\"text\/css\">\n    #downloads-section-block_04b5471801d3e02d91299af8d47452ba .files_ a {\n        display: flex;\n        text-decoration: none;\n        justify-content: space-between;\n        align-items: center;\n        font-size: .8rem;\n        transition: all 300ms ease;\n    }\n    #downloads-section-block_04b5471801d3e02d91299af8d47452ba .files_ a:hover {\n        color: #0056b8;\n    }\n    #downloads-section-block_04b5471801d3e02d91299af8d47452ba .files_ a:hover img {\n        background-color: #f4b221;\n    }\n    #downloads-section-block_04b5471801d3e02d91299af8d47452ba .files_ a:after {\n        content: \"\";\n        display: none;\n    }\n    #downloads-section-block_04b5471801d3e02d91299af8d47452ba .files_ a:not(:last-child) {\n        margin-bottom: 20px;\n    }\n    #downloads-section-block_04b5471801d3e02d91299af8d47452ba .files_ a img {\n        display: inline-block;\n        width: 38px;\n        height: 38px;\n        padding: 8px;\n        background-color: #F7F7F7;\n        transition: all 300ms ease;\n    }\n     \/* Tablet *\/\n    @media screen and (min-width: 30em) {\n\n    }\n     \/* Desktop *\/\n    @media screen and (min-width: 60em) {\n        #downloads-section-block_04b5471801d3e02d91299af8d47452ba > div {\n            display: flex;\n            justify-content: space-evenly;\n            align-items: center;\n            \/\/padding: 48px 64px;\n        }\n        #downloads-section-block_04b5471801d3e02d91299af8d47452ba > div div {\n            flex: 1;\n        }\n        #downloads-section-block_04b5471801d3e02d91299af8d47452ba > div {\n            padding: 48px 64px;\n        }\n        #downloads-section-block_04b5471801d3e02d91299af8d47452ba .content {\n            margin-right: 32px;\n            border-right: 2px solid #f4b221;\n        }\n        #downloads-section-block_04b5471801d3e02d91299af8d47452ba .files_ {\n            margin-left: 32px;\n        }\n    }\n<\/style>","protected":false},"excerpt":{"rendered":"<p>Wenn Sie in eine Anlage von Malmberg investieren, bedeutet das ein langfristiges Engagement f\u00fcr Ihr Unternehmen. Deshalb bieten wir einen umfassenden Service- und Aftermarket-Service, der sich \u00fcber den gesamten Lebenszyklus Ihrer Anlage erstreckt. Unser Serviceteam steht Ihnen zur Verf\u00fcgung, um sicherzustellen, dass Ihre Anlage reibungslos und effizient l\u00e4uft. Deshalb k\u00f6nnen Sie unseren effizienten HelpDesk rund [&hellip;]<\/p>\n","protected":false},"author":1,"featured_media":2504,"parent":8,"menu_order":30,"comment_status":"closed","ping_status":"closed","template":"","meta":{"_acf_changed":false,"footnotes":""},"class_list":["post-512","page","type-page","status-publish","has-post-thumbnail","hentry"],"acf":[],"yoast_head":"<!-- This site is optimized with the Yoast SEO plugin v27.3 - https:\/\/yoast.com\/product\/yoast-seo-wordpress\/ -->\n<title>Service und support - Malmberg DE<\/title>\n<meta name=\"robots\" content=\"index, follow, max-snippet:-1, max-image-preview:large, max-video-preview:-1\" \/>\n<link rel=\"canonical\" href=\"https:\/\/www.malmberg.se\/de\/was-wir-tun\/service-und-support\/\" \/>\n<meta property=\"og:locale\" content=\"de_DE\" \/>\n<meta property=\"og:type\" content=\"article\" \/>\n<meta property=\"og:title\" content=\"Service und support - Malmberg DE\" \/>\n<meta property=\"og:description\" content=\"Wenn Sie in eine Anlage von Malmberg investieren, bedeutet das ein langfristiges Engagement f\u00fcr Ihr Unternehmen. Deshalb bieten wir einen umfassenden Service- und Aftermarket-Service, der sich \u00fcber den gesamten Lebenszyklus Ihrer Anlage erstreckt. Unser Serviceteam steht Ihnen zur Verf\u00fcgung, um sicherzustellen, dass Ihre Anlage reibungslos und effizient l\u00e4uft. Deshalb k\u00f6nnen Sie unseren effizienten HelpDesk rund [&hellip;]\" \/>\n<meta property=\"og:url\" content=\"https:\/\/www.malmberg.se\/de\/was-wir-tun\/service-und-support\/\" \/>\n<meta property=\"og:site_name\" content=\"Malmberg DE\" \/>\n<meta property=\"article:modified_time\" content=\"2026-04-02T10:52:42+00:00\" \/>\n<meta name=\"twitter:card\" content=\"summary_large_image\" \/>\n<meta name=\"twitter:label1\" content=\"Gesch\u00e4tzte Lesezeit\" \/>\n\t<meta name=\"twitter:data1\" content=\"1\u00a0Minute\" \/>\n<script type=\"application\/ld+json\" class=\"yoast-schema-graph\">{\"@context\":\"https:\\\/\\\/schema.org\",\"@graph\":[{\"@type\":\"WebPage\",\"@id\":\"https:\\\/\\\/www.malmberg.se\\\/de\\\/was-wir-tun\\\/service-und-support\\\/\",\"url\":\"https:\\\/\\\/www.malmberg.se\\\/de\\\/was-wir-tun\\\/service-und-support\\\/\",\"name\":\"Service und support - Malmberg DE\",\"isPartOf\":{\"@id\":\"https:\\\/\\\/www.malmberg.se\\\/de\\\/#website\"},\"primaryImageOfPage\":{\"@id\":\"https:\\\/\\\/www.malmberg.se\\\/de\\\/was-wir-tun\\\/service-und-support\\\/#primaryimage\"},\"image\":{\"@id\":\"https:\\\/\\\/www.malmberg.se\\\/de\\\/was-wir-tun\\\/service-und-support\\\/#primaryimage\"},\"thumbnailUrl\":\"https:\\\/\\\/www.malmberg.se\\\/de\\\/wp-content\\\/uploads\\\/sites\\\/2\\\/2024\\\/06\\\/Malmberg_alvesta-24-1-1.jpg\",\"datePublished\":\"2022-09-06T08:00:57+00:00\",\"dateModified\":\"2026-04-02T10:52:42+00:00\",\"breadcrumb\":{\"@id\":\"https:\\\/\\\/www.malmberg.se\\\/de\\\/was-wir-tun\\\/service-und-support\\\/#breadcrumb\"},\"inLanguage\":\"de\",\"potentialAction\":[{\"@type\":\"ReadAction\",\"target\":[\"https:\\\/\\\/www.malmberg.se\\\/de\\\/was-wir-tun\\\/service-und-support\\\/\"]}]},{\"@type\":\"ImageObject\",\"inLanguage\":\"de\",\"@id\":\"https:\\\/\\\/www.malmberg.se\\\/de\\\/was-wir-tun\\\/service-und-support\\\/#primaryimage\",\"url\":\"https:\\\/\\\/www.malmberg.se\\\/de\\\/wp-content\\\/uploads\\\/sites\\\/2\\\/2024\\\/06\\\/Malmberg_alvesta-24-1-1.jpg\",\"contentUrl\":\"https:\\\/\\\/www.malmberg.se\\\/de\\\/wp-content\\\/uploads\\\/sites\\\/2\\\/2024\\\/06\\\/Malmberg_alvesta-24-1-1.jpg\"},{\"@type\":\"BreadcrumbList\",\"@id\":\"https:\\\/\\\/www.malmberg.se\\\/de\\\/was-wir-tun\\\/service-und-support\\\/#breadcrumb\",\"itemListElement\":[{\"@type\":\"ListItem\",\"position\":1,\"name\":\"Hem\",\"item\":\"https:\\\/\\\/www.malmberg.se\\\/de\\\/\"},{\"@type\":\"ListItem\",\"position\":2,\"name\":\"Was wir tun\",\"item\":\"https:\\\/\\\/www.malmberg.se\\\/de\\\/was-wir-tun\\\/\"},{\"@type\":\"ListItem\",\"position\":3,\"name\":\"Service und support\"}]},{\"@type\":\"WebSite\",\"@id\":\"https:\\\/\\\/www.malmberg.se\\\/de\\\/#website\",\"url\":\"https:\\\/\\\/www.malmberg.se\\\/de\\\/\",\"name\":\"Malmberg DE\",\"description\":\"\",\"potentialAction\":[{\"@type\":\"SearchAction\",\"target\":{\"@type\":\"EntryPoint\",\"urlTemplate\":\"https:\\\/\\\/www.malmberg.se\\\/de\\\/?s={search_term_string}\"},\"query-input\":{\"@type\":\"PropertyValueSpecification\",\"valueRequired\":true,\"valueName\":\"search_term_string\"}}],\"inLanguage\":\"de\"}]}<\/script>\n<!-- \/ Yoast SEO plugin. -->","yoast_head_json":{"title":"Service und support - Malmberg DE","robots":{"index":"index","follow":"follow","max-snippet":"max-snippet:-1","max-image-preview":"max-image-preview:large","max-video-preview":"max-video-preview:-1"},"canonical":"https:\/\/www.malmberg.se\/de\/was-wir-tun\/service-und-support\/","og_locale":"de_DE","og_type":"article","og_title":"Service und support - Malmberg DE","og_description":"Wenn Sie in eine Anlage von Malmberg investieren, bedeutet das ein langfristiges Engagement f\u00fcr Ihr Unternehmen. Deshalb bieten wir einen umfassenden Service- und Aftermarket-Service, der sich \u00fcber den gesamten Lebenszyklus Ihrer Anlage erstreckt. Unser Serviceteam steht Ihnen zur Verf\u00fcgung, um sicherzustellen, dass Ihre Anlage reibungslos und effizient l\u00e4uft. Deshalb k\u00f6nnen Sie unseren effizienten HelpDesk rund [&hellip;]","og_url":"https:\/\/www.malmberg.se\/de\/was-wir-tun\/service-und-support\/","og_site_name":"Malmberg DE","article_modified_time":"2026-04-02T10:52:42+00:00","twitter_card":"summary_large_image","twitter_misc":{"Gesch\u00e4tzte Lesezeit":"1\u00a0Minute"},"schema":{"@context":"https:\/\/schema.org","@graph":[{"@type":"WebPage","@id":"https:\/\/www.malmberg.se\/de\/was-wir-tun\/service-und-support\/","url":"https:\/\/www.malmberg.se\/de\/was-wir-tun\/service-und-support\/","name":"Service und support - Malmberg DE","isPartOf":{"@id":"https:\/\/www.malmberg.se\/de\/#website"},"primaryImageOfPage":{"@id":"https:\/\/www.malmberg.se\/de\/was-wir-tun\/service-und-support\/#primaryimage"},"image":{"@id":"https:\/\/www.malmberg.se\/de\/was-wir-tun\/service-und-support\/#primaryimage"},"thumbnailUrl":"https:\/\/www.malmberg.se\/de\/wp-content\/uploads\/sites\/2\/2024\/06\/Malmberg_alvesta-24-1-1.jpg","datePublished":"2022-09-06T08:00:57+00:00","dateModified":"2026-04-02T10:52:42+00:00","breadcrumb":{"@id":"https:\/\/www.malmberg.se\/de\/was-wir-tun\/service-und-support\/#breadcrumb"},"inLanguage":"de","potentialAction":[{"@type":"ReadAction","target":["https:\/\/www.malmberg.se\/de\/was-wir-tun\/service-und-support\/"]}]},{"@type":"ImageObject","inLanguage":"de","@id":"https:\/\/www.malmberg.se\/de\/was-wir-tun\/service-und-support\/#primaryimage","url":"https:\/\/www.malmberg.se\/de\/wp-content\/uploads\/sites\/2\/2024\/06\/Malmberg_alvesta-24-1-1.jpg","contentUrl":"https:\/\/www.malmberg.se\/de\/wp-content\/uploads\/sites\/2\/2024\/06\/Malmberg_alvesta-24-1-1.jpg"},{"@type":"BreadcrumbList","@id":"https:\/\/www.malmberg.se\/de\/was-wir-tun\/service-und-support\/#breadcrumb","itemListElement":[{"@type":"ListItem","position":1,"name":"Hem","item":"https:\/\/www.malmberg.se\/de\/"},{"@type":"ListItem","position":2,"name":"Was wir tun","item":"https:\/\/www.malmberg.se\/de\/was-wir-tun\/"},{"@type":"ListItem","position":3,"name":"Service und support"}]},{"@type":"WebSite","@id":"https:\/\/www.malmberg.se\/de\/#website","url":"https:\/\/www.malmberg.se\/de\/","name":"Malmberg DE","description":"","potentialAction":[{"@type":"SearchAction","target":{"@type":"EntryPoint","urlTemplate":"https:\/\/www.malmberg.se\/de\/?s={search_term_string}"},"query-input":{"@type":"PropertyValueSpecification","valueRequired":true,"valueName":"search_term_string"}}],"inLanguage":"de"}]}},"_links":{"self":[{"href":"https:\/\/www.malmberg.se\/de\/wp-json\/wp\/v2\/pages\/512","targetHints":{"allow":["GET"]}}],"collection":[{"href":"https:\/\/www.malmberg.se\/de\/wp-json\/wp\/v2\/pages"}],"about":[{"href":"https:\/\/www.malmberg.se\/de\/wp-json\/wp\/v2\/types\/page"}],"author":[{"embeddable":true,"href":"https:\/\/www.malmberg.se\/de\/wp-json\/wp\/v2\/users\/1"}],"replies":[{"embeddable":true,"href":"https:\/\/www.malmberg.se\/de\/wp-json\/wp\/v2\/comments?post=512"}],"version-history":[{"count":33,"href":"https:\/\/www.malmberg.se\/de\/wp-json\/wp\/v2\/pages\/512\/revisions"}],"predecessor-version":[{"id":1854,"href":"https:\/\/www.malmberg.se\/de\/wp-json\/wp\/v2\/pages\/512\/revisions\/1854"}],"up":[{"embeddable":true,"href":"https:\/\/www.malmberg.se\/de\/wp-json\/wp\/v2\/pages\/8"}],"wp:featuredmedia":[{"embeddable":true,"href":"https:\/\/www.malmberg.se\/de\/wp-json\/"}],"wp:attachment":[{"href":"https:\/\/www.malmberg.se\/de\/wp-json\/wp\/v2\/media?parent=512"}],"curies":[{"name":"wp","href":"https:\/\/api.w.org\/{rel}","templated":true}]}}