{"id":24,"date":"2022-08-23T11:34:12","date_gmt":"2022-08-23T09:34:12","guid":{"rendered":"https:\/\/www.malmberg.se\/en\/?page_id=24"},"modified":"2022-10-19T13:05:53","modified_gmt":"2022-10-19T11:05:53","slug":"history","status":"publish","type":"page","link":"https:\/\/www.malmberg.se\/en\/about-us\/history\/","title":{"rendered":"History"},"content":{"rendered":"\n<p class=\"has-medium-font-size\"><strong>Malmberg\u2019s long history started on 7 April 1866 in the village of Yngsj\u00f6, on the southeast coast of Sweden, when the master blacksmith J\u00f6ns Mattisson-Malmberg founded the company. Since his interest was focused principally on water, he spent much of his time developing new drilling techniques. Malmberg\u2019s first wells were drilled as far back as the 1880s and, ever since then, our core operations have revolved around water.<\/strong><\/p>\n\n\n\n<figure class=\"wp-block-embed is-type-video is-provider-vimeo wp-block-embed-vimeo wp-embed-aspect-16-9 wp-has-aspect-ratio\"><div class=\"wp-block-embed__wrapper\">\n<iframe loading=\"lazy\" title=\"Malmberg - 150 years of clean technology\" data-cookieconsent=\"statistics, marketing\" data-src=\"https:\/\/player.vimeo.com\/video\/161627622?h=c0ab73eb41&amp;dnt=1&amp;app_id=122963\" width=\"1024\" height=\"576\" frameborder=\"0\" allow=\"autoplay; fullscreen; picture-in-picture\" allowfullscreen><\/iframe><div class=\"cookieconsent-optout-statistics cookieconsent-optout-marketing\">Please accept <a href=\"javascript:Cookiebot.renew()\">statistics, marketing<\/a> cookies to watch this video.<\/div>\n<\/div><\/figure>\n\n\n\n<section id=\"history-section-block_f8a0a9b476712748d9b9331195e004d5\" class=\"history-section alignwide bg_a max-width-wide center-h borderside relative\" style=\"background-image: url(https:\/\/www.malmberg.se\/en\/wp-content\/themes\/malmberg\/images\/icons\/1866.svg)\">\n    <div class=\"logo_ paddingall bg_white box-shadow\">\n        <img decoding=\"async\" src=\"https:\/\/www.malmberg.se\/en\/wp-content\/themes\/malmberg\/images\/logo\/malmberg-m-logo.svg\" alt=\"Malmberg logo\">\n    <\/div>\n    <div class=\"wrapper color_white\">\n                <div class=\"content_\">\n                            <p class=\"small_subheading\">Since 1866<\/p>\n                        <h2>Pioneers of water treatment, drilling, shallow geothermal energy, and biogas<\/h2>\n<p>Malmberg&#8217;s story begins when 23-year-old Smith J\u00f6ns Malmberg 1866 buy a forge in Yngsj\u00f6 and registers a company under its name. J\u00f6ns is on an ingenious solution to filter wells and keep pollution away, while he develops an equally ingenious method to quickly and easily dig down to the fresh groundwater in clean gravel.<\/p>\n<p>After a few years, forge got water technology as a new line of business, and it&#8217;s the way it should remain even when future generations take over and develop the family business.<\/p>\n                    <\/div>\n    <\/div>\n<\/section>\n\n\n<style type=\"text\/css\">\n    #history-section-block_f8a0a9b476712748d9b9331195e004d5 {\n        background-position: bottom right;\n        background-size: 50%;\n        background-repeat: no-repeat;\n        display: flex;\n        justify-content: center;\n        align-items: center;\n        padding: 96px 32px;\n    }\n    #history-section-block_f8a0a9b476712748d9b9331195e004d5 .logo_ {\n        position: absolute;\n        top: 0;\n        right: 0;\n    }\n    #history-section-block_f8a0a9b476712748d9b9331195e004d5 .logo_ img {\n        display: block;\n        width: 50px;\n    }\n    #history-section-block_f8a0a9b476712748d9b9331195e004d5 .extra_large_heading_size {\n        margin: 0;\n    }\n\n     \/* Desktop *\/\n    @media screen and (min-width: 60em) {\n        #history-section-block_f8a0a9b476712748d9b9331195e004d5 {\n            padding: 128px 32px;\n        }\n        #history-section-block_f8a0a9b476712748d9b9331195e004d5 {\n            background-size: 35%;\n        }\n        #history-section-block_f8a0a9b476712748d9b9331195e004d5 .wrapper {\n            display: flex;\n        }\n        #history-section-block_f8a0a9b476712748d9b9331195e004d5 .wrapper .title_ {\n            flex: 0 1 450px;\n            padding-right: 32px;\n        }\n        #history-section-block_f8a0a9b476712748d9b9331195e004d5 .wrapper .content_ {\n            flex: 1;\n        }\n    }\n     \/* Large Desktop *\/\n    @media screen and (min-width: 75em) {\n        #history-section-block_f8a0a9b476712748d9b9331195e004d5 {\n            \/\/padding: 96px 128px;\n            padding:  128px 128px 144px;\n        }\n    }\n<\/style>\n\n\n<div style=\"height:32px\" aria-hidden=\"true\" class=\"wp-block-spacer\"><\/div>\n\n\n\n<p>As the modern welfare state during the 1900s expanded in Sweden, there is an increasing need for a supply of running fresh water to more households. &nbsp;In the &#8217;30s and 40&#8217;s the first wastewater treatment plants are built and then the post-war record years follow with the ever-increasing demand for greater well drilling projects and water utilities for municipalities and companies.<\/p>\n\n\n\n<p>At the same time, the company develops in line with the times. Malmberg&#8217;s experience in wastewater treatment provides expertise in the recovery of biogas as a renewable energy source. Well, drilling leads to the construction of Sweden&#8217;s first groundwater heating system, which in turn resulted in a focus on geothermal energy.<\/p>\n\n\n\n<p>155&nbsp;years after J\u00f6ns Malmberg with his own hands created the innovative filter well is the family name synonymous with innovation, environment, energy, and creativity &#8211; all with water as the common denominator.<\/p>\n","protected":false},"excerpt":{"rendered":"<p>Malmberg\u2019s long history started on 7 April 1866 in the village of Yngsj\u00f6, on the southeast coast of Sweden, when the master blacksmith J\u00f6ns Mattisson-Malmberg founded the company. Since his interest was focused principally on water, he spent much of his time developing new drilling techniques. Malmberg\u2019s first wells were drilled as far back as [&hellip;]<\/p>\n","protected":false},"author":1,"featured_media":536,"parent":10,"menu_order":30,"comment_status":"closed","ping_status":"closed","template":"","meta":{"_acf_changed":false,"footnotes":""},"class_list":["post-24","page","type-page","status-publish","has-post-thumbnail","hentry"],"acf":[],"yoast_head":"<!-- This site is optimized with the Yoast SEO plugin v27.3 - https:\/\/yoast.com\/product\/yoast-seo-wordpress\/ -->\n<title>History - Malmberg EN<\/title>\n<meta name=\"robots\" content=\"index, follow, max-snippet:-1, max-image-preview:large, max-video-preview:-1\" \/>\n<link rel=\"canonical\" href=\"https:\/\/www.malmberg.se\/en\/about-us\/history\/\" \/>\n<meta property=\"og:locale\" content=\"en_US\" \/>\n<meta property=\"og:type\" content=\"article\" \/>\n<meta property=\"og:title\" content=\"History - Malmberg EN\" \/>\n<meta property=\"og:description\" content=\"Malmberg\u2019s long history started on 7 April 1866 in the village of Yngsj\u00f6, on the southeast coast of Sweden, when the master blacksmith J\u00f6ns Mattisson-Malmberg founded the company. Since his interest was focused principally on water, he spent much of his time developing new drilling techniques. Malmberg\u2019s first wells were drilled as far back as [&hellip;]\" \/>\n<meta property=\"og:url\" content=\"https:\/\/www.malmberg.se\/en\/about-us\/history\/\" \/>\n<meta property=\"og:site_name\" content=\"Malmberg EN\" \/>\n<meta property=\"article:modified_time\" content=\"2022-10-19T11:05:53+00:00\" \/>\n<meta property=\"og:image\" content=\"https:\/\/www.malmberg.se\/en\/wp-content\/uploads\/sites\/2\/2022\/09\/malmbergs_2021_bildleverans_46-komp.jpg\" \/>\n\t<meta property=\"og:image:width\" content=\"1920\" \/>\n\t<meta property=\"og:image:height\" content=\"1280\" \/>\n\t<meta property=\"og:image:type\" content=\"image\/jpeg\" \/>\n<meta name=\"twitter:card\" content=\"summary_large_image\" \/>\n<meta name=\"twitter:label1\" content=\"Est. reading time\" \/>\n\t<meta name=\"twitter:data1\" content=\"1 minute\" \/>\n<script type=\"application\/ld+json\" class=\"yoast-schema-graph\">{\"@context\":\"https:\\\/\\\/schema.org\",\"@graph\":[{\"@type\":\"WebPage\",\"@id\":\"https:\\\/\\\/www.malmberg.se\\\/en\\\/about-us\\\/history\\\/\",\"url\":\"https:\\\/\\\/www.malmberg.se\\\/en\\\/about-us\\\/history\\\/\",\"name\":\"History - Malmberg EN\",\"isPartOf\":{\"@id\":\"https:\\\/\\\/www.malmberg.se\\\/en\\\/#website\"},\"primaryImageOfPage\":{\"@id\":\"https:\\\/\\\/www.malmberg.se\\\/en\\\/about-us\\\/history\\\/#primaryimage\"},\"image\":{\"@id\":\"https:\\\/\\\/www.malmberg.se\\\/en\\\/about-us\\\/history\\\/#primaryimage\"},\"thumbnailUrl\":\"https:\\\/\\\/www.malmberg.se\\\/en\\\/wp-content\\\/uploads\\\/sites\\\/2\\\/2022\\\/09\\\/malmbergs_2021_bildleverans_46-komp.jpg\",\"datePublished\":\"2022-08-23T09:34:12+00:00\",\"dateModified\":\"2022-10-19T11:05:53+00:00\",\"breadcrumb\":{\"@id\":\"https:\\\/\\\/www.malmberg.se\\\/en\\\/about-us\\\/history\\\/#breadcrumb\"},\"inLanguage\":\"en-US\",\"potentialAction\":[{\"@type\":\"ReadAction\",\"target\":[\"https:\\\/\\\/www.malmberg.se\\\/en\\\/about-us\\\/history\\\/\"]}]},{\"@type\":\"ImageObject\",\"inLanguage\":\"en-US\",\"@id\":\"https:\\\/\\\/www.malmberg.se\\\/en\\\/about-us\\\/history\\\/#primaryimage\",\"url\":\"https:\\\/\\\/www.malmberg.se\\\/en\\\/wp-content\\\/uploads\\\/sites\\\/2\\\/2022\\\/09\\\/malmbergs_2021_bildleverans_46-komp.jpg\",\"contentUrl\":\"https:\\\/\\\/www.malmberg.se\\\/en\\\/wp-content\\\/uploads\\\/sites\\\/2\\\/2022\\\/09\\\/malmbergs_2021_bildleverans_46-komp.jpg\",\"width\":1920,\"height\":1280},{\"@type\":\"BreadcrumbList\",\"@id\":\"https:\\\/\\\/www.malmberg.se\\\/en\\\/about-us\\\/history\\\/#breadcrumb\",\"itemListElement\":[{\"@type\":\"ListItem\",\"position\":1,\"name\":\"Hem\",\"item\":\"https:\\\/\\\/www.malmberg.se\\\/en\\\/\"},{\"@type\":\"ListItem\",\"position\":2,\"name\":\"About us\",\"item\":\"https:\\\/\\\/www.malmberg.se\\\/en\\\/about-us\\\/\"},{\"@type\":\"ListItem\",\"position\":3,\"name\":\"History\"}]},{\"@type\":\"WebSite\",\"@id\":\"https:\\\/\\\/www.malmberg.se\\\/en\\\/#website\",\"url\":\"https:\\\/\\\/www.malmberg.se\\\/en\\\/\",\"name\":\"Malmberg EN\",\"description\":\"Milj\u00f6teknikf\u00f6retag inom vatten, energi och borrning\",\"potentialAction\":[{\"@type\":\"SearchAction\",\"target\":{\"@type\":\"EntryPoint\",\"urlTemplate\":\"https:\\\/\\\/www.malmberg.se\\\/en\\\/?s={search_term_string}\"},\"query-input\":{\"@type\":\"PropertyValueSpecification\",\"valueRequired\":true,\"valueName\":\"search_term_string\"}}],\"inLanguage\":\"en-US\"}]}<\/script>\n<!-- \/ Yoast SEO plugin. -->","yoast_head_json":{"title":"History - Malmberg EN","robots":{"index":"index","follow":"follow","max-snippet":"max-snippet:-1","max-image-preview":"max-image-preview:large","max-video-preview":"max-video-preview:-1"},"canonical":"https:\/\/www.malmberg.se\/en\/about-us\/history\/","og_locale":"en_US","og_type":"article","og_title":"History - Malmberg EN","og_description":"Malmberg\u2019s long history started on 7 April 1866 in the village of Yngsj\u00f6, on the southeast coast of Sweden, when the master blacksmith J\u00f6ns Mattisson-Malmberg founded the company. Since his interest was focused principally on water, he spent much of his time developing new drilling techniques. Malmberg\u2019s first wells were drilled as far back as [&hellip;]","og_url":"https:\/\/www.malmberg.se\/en\/about-us\/history\/","og_site_name":"Malmberg EN","article_modified_time":"2022-10-19T11:05:53+00:00","og_image":[{"width":1920,"height":1280,"url":"https:\/\/www.malmberg.se\/en\/wp-content\/uploads\/sites\/2\/2022\/09\/malmbergs_2021_bildleverans_46-komp.jpg","type":"image\/jpeg"}],"twitter_card":"summary_large_image","twitter_misc":{"Est. reading time":"1 minute"},"schema":{"@context":"https:\/\/schema.org","@graph":[{"@type":"WebPage","@id":"https:\/\/www.malmberg.se\/en\/about-us\/history\/","url":"https:\/\/www.malmberg.se\/en\/about-us\/history\/","name":"History - Malmberg EN","isPartOf":{"@id":"https:\/\/www.malmberg.se\/en\/#website"},"primaryImageOfPage":{"@id":"https:\/\/www.malmberg.se\/en\/about-us\/history\/#primaryimage"},"image":{"@id":"https:\/\/www.malmberg.se\/en\/about-us\/history\/#primaryimage"},"thumbnailUrl":"https:\/\/www.malmberg.se\/en\/wp-content\/uploads\/sites\/2\/2022\/09\/malmbergs_2021_bildleverans_46-komp.jpg","datePublished":"2022-08-23T09:34:12+00:00","dateModified":"2022-10-19T11:05:53+00:00","breadcrumb":{"@id":"https:\/\/www.malmberg.se\/en\/about-us\/history\/#breadcrumb"},"inLanguage":"en-US","potentialAction":[{"@type":"ReadAction","target":["https:\/\/www.malmberg.se\/en\/about-us\/history\/"]}]},{"@type":"ImageObject","inLanguage":"en-US","@id":"https:\/\/www.malmberg.se\/en\/about-us\/history\/#primaryimage","url":"https:\/\/www.malmberg.se\/en\/wp-content\/uploads\/sites\/2\/2022\/09\/malmbergs_2021_bildleverans_46-komp.jpg","contentUrl":"https:\/\/www.malmberg.se\/en\/wp-content\/uploads\/sites\/2\/2022\/09\/malmbergs_2021_bildleverans_46-komp.jpg","width":1920,"height":1280},{"@type":"BreadcrumbList","@id":"https:\/\/www.malmberg.se\/en\/about-us\/history\/#breadcrumb","itemListElement":[{"@type":"ListItem","position":1,"name":"Hem","item":"https:\/\/www.malmberg.se\/en\/"},{"@type":"ListItem","position":2,"name":"About us","item":"https:\/\/www.malmberg.se\/en\/about-us\/"},{"@type":"ListItem","position":3,"name":"History"}]},{"@type":"WebSite","@id":"https:\/\/www.malmberg.se\/en\/#website","url":"https:\/\/www.malmberg.se\/en\/","name":"Malmberg EN","description":"Milj\u00f6teknikf\u00f6retag inom vatten, energi och borrning","potentialAction":[{"@type":"SearchAction","target":{"@type":"EntryPoint","urlTemplate":"https:\/\/www.malmberg.se\/en\/?s={search_term_string}"},"query-input":{"@type":"PropertyValueSpecification","valueRequired":true,"valueName":"search_term_string"}}],"inLanguage":"en-US"}]}},"_links":{"self":[{"href":"https:\/\/www.malmberg.se\/en\/wp-json\/wp\/v2\/pages\/24","targetHints":{"allow":["GET"]}}],"collection":[{"href":"https:\/\/www.malmberg.se\/en\/wp-json\/wp\/v2\/pages"}],"about":[{"href":"https:\/\/www.malmberg.se\/en\/wp-json\/wp\/v2\/types\/page"}],"author":[{"embeddable":true,"href":"https:\/\/www.malmberg.se\/en\/wp-json\/wp\/v2\/users\/1"}],"replies":[{"embeddable":true,"href":"https:\/\/www.malmberg.se\/en\/wp-json\/wp\/v2\/comments?post=24"}],"version-history":[{"count":24,"href":"https:\/\/www.malmberg.se\/en\/wp-json\/wp\/v2\/pages\/24\/revisions"}],"predecessor-version":[{"id":1643,"href":"https:\/\/www.malmberg.se\/en\/wp-json\/wp\/v2\/pages\/24\/revisions\/1643"}],"up":[{"embeddable":true,"href":"https:\/\/www.malmberg.se\/en\/wp-json\/wp\/v2\/pages\/10"}],"wp:featuredmedia":[{"embeddable":true,"href":"https:\/\/www.malmberg.se\/en\/wp-json\/wp\/v2\/media\/536"}],"wp:attachment":[{"href":"https:\/\/www.malmberg.se\/en\/wp-json\/wp\/v2\/media?parent=24"}],"curies":[{"name":"wp","href":"https:\/\/api.w.org\/{rel}","templated":true}]}}